{"id":7999,"date":"2021-03-23T07:55:19","date_gmt":"2021-03-23T07:55:19","guid":{"rendered":"https:\/\/www.chiwava.com\/?post_type=product&#038;p=7999"},"modified":"2025-09-26T08:42:03","modified_gmt":"2025-09-26T08:42:03","slug":"ctb12002-24-pezzi","status":"publish","type":"product","link":"https:\/\/www.chiwava.com\/it\/prodotto\/ctb12002-24-pezzi\/","title":{"rendered":"Chiwava Catnip Furry Cat Toys Ball"},"content":{"rendered":"<p>Chiwava Furry Pom Poms Balls con pelliccia sintetica, morbida al tatto e realizzata appositamente per l&#039;attivit\u00e0, il gioco interattivo e silenzioso. Il tuo gatto pu\u00f2 facilmente rotolare e inseguire la palla di notte senza fare alcun rumore e non ti terr\u00e0 sveglio tutta la notte. Le palline sono leggere, i gatti trasporteranno delicatamente la palla in bocca, cacciando e inseguendo, possono rimbalzare e lanciare in aria quando vengono picchiati o calciati. Stimola il naturale istinto giocoso del tuo gatto, offre ore di intrattenimento ed elimina la noia.<\/p>","protected":false},"excerpt":{"rendered":"<p><a href=\"https:\/\/www.chiwava.com\/it\/negozio-di-marca\/\"><img loading=\"lazy\" decoding=\"async\" class=\"alignnone size-medium wp-image-94\" src=\"https:\/\/www.chiwava.com\/wp-content\/uploads\/2019\/06\/Amazon-300x73.png\" alt=\"\" width=\"300\" height=\"73\" srcset=\"https:\/\/www.chiwava.com\/wp-content\/uploads\/2019\/06\/Amazon-300x73.png 300w, https:\/\/www.chiwava.com\/wp-content\/uploads\/2019\/06\/Amazon.png 364w\" sizes=\"auto, (max-width: 300px) 100vw, 300px\" \/>\u00a0\u00a0<\/a><br \/>\nChiwava 24PCS 1.8\u2033 Catnip Furry Cat Toys Ball Soft Pom Pom balls Kitten Chase Quiet Play Colore assortito<\/p>\n<p>\u2764 Realizzato con imbottitura in cotone imbottito all&#039;interno, morbido peluche peloso all&#039;esterno.<br \/>\n\u2764 Leggero, facile da inseguire trasportare o lanciare in aria.<br \/>\n\u2764 Design Catnips, che fa appello agli istinti naturali del tuo gatto e all&#039;eccitazione extra.<br \/>\n\u2764 Le palline PomPom sono di dimensioni perfette per battere e trasportare. Ideale per esercizi e giochi di allenamento.<br \/>\n\u2764 Pacchetto: 24 pacchi\/scatola, ideale per famiglie interattive per interni e giocattoli per attivit\u00e0. \u2026 <span class=\"more-button\"><a href=\"https:\/\/www.chiwava.com\/it\/prodotto\/ctb12002-24-pezzi\/\" class=\"more-link\">Continua<span class=\"screen-reader-text\">Chiwava Catnip Furry Cat Toys Ball<\/span><\/a><\/span><\/p>","protected":false},"featured_media":28709,"template":"","meta":[],"product_brand":[],"product_cat":[17,15],"product_tag":[168,35,139,167],"class_list":{"0":"post-7999","1":"product","2":"type-product","3":"status-publish","4":"has-post-thumbnail","6":"product_cat-cat_toys","7":"product_cat-pet_toys","8":"product_tag-cat-toy-set","9":"product_tag-catnip-cat-toys","10":"product_tag-interactive-cat-toy","11":"product_tag-soft-cat-toy-ball","13":"first","14":"instock","15":"shipping-taxable","16":"product-type-simple"},"_links":{"self":[{"href":"https:\/\/www.chiwava.com\/it\/wp-json\/wp\/v2\/product\/7999","targetHints":{"allow":["GET"]}}],"collection":[{"href":"https:\/\/www.chiwava.com\/it\/wp-json\/wp\/v2\/product"}],"about":[{"href":"https:\/\/www.chiwava.com\/it\/wp-json\/wp\/v2\/types\/product"}],"wp:featuredmedia":[{"embeddable":true,"href":"https:\/\/www.chiwava.com\/it\/wp-json\/wp\/v2\/media\/28709"}],"wp:attachment":[{"href":"https:\/\/www.chiwava.com\/it\/wp-json\/wp\/v2\/media?parent=7999"}],"wp:term":[{"taxonomy":"product_brand","embeddable":true,"href":"https:\/\/www.chiwava.com\/it\/wp-json\/wp\/v2\/product_brand?post=7999"},{"taxonomy":"product_cat","embeddable":true,"href":"https:\/\/www.chiwava.com\/it\/wp-json\/wp\/v2\/product_cat?post=7999"},{"taxonomy":"product_tag","embeddable":true,"href":"https:\/\/www.chiwava.com\/it\/wp-json\/wp\/v2\/product_tag?post=7999"}],"curies":[{"name":"wp","href":"https:\/\/api.w.org\/{rel}","templated":true}]}}