{"id":77107,"date":"2024-06-28T05:29:51","date_gmt":"2024-06-28T05:29:51","guid":{"rendered":"https:\/\/www.chiwava.com\/?post_type=product&#038;p=77107"},"modified":"2025-10-10T06:40:54","modified_gmt":"2025-10-10T06:40:54","slug":"er223-bu","status":"publish","type":"product","link":"https:\/\/www.chiwava.com\/it\/prodotto\/er223-bu\/","title":{"rendered":"Chiwava 3,5 &quot;Giocattolo da masticare in gomma per la pulizia dei denti per cani di taglia media, colore blu"},"content":{"rendered":"<p>Il Rubber Treat Dispensing Chew Toy \u00e8 un giocattolo multifunzionale progettato per sfidare e intrattenere i cani. Realizzato in gomma naturale, non tossico. Questa palla pu\u00f2 essere presentata in tre modi, pu\u00f2 essere aperta o chiusa. Facile da raccogliere, riportare e distribuire dolcetti. Il giocattolo include aperture posizionate in cui \u00e8 possibile inserire i dolcetti o le crocchette preferite del cane. Mentre il cane mastica, gioca o lancia il giocattolo, i dolcetti vengono rilasciati gradualmente. La superficie strutturata del giocattolo presenta caratteristiche che aiutano a pulire i denti e massaggiare le gengive. \u00c8 una buona scelta per tenere occupati i cani, ridurre la noia e offrire un modo divertente per godersi i loro dolcetti.<\/p>","protected":false},"excerpt":{"rendered":"<p><a href=\"https:\/\/www.chiwava.com\/it\/negozio-di-marca\/\"><img loading=\"lazy\" decoding=\"async\" class=\"alignnone size-medium wp-image-94\" src=\"https:\/\/www.chiwava.com\/wp-content\/uploads\/2019\/06\/Amazon-300x73.png\" alt=\"\" width=\"300\" height=\"73\" srcset=\"https:\/\/www.chiwava.com\/wp-content\/uploads\/2019\/06\/Amazon-300x73.png 300w, https:\/\/www.chiwava.com\/wp-content\/uploads\/2019\/06\/Amazon.png 364w\" sizes=\"auto, (max-width: 300px) 100vw, 300px\" \/><\/a><\/p>\n<p>Chiwava 3,5 &quot;Giocattolo da masticare in gomma per la pulizia dei denti per cani di taglia media, colore blu<\/p>\n<p>\u2764 Realizzato in gomma naturale, atossico.<br \/>\n\u2764 Questa palla pu\u00f2 essere presentata in tre modi, pu\u00f2 aprirsi o chiudersi. Facile da raccogliere e pulire i denti.<br \/>\n\u2764 Lo snack pu\u00f2 essere inserito quando \u00e8 aperto, pu\u00f2 rotolare quando \u00e8 chiuso.<br \/>\n\u2764 Ottimo per prendere e lanciare, offri loro ore di intrattenimento ed esercizio fisico.<br \/>\n\u2764 Adatto per cani di taglia medio-grande: 11~40 kg (24~88,2 libbre). Facile da pulire. \u2026 <span class=\"more-button\"><a href=\"https:\/\/www.chiwava.com\/it\/prodotto\/er223-bu\/\" class=\"more-link\">Continua<span class=\"screen-reader-text\">Chiwava 3,5 &quot;Giocattolo da masticare in gomma per la pulizia dei denti per cani di taglia media, colore blu<\/span><\/a><\/span><\/p>","protected":false},"featured_media":77246,"template":"","meta":[],"product_brand":[],"product_cat":[16,15,287],"product_tag":[279,156,282],"class_list":{"0":"post-77107","1":"product","2":"type-product","3":"status-publish","4":"has-post-thumbnail","6":"product_cat-dog_toys","7":"product_cat-pet_toys","8":"product_cat-rubber-dog-toys","9":"product_tag-dog-fetch-toy","10":"product_tag-rubber-dog-toy","11":"product_tag-treat-dispensing-dog-toy","13":"first","14":"instock","15":"shipping-taxable","16":"product-type-simple"},"_links":{"self":[{"href":"https:\/\/www.chiwava.com\/it\/wp-json\/wp\/v2\/product\/77107","targetHints":{"allow":["GET"]}}],"collection":[{"href":"https:\/\/www.chiwava.com\/it\/wp-json\/wp\/v2\/product"}],"about":[{"href":"https:\/\/www.chiwava.com\/it\/wp-json\/wp\/v2\/types\/product"}],"wp:featuredmedia":[{"embeddable":true,"href":"https:\/\/www.chiwava.com\/it\/wp-json\/wp\/v2\/media\/77246"}],"wp:attachment":[{"href":"https:\/\/www.chiwava.com\/it\/wp-json\/wp\/v2\/media?parent=77107"}],"wp:term":[{"taxonomy":"product_brand","embeddable":true,"href":"https:\/\/www.chiwava.com\/it\/wp-json\/wp\/v2\/product_brand?post=77107"},{"taxonomy":"product_cat","embeddable":true,"href":"https:\/\/www.chiwava.com\/it\/wp-json\/wp\/v2\/product_cat?post=77107"},{"taxonomy":"product_tag","embeddable":true,"href":"https:\/\/www.chiwava.com\/it\/wp-json\/wp\/v2\/product_tag?post=77107"}],"curies":[{"name":"wp","href":"https:\/\/api.w.org\/{rel}","templated":true}]}}