{"id":77085,"date":"2024-06-27T11:11:45","date_gmt":"2024-06-27T11:11:45","guid":{"rendered":"https:\/\/www.chiwava.com\/?post_type=product&#038;p=77085"},"modified":"2025-10-10T06:44:38","modified_gmt":"2025-10-10T06:44:38","slug":"er166s","status":"publish","type":"product","link":"https:\/\/www.chiwava.com\/it\/prodotto\/er166s\/","title":{"rendered":"Chiwava 2 Pezzi 5.1\u2033 Osso di Gomma Giocattolo per Cani Dentale Bastone Ossa Pulizia dei Denti per Cani di Piccola Taglia Colori Assortiti"},"content":{"rendered":"<p>Giocattolo a forma di osso Chiwava con gomma naturale, atossico e adatto per cani di piccola taglia. Il design a forma di dente pu\u00f2 aggiungere cibo, burro di arachidi o paste, il foro centrale pu\u00f2 anche mettere lo spuntino per aggiungere divertimento. \u00c8 un buon strumento per pulire i denti del tuo cane e massaggiare le gengive da solo. Il giocattolo da masticare a forma di osso \u00e8 ottimo per interni, esterni e per il riporto, \u00e8 progettato per essere sia divertente che benefico per la salute dentale, fornendo uno sbocco sicuro per l&#039;istinto naturale di masticazione di un cane.<\/p>\n<p>&nbsp;<\/p>","protected":false},"excerpt":{"rendered":"<p><a href=\"https:\/\/www.chiwava.com\/it\/negozio-di-marca\/\"><img loading=\"lazy\" decoding=\"async\" class=\"alignnone size-medium wp-image-94\" src=\"https:\/\/www.chiwava.com\/wp-content\/uploads\/2019\/06\/Amazon-300x73.png\" alt=\"\" width=\"300\" height=\"73\" srcset=\"https:\/\/www.chiwava.com\/wp-content\/uploads\/2019\/06\/Amazon-300x73.png 300w, https:\/\/www.chiwava.com\/wp-content\/uploads\/2019\/06\/Amazon.png 364w\" sizes=\"auto, (max-width: 300px) 100vw, 300px\" \/><\/a><\/p>\n<p>Chiwava 2 Pezzi 5.1\u2033 Osso di Gomma Giocattolo per Cani Dentale Bastone Ossa Pulizia dei Denti per Cani di Piccola Taglia Colori Assortiti<\/p>\n<p>\u2764 Realizzato in gomma naturale, atossico.<br \/>\n\u2764 Il design a forma di dente pu\u00f2 aiutare a pulire i denti e massaggiare le gengive.<br \/>\n\u2764 Pu\u00f2 mettere il cibo per cani nella buca, aumentare l&#039;interesse del cane.<br \/>\n\u2764 Ottimo per lanciare e recuperare. estendere il tempo di gioco e renderli salute e felicit\u00e0.<br \/>\n\u2764 Adatto per cani di piccola taglia: meno di 11 kg (24,25 libbre). 2 pezzi\/set, facili da pulire. \u2026 <span class=\"more-button\"><a href=\"https:\/\/www.chiwava.com\/it\/prodotto\/er166s\/\" class=\"more-link\">Continua<span class=\"screen-reader-text\">Chiwava 2 Pezzi 5.1\u2033 Osso di Gomma Giocattolo per Cani Dentale Bastone Ossa Pulizia dei Denti per Cani di Piccola Taglia Colori Assortiti<\/span><\/a><\/span><\/p>","protected":false},"featured_media":77240,"template":"","meta":[],"product_brand":[],"product_cat":[16,15,287],"product_tag":[279,156],"class_list":{"0":"post-77085","1":"product","2":"type-product","3":"status-publish","4":"has-post-thumbnail","6":"product_cat-dog_toys","7":"product_cat-pet_toys","8":"product_cat-rubber-dog-toys","9":"product_tag-dog-fetch-toy","10":"product_tag-rubber-dog-toy","12":"first","13":"instock","14":"shipping-taxable","15":"product-type-simple"},"_links":{"self":[{"href":"https:\/\/www.chiwava.com\/it\/wp-json\/wp\/v2\/product\/77085","targetHints":{"allow":["GET"]}}],"collection":[{"href":"https:\/\/www.chiwava.com\/it\/wp-json\/wp\/v2\/product"}],"about":[{"href":"https:\/\/www.chiwava.com\/it\/wp-json\/wp\/v2\/types\/product"}],"wp:featuredmedia":[{"embeddable":true,"href":"https:\/\/www.chiwava.com\/it\/wp-json\/wp\/v2\/media\/77240"}],"wp:attachment":[{"href":"https:\/\/www.chiwava.com\/it\/wp-json\/wp\/v2\/media?parent=77085"}],"wp:term":[{"taxonomy":"product_brand","embeddable":true,"href":"https:\/\/www.chiwava.com\/it\/wp-json\/wp\/v2\/product_brand?post=77085"},{"taxonomy":"product_cat","embeddable":true,"href":"https:\/\/www.chiwava.com\/it\/wp-json\/wp\/v2\/product_cat?post=77085"},{"taxonomy":"product_tag","embeddable":true,"href":"https:\/\/www.chiwava.com\/it\/wp-json\/wp\/v2\/product_tag?post=77085"}],"curies":[{"name":"wp","href":"https:\/\/api.w.org\/{rel}","templated":true}]}}