{"id":77063,"date":"2024-06-27T08:36:17","date_gmt":"2024-06-27T08:36:17","guid":{"rendered":"https:\/\/www.chiwava.com\/?post_type=product&#038;p=77063"},"modified":"2025-07-04T03:49:57","modified_gmt":"2025-07-04T03:49:57","slug":"er001","status":"publish","type":"product","link":"https:\/\/www.chiwava.com\/it\/prodotto\/er001\/","title":{"rendered":"Chiwava Confezione da 2 palline da dentizione in gomma per cani da 2,75 pollici, palline dentali per alimenti, palline da masticare per cani di taglia grande"},"content":{"rendered":"<p>Le sfere dentali in gomma Chiwava sono realizzate in gomma naturale, NON TOSSICA. Design della superficie antiscivolo a dente di sega, realizzato per cani di grossa taglia, si adatta alla bocca del tuo animale domestico. Questa palla non solo pu\u00f2 aiutare a pulire i denti dell&#039;animale domestico e massaggiare le gengive, ma pu\u00f2 anche aggiungere uno spuntino, spalmare burro di arachidi o yogurt sulla forma del dente per aumentare l&#039;interesse del tuo animale domestico, il foro centrale pu\u00f2 inserire dei dolcetti. \u00c8 adatto per attivit\u00e0 di raccolta, lancio e masticazione, incoraggia il gioco attivo e l&#039;esercizio fisico, goditi ore di legame con il tuo animale domestico.<\/p>","protected":false},"excerpt":{"rendered":"<p><a href=\"https:\/\/www.chiwava.com\/it\/negozio-di-marca\/\"><img loading=\"lazy\" decoding=\"async\" class=\"alignnone size-medium wp-image-94\" src=\"https:\/\/www.chiwava.com\/wp-content\/uploads\/2019\/06\/Amazon-300x73.png\" alt=\"\" width=\"300\" height=\"73\" srcset=\"https:\/\/www.chiwava.com\/wp-content\/uploads\/2019\/06\/Amazon-300x73.png 300w, https:\/\/www.chiwava.com\/wp-content\/uploads\/2019\/06\/Amazon.png 364w\" sizes=\"auto, (max-width: 300px) 100vw, 300px\" \/><\/a><\/p>\n<p>Chiwava Confezione da 2 palline da dentizione in gomma per cani da 2,75 pollici, palline dentali per alimenti, palline da masticare per cani di taglia grande<\/p>\n<p>\u2764 Realizzato in gomma naturale, atossico (2 pezzi\/set, 2,75&quot;, 1 verde menta + 1 arancione).<br \/>\n\u2764 Puoi aggiungere il cibo o i dolcetti preferiti del tuo cane nella palla, pi\u00f9 facile per attirare l&#039;attenzione del tuo cane.<br \/>\n\u2764 Design della superficie antiscivolo a dente di sega, aiuta a pulire i denti e massaggiare le gengive, promuovendo la salute dentale.<br \/>\n\u2764 Progettato per prendere e rotolare, incoraggiando il gioco attivo e coinvolgendo gli istinti naturali del cane.<br \/>\n\u2764 Adatto per cani di taglia grande: 31~40 kg (68,3~88,2 libbre). Facile da pulire. Basta sciacquare con acqua tiepida e asciugare dopo l&#039;uso. \u2026 <span class=\"more-button\"><a href=\"https:\/\/www.chiwava.com\/it\/prodotto\/er001\/\" class=\"more-link\">Continua<span class=\"screen-reader-text\">Chiwava Confezione da 2 palline da dentizione in gomma per cani da 2,75 pollici, palline dentali per alimenti, palline da masticare per cani di taglia grande<\/span><\/a><\/span><\/p>","protected":false},"featured_media":77176,"template":"","meta":[],"product_brand":[],"product_cat":[16,15],"product_tag":[165,156,271],"class_list":{"0":"post-77063","1":"product","2":"type-product","3":"status-publish","4":"has-post-thumbnail","6":"product_cat-dog_toys","7":"product_cat-pet_toys","8":"product_tag-chew-dog-toy","9":"product_tag-rubber-dog-toy","10":"product_tag-rubber-dog-toy-ball","12":"first","13":"instock","14":"shipping-taxable","15":"product-type-simple"},"_links":{"self":[{"href":"https:\/\/www.chiwava.com\/it\/wp-json\/wp\/v2\/product\/77063","targetHints":{"allow":["GET"]}}],"collection":[{"href":"https:\/\/www.chiwava.com\/it\/wp-json\/wp\/v2\/product"}],"about":[{"href":"https:\/\/www.chiwava.com\/it\/wp-json\/wp\/v2\/types\/product"}],"wp:featuredmedia":[{"embeddable":true,"href":"https:\/\/www.chiwava.com\/it\/wp-json\/wp\/v2\/media\/77176"}],"wp:attachment":[{"href":"https:\/\/www.chiwava.com\/it\/wp-json\/wp\/v2\/media?parent=77063"}],"wp:term":[{"taxonomy":"product_brand","embeddable":true,"href":"https:\/\/www.chiwava.com\/it\/wp-json\/wp\/v2\/product_brand?post=77063"},{"taxonomy":"product_cat","embeddable":true,"href":"https:\/\/www.chiwava.com\/it\/wp-json\/wp\/v2\/product_cat?post=77063"},{"taxonomy":"product_tag","embeddable":true,"href":"https:\/\/www.chiwava.com\/it\/wp-json\/wp\/v2\/product_tag?post=77063"}],"curies":[{"name":"wp","href":"https:\/\/api.w.org\/{rel}","templated":true}]}}