{"id":77062,"date":"2024-06-27T08:34:00","date_gmt":"2024-06-27T08:34:00","guid":{"rendered":"https:\/\/www.chiwava.com\/?post_type=product&#038;p=77062"},"modified":"2025-10-10T06:45:40","modified_gmt":"2025-10-10T06:45:40","slug":"er000","status":"publish","type":"product","link":"https:\/\/www.chiwava.com\/it\/prodotto\/er000\/","title":{"rendered":"Chiwava Confezione da 2 palline da masticare per dentizione in gomma per cani da 2,36 pollici, palline dentali per alimenti, per cani di taglia media"},"content":{"rendered":"<p>Le sfere dentali in gomma Chiwava sono realizzate in gomma naturale, NON TOSSICA. Design della superficie antiscivolo a dente di sega, realizzato per cani di taglia media, si adatta alla bocca del tuo animale domestico. Questa palla non solo pu\u00f2 aiutare a pulire i denti dell&#039;animale domestico e massaggiare le gengive, ma pu\u00f2 anche aggiungere uno spuntino, spalmare burro di arachidi o yogurt sulla forma del dente per aumentare l&#039;interesse del tuo animale domestico, il foro centrale pu\u00f2 inserire dei dolcetti. \u00c8 adatto per attivit\u00e0 di raccolta, lancio e masticazione, incoraggia il gioco attivo e l&#039;esercizio fisico, goditi ore di legame con il tuo animale domestico.<\/p>","protected":false},"excerpt":{"rendered":"<p><a href=\"https:\/\/www.chiwava.com\/it\/negozio-di-marca\/\"><img loading=\"lazy\" decoding=\"async\" class=\"alignnone size-medium wp-image-94\" src=\"https:\/\/www.chiwava.com\/wp-content\/uploads\/2019\/06\/Amazon-300x73.png\" alt=\"\" width=\"300\" height=\"73\" srcset=\"https:\/\/www.chiwava.com\/wp-content\/uploads\/2019\/06\/Amazon-300x73.png 300w, https:\/\/www.chiwava.com\/wp-content\/uploads\/2019\/06\/Amazon.png 364w\" sizes=\"auto, (max-width: 300px) 100vw, 300px\" \/><\/a><\/p>\n<p>Chiwava Confezione da 2 palline da masticare per dentizione in gomma per cani da 2,36 pollici, palline dentali per alimenti, per cani di taglia media<\/p>\n<p>\u2764 Realizzato in gomma naturale, atossico (2 pezzi\/set, 2,36&quot;, 1 verde menta + 1 verde).<br \/>\n\u2764 Puoi aggiungere il cibo o i dolcetti preferiti del tuo cane nella palla, pi\u00f9 facile per attirare l&#039;attenzione del tuo cane.<br \/>\n\u2764 Design della superficie antiscivolo a dente di sega, aiuta a pulire i denti e massaggiare le gengive, promuovendo la salute dentale.<br \/>\n\u2764 Progettato per prendere e rotolare, incoraggiando il gioco attivo e coinvolgendo gli istinti naturali del cane.<br \/>\n\u2764 Adatto per cani di taglia media: 11~30 kg (24~66 libbre). Facile da pulire. Basta sciacquare con acqua tiepida e asciugare dopo l&#039;uso. \u2026 <span class=\"more-button\"><a href=\"https:\/\/www.chiwava.com\/it\/prodotto\/er000\/\" class=\"more-link\">Continua<span class=\"screen-reader-text\">Chiwava Confezione da 2 palline da masticare per dentizione in gomma per cani da 2,36 pollici, palline dentali per alimenti, per cani di taglia media<\/span><\/a><\/span><\/p>","protected":false},"featured_media":77239,"template":"","meta":[],"product_brand":[],"product_cat":[16,15,287],"product_tag":[165,156,271],"class_list":{"0":"post-77062","1":"product","2":"type-product","3":"status-publish","4":"has-post-thumbnail","6":"product_cat-dog_toys","7":"product_cat-pet_toys","8":"product_cat-rubber-dog-toys","9":"product_tag-chew-dog-toy","10":"product_tag-rubber-dog-toy","11":"product_tag-rubber-dog-toy-ball","13":"first","14":"instock","15":"shipping-taxable","16":"product-type-simple"},"_links":{"self":[{"href":"https:\/\/www.chiwava.com\/it\/wp-json\/wp\/v2\/product\/77062","targetHints":{"allow":["GET"]}}],"collection":[{"href":"https:\/\/www.chiwava.com\/it\/wp-json\/wp\/v2\/product"}],"about":[{"href":"https:\/\/www.chiwava.com\/it\/wp-json\/wp\/v2\/types\/product"}],"wp:featuredmedia":[{"embeddable":true,"href":"https:\/\/www.chiwava.com\/it\/wp-json\/wp\/v2\/media\/77239"}],"wp:attachment":[{"href":"https:\/\/www.chiwava.com\/it\/wp-json\/wp\/v2\/media?parent=77062"}],"wp:term":[{"taxonomy":"product_brand","embeddable":true,"href":"https:\/\/www.chiwava.com\/it\/wp-json\/wp\/v2\/product_brand?post=77062"},{"taxonomy":"product_cat","embeddable":true,"href":"https:\/\/www.chiwava.com\/it\/wp-json\/wp\/v2\/product_cat?post=77062"},{"taxonomy":"product_tag","embeddable":true,"href":"https:\/\/www.chiwava.com\/it\/wp-json\/wp\/v2\/product_tag?post=77062"}],"curies":[{"name":"wp","href":"https:\/\/api.w.org\/{rel}","templated":true}]}}