{"id":77060,"date":"2024-06-27T08:33:08","date_gmt":"2024-06-27T08:33:08","guid":{"rendered":"https:\/\/www.chiwava.com\/?post_type=product&#038;p=77060"},"modified":"2025-10-10T06:45:41","modified_gmt":"2025-10-10T06:45:41","slug":"er002","status":"publish","type":"product","link":"https:\/\/www.chiwava.com\/it\/prodotto\/er002\/","title":{"rendered":"Chiwava 2 Pezzi 1.95\u2033 Gomma per Dentizione Giocattolo per Cani Palline Dentali Alimentatore per Alimenti Palla da Masticare per Cani di Piccola Taglia"},"content":{"rendered":"<p>Le sfere dentali in gomma Chiwava sono realizzate in gomma naturale, NON TOSSICA. Design della superficie antiscivolo a dente di sega, realizzato per cani di piccola taglia, si adatta alla bocca del tuo animale domestico. Questa palla non solo pu\u00f2 aiutare a pulire i denti dell&#039;animale domestico e massaggiare le gengive, ma pu\u00f2 anche aggiungere uno spuntino, spalmare burro di arachidi o yogurt sulla forma del dente per aumentare l&#039;interesse del tuo animale domestico, il foro centrale pu\u00f2 inserire dei dolcetti. \u00c8 adatto per attivit\u00e0 di raccolta, lancio e masticazione, incoraggia il gioco attivo e l&#039;esercizio fisico, goditi ore di legame con il tuo animale domestico.<\/p>","protected":false},"excerpt":{"rendered":"<p><a href=\"https:\/\/www.chiwava.com\/it\/negozio-di-marca\/\"><img loading=\"lazy\" decoding=\"async\" class=\"alignnone size-medium wp-image-94\" src=\"https:\/\/www.chiwava.com\/wp-content\/uploads\/2019\/06\/Amazon-300x73.png\" alt=\"\" width=\"300\" height=\"73\" srcset=\"https:\/\/www.chiwava.com\/wp-content\/uploads\/2019\/06\/Amazon-300x73.png 300w, https:\/\/www.chiwava.com\/wp-content\/uploads\/2019\/06\/Amazon.png 364w\" sizes=\"auto, (max-width: 300px) 100vw, 300px\" \/><\/a><\/p>\n<p>Chiwava 2 Pezzi 1.95\u2033 Gomma per Dentizione Giocattolo per Cani Palline Dentali Alimentatore per Alimenti Palla da Masticare per Cani di Piccola Taglia<\/p>\n<p>\u2764 Realizzato in gomma naturale, atossica (2 pezzi\/set, 1,95&quot;, 1 arancione + 1 verde).<br \/>\n\u2764 Puoi aggiungere il cibo o i dolcetti preferiti del tuo cane nella palla, pi\u00f9 facile per attirare l&#039;attenzione del tuo cane.<br \/>\n\u2764 Design della superficie antiscivolo a dente di sega, aiuta a pulire i denti e massaggiare le gengive, promuovendo la salute dentale.<br \/>\n\u2764 Progettato per prendere e rotolare, incoraggiando il gioco attivo e coinvolgendo gli istinti naturali del cane.<br \/>\n\u2764 Adatto per cani di piccola taglia: meno di 11 kg (24,25 libbre). Facile da pulire. Basta sciacquare con acqua tiepida e asciugare dopo l&#039;uso. \u2026 <span class=\"more-button\"><a href=\"https:\/\/www.chiwava.com\/it\/prodotto\/er002\/\" class=\"more-link\">Continua<span class=\"screen-reader-text\">Chiwava 2 Pezzi 1.95\u2033 Gomma per Dentizione Giocattolo per Cani Palline Dentali Alimentatore per Alimenti Palla da Masticare per Cani di Piccola Taglia<\/span><\/a><\/span><\/p>","protected":false},"featured_media":77236,"template":"","meta":[],"product_brand":[],"product_cat":[16,15,287],"product_tag":[165,156,271],"class_list":{"0":"post-77060","1":"product","2":"type-product","3":"status-publish","4":"has-post-thumbnail","6":"product_cat-dog_toys","7":"product_cat-pet_toys","8":"product_cat-rubber-dog-toys","9":"product_tag-chew-dog-toy","10":"product_tag-rubber-dog-toy","11":"product_tag-rubber-dog-toy-ball","13":"first","14":"instock","15":"shipping-taxable","16":"product-type-simple"},"_links":{"self":[{"href":"https:\/\/www.chiwava.com\/it\/wp-json\/wp\/v2\/product\/77060","targetHints":{"allow":["GET"]}}],"collection":[{"href":"https:\/\/www.chiwava.com\/it\/wp-json\/wp\/v2\/product"}],"about":[{"href":"https:\/\/www.chiwava.com\/it\/wp-json\/wp\/v2\/types\/product"}],"wp:featuredmedia":[{"embeddable":true,"href":"https:\/\/www.chiwava.com\/it\/wp-json\/wp\/v2\/media\/77236"}],"wp:attachment":[{"href":"https:\/\/www.chiwava.com\/it\/wp-json\/wp\/v2\/media?parent=77060"}],"wp:term":[{"taxonomy":"product_brand","embeddable":true,"href":"https:\/\/www.chiwava.com\/it\/wp-json\/wp\/v2\/product_brand?post=77060"},{"taxonomy":"product_cat","embeddable":true,"href":"https:\/\/www.chiwava.com\/it\/wp-json\/wp\/v2\/product_cat?post=77060"},{"taxonomy":"product_tag","embeddable":true,"href":"https:\/\/www.chiwava.com\/it\/wp-json\/wp\/v2\/product_tag?post=77060"}],"curies":[{"name":"wp","href":"https:\/\/api.w.org\/{rel}","templated":true}]}}