{"id":75626,"date":"2022-05-25T03:12:42","date_gmt":"2022-05-25T03:12:42","guid":{"rendered":"https:\/\/www.chiwava.com\/?post_type=product&#038;p=75626"},"modified":"2023-10-08T03:58:06","modified_gmt":"2023-10-08T03:58:06","slug":"cts00026-36-pezzi","status":"publish","type":"product","link":"https:\/\/www.chiwava.com\/it\/prodotto\/cts00026-36-pezzi\/","title":{"rendered":"Chiwava Confezione da 36 Giocattoli per Gatti in Schiuma da 1,7 Pollici Palla Colore Arcobaleno"},"content":{"rendered":"<p>Set di 36 palline, quindi non devi preoccuparti di perdere i giocattoli in casa. I gatti sono animali notturni e molti di loro adorano correre per l&#039;appartamento di notte. Realizzato appositamente per il gioco silenzioso, ma pu\u00f2 comunque interessare il tuo adorabile gatto grazie al design molto colorato e leggero. Palline di gommapiuma lisce al tatto e non cos\u00ec morbide, ci\u00f2 che le rende giocattoli di lunga durata. Il tuo gatto pu\u00f2 facilmente rotolare e inseguire la palla di notte senza fare rumore e senza interrompere il sonno.<\/p>","protected":false},"excerpt":{"rendered":"<p><a href=\"https:\/\/www.chiwava.com\/it\/negozio-di-marca\/\"><img loading=\"lazy\" decoding=\"async\" class=\"alignnone size-medium wp-image-94\" src=\"https:\/\/www.chiwava.com\/wp-content\/uploads\/2019\/06\/Amazon-300x73.png\" alt=\"\" width=\"300\" height=\"73\" srcset=\"https:\/\/www.chiwava.com\/wp-content\/uploads\/2019\/06\/Amazon-300x73.png 300w, https:\/\/www.chiwava.com\/wp-content\/uploads\/2019\/06\/Amazon.png 364w\" sizes=\"auto, (max-width: 300px) 100vw, 300px\" \/><\/a><br \/>\nChiwava Confezione da 36 1,7 pollici Schiuma Gatto Giocattoli Palla Palline Colorate Arcobaleno Gattino Attivit\u00e0 Chase Gioco Silenzioso Mix Colore<\/p>\n<hr \/>\n<ul class=\"a-unordered-list a-vertical a-spacing-none\">\n<li><span class=\"a-list-item\">Palla leggera, realizzata in schiuma EVA<\/span><\/li>\n<li><span class=\"a-list-item\">Palline arcobaleno colorate<\/span><\/li>\n<li><span class=\"a-list-item\">Giocattoli per gatti silenziosi<\/span><\/li>\n<li><span class=\"a-list-item\">Confezione da 36 giocattoli per gatti sfusi<\/span><\/li>\n<li><span class=\"a-list-item\">Ottimo per il gioco interattivo o indipendente, facile da girare e inseguire<\/span><\/li>\n<\/ul>\n<p> \u2026 <span class=\"more-button\"><a href=\"https:\/\/www.chiwava.com\/it\/prodotto\/cts00026-36-pezzi\/\" class=\"more-link\">Continua<span class=\"screen-reader-text\">Chiwava Confezione da 36 Giocattoli per Gatti in Schiuma da 1,7 Pollici Palla Colore Arcobaleno<\/span><\/a><\/span><\/p>","protected":false},"featured_media":75982,"template":"","meta":[],"product_brand":[],"product_cat":[17,15],"product_tag":[31,33,34],"class_list":{"0":"post-75626","1":"product","2":"type-product","3":"status-publish","4":"has-post-thumbnail","6":"product_cat-cat_toys","7":"product_cat-pet_toys","8":"product_tag-cat-mice-for-kids","9":"product_tag-cat-toy-balls","10":"product_tag-cat-toys-for-adult","12":"first","13":"instock","14":"shipping-taxable","15":"product-type-simple"},"_links":{"self":[{"href":"https:\/\/www.chiwava.com\/it\/wp-json\/wp\/v2\/product\/75626","targetHints":{"allow":["GET"]}}],"collection":[{"href":"https:\/\/www.chiwava.com\/it\/wp-json\/wp\/v2\/product"}],"about":[{"href":"https:\/\/www.chiwava.com\/it\/wp-json\/wp\/v2\/types\/product"}],"wp:featuredmedia":[{"embeddable":true,"href":"https:\/\/www.chiwava.com\/it\/wp-json\/wp\/v2\/media\/75982"}],"wp:attachment":[{"href":"https:\/\/www.chiwava.com\/it\/wp-json\/wp\/v2\/media?parent=75626"}],"wp:term":[{"taxonomy":"product_brand","embeddable":true,"href":"https:\/\/www.chiwava.com\/it\/wp-json\/wp\/v2\/product_brand?post=75626"},{"taxonomy":"product_cat","embeddable":true,"href":"https:\/\/www.chiwava.com\/it\/wp-json\/wp\/v2\/product_cat?post=75626"},{"taxonomy":"product_tag","embeddable":true,"href":"https:\/\/www.chiwava.com\/it\/wp-json\/wp\/v2\/product_tag?post=75626"}],"curies":[{"name":"wp","href":"https:\/\/api.w.org\/{rel}","templated":true}]}}