{"id":75624,"date":"2022-05-25T03:10:01","date_gmt":"2022-05-25T03:10:01","guid":{"rendered":"https:\/\/www.chiwava.com\/?post_type=product&#038;p=75624"},"modified":"2023-10-26T09:07:38","modified_gmt":"2023-10-26T09:07:38","slug":"ctm00140-36-pezzi","status":"publish","type":"product","link":"https:\/\/www.chiwava.com\/it\/prodotto\/ctm00140-36-pezzi\/","title":{"rendered":"Chiwava Confezione da 36 palline di plastica per gatti rumorosi con campana"},"content":{"rendered":"<p>Chiwava 36 palline di plastica dai colori vivaci con fori o campanella all&#039;interno renderanno il tuo bambino sempre impegnato. 8 diversi design non ti lasceranno annoiato. Il peso leggero e la superficie liscia rendono questo giocattolo facile e veloce da rotolare, appositamente realizzato per gatti ad alta energia. Un mix di palline di medie e piccole dimensioni pu\u00f2 essere utilizzato sia per gatti adulti che per gattini. Le palline sono realizzate in plastica solida che le rende un giocattolo pi\u00f9 duraturo, il rotolamento facile e veloce render\u00e0 il tuo gatto pi\u00f9 eccitato e interessato.<\/p>","protected":false},"excerpt":{"rendered":"<p><a href=\"https:\/\/www.chiwava.com\/it\/negozio-di-marca\/\"><img loading=\"lazy\" decoding=\"async\" class=\"alignnone size-medium wp-image-94\" src=\"https:\/\/www.chiwava.com\/wp-content\/uploads\/2019\/06\/Amazon-300x73.png\" alt=\"\" width=\"300\" height=\"73\" srcset=\"https:\/\/www.chiwava.com\/wp-content\/uploads\/2019\/06\/Amazon-300x73.png 300w, https:\/\/www.chiwava.com\/wp-content\/uploads\/2019\/06\/Amazon.png 364w\" sizes=\"auto, (max-width: 300px) 100vw, 300px\" \/><\/a><a href=\"\/it\/negozio-di-marca\/\"><img loading=\"lazy\" decoding=\"async\" class=\"alignnone size-medium wp-image-94\" src=\"http:\/\/pending.chiwava.com\/wp-content\/uploads\/2019\/06\/Amazon-300x73.png\" alt=\"\" width=\"300\" height=\"73\" srcset=\"https:\/\/www.chiwava.com\/wp-content\/uploads\/2019\/06\/Amazon-300x73.png 300w, https:\/\/www.chiwava.com\/wp-content\/uploads\/2019\/06\/Amazon.png 364w\" sizes=\"auto, (max-width: 300px) 100vw, 300px\" \/><\/a><br \/>\nChiwava Confezione da 36 palline giocattolo in plastica per gatti rumorosi con campana Kitten Chase Toy 8 tipi colore assortito dimensioni<\/p>\n<hr \/>\n<ul class=\"a-unordered-list a-vertical a-spacing-none\">\n<li><span class=\"a-list-item\">Le palline SOLIDO e LISCIO sono realizzate in plastica solida che le rende un giocattolo pi\u00f9 duraturo, la superficie liscia ha piccoli fori. Il rotolamento molto facile e veloce render\u00e0 il tuo gatto pi\u00f9 eccitato e interessato.<\/span><\/li>\n<li><span class=\"a-list-item\">COLORATI e JINGLY Colori vivaci misti e 8 diversi design in una scatola non ti annoieranno quando giochi con il tuo gatto, ogni pallina ha un piccolo campanello all&#039;interno che rende questo giocattolo pi\u00f9 attraente di una semplice pallina di plastica.<\/span><\/li>\n<li><span class=\"a-list-item\">PI\u00d9 DI ABBASTANZA 36 palline di plastica Chiwava in una scatola, cosa c&#039;\u00e8 di meglio se al tuo piccolo piace nascondere i suoi giocattoli ovunque. Puoi darlo per giocare uno per uno, o tutti insieme per divertirti di pi\u00f9.<\/span><\/li>\n<li><span class=\"a-list-item\">ROLLING and CHASING Le palline di plastica Chiwava sono ottime sia per il gioco interattivo che indipendente, hanno un peso leggero, quindi \u00e8 facile arrotolarle e inseguirle. Questo giocattolo sar\u00e0 utile per i gatti attivi che amano correre e giocare tutto il giorno.<\/span><\/li>\n<li><span class=\"a-list-item\">Il set di palline di plastica CAT and KITTEN Chiwava ha dimensioni miste e peso leggero, quindi pu\u00f2 essere utilizzato per gatti e gattini adulti.<\/span><\/li>\n<\/ul>\n<p> \u2026 <span class=\"more-button\"><a href=\"https:\/\/www.chiwava.com\/it\/prodotto\/ctm00140-36-pezzi\/\" class=\"more-link\">Continua<span class=\"screen-reader-text\">Chiwava Confezione da 36 palline di plastica per gatti rumorosi con campana<\/span><\/a><\/span><\/p>","protected":false},"featured_media":75995,"template":"","meta":[],"product_brand":[],"product_cat":[17,15],"product_tag":[33,34],"class_list":{"0":"post-75624","1":"product","2":"type-product","3":"status-publish","4":"has-post-thumbnail","6":"product_cat-cat_toys","7":"product_cat-pet_toys","8":"product_tag-cat-toy-balls","9":"product_tag-cat-toys-for-adult","11":"first","12":"instock","13":"shipping-taxable","14":"product-type-simple"},"_links":{"self":[{"href":"https:\/\/www.chiwava.com\/it\/wp-json\/wp\/v2\/product\/75624","targetHints":{"allow":["GET"]}}],"collection":[{"href":"https:\/\/www.chiwava.com\/it\/wp-json\/wp\/v2\/product"}],"about":[{"href":"https:\/\/www.chiwava.com\/it\/wp-json\/wp\/v2\/types\/product"}],"wp:featuredmedia":[{"embeddable":true,"href":"https:\/\/www.chiwava.com\/it\/wp-json\/wp\/v2\/media\/75995"}],"wp:attachment":[{"href":"https:\/\/www.chiwava.com\/it\/wp-json\/wp\/v2\/media?parent=75624"}],"wp:term":[{"taxonomy":"product_brand","embeddable":true,"href":"https:\/\/www.chiwava.com\/it\/wp-json\/wp\/v2\/product_brand?post=75624"},{"taxonomy":"product_cat","embeddable":true,"href":"https:\/\/www.chiwava.com\/it\/wp-json\/wp\/v2\/product_cat?post=75624"},{"taxonomy":"product_tag","embeddable":true,"href":"https:\/\/www.chiwava.com\/it\/wp-json\/wp\/v2\/product_tag?post=75624"}],"curies":[{"name":"wp","href":"https:\/\/api.w.org\/{rel}","templated":true}]}}