{"id":2879,"date":"2020-10-19T02:02:06","date_gmt":"2020-10-19T02:02:06","guid":{"rendered":"https:\/\/www.chiwava.com\/?post_type=product&#038;p=2879"},"modified":"2025-10-10T06:46:14","modified_gmt":"2025-10-10T06:46:14","slug":"dtl19040-2pz","status":"publish","type":"product","link":"https:\/\/www.chiwava.com\/it\/prodotto\/dtl19040-2pz\/","title":{"rendered":"Chiwava Confezione da 2 giocattoli per cani in lattice stridulo pollo in piedi colori assortiti"},"content":{"rendered":"<p>I giocattoli Chiwava sono realizzati in lattice naturale, dipinti a mano con vernice senza piombo, NON TOSSICI. Il giocattolo \u00e8 di colore blu brillante con la simpatica faccia dell'anatra. Il peluche \u00e8 piacevole al tatto e morbido, facile da pulire. Il giocattolo ha una forma allungata in piedi, perch\u00e9 la gomma pu\u00f2 essere allungata e strattonata senza rompersi. include uno squeaker che produce un buon suono quando lo si stringe. Ottimo per i giochi interattivi, per il recupero all'interno e all'esterno, per ore e ore di divertimento con lo squittio, per tenere i cani occupati e impegnati.<\/p>","protected":false},"excerpt":{"rendered":"<p><a href=\"https:\/\/www.chiwava.com\/it\/negozio-di-marca\/\"><img loading=\"lazy\" decoding=\"async\" class=\"alignnone size-medium wp-image-94\" src=\"https:\/\/www.chiwava.com\/wp-content\/uploads\/2019\/06\/Amazon-300x73.png\" alt=\"\" width=\"300\" height=\"73\" srcset=\"https:\/\/www.chiwava.com\/wp-content\/uploads\/2019\/06\/Amazon-300x73.png 300w, https:\/\/www.chiwava.com\/wp-content\/uploads\/2019\/06\/Amazon.png 364w\" sizes=\"auto, (max-width: 300px) 100vw, 300px\" \/><\/a><\/p>\n<p><span style=\"vertical-align: inherit\"><span style=\"vertical-align: inherit\">Chiwava 9,4 pollici Squeaky Latex Dog Toys Standing Chicken Interactive Toy per cani di piccola e media taglia Colore assortito<\/span><\/span><\/p>\n<hr \/>\n<ul>\n<li><em><span class=\"a-list-item\">Realizzato con gomma di lattice non tossica, criterio di rilevamento UE CE EN71 (giocattoli).<\/span><\/em><\/li>\n<li><em><span class=\"a-list-item\">Suono stridente quando viene schiacciato, design di pollo e anatra, imbottito di peluche.<\/span><\/em><\/li>\n<li><em><span class=\"a-list-item\">Perfetto per l'allenamento, per alleviare la noia, per alleviare lo stress e per l'intrattenimento.<\/span><\/em><\/li>\n<li><em><span class=\"a-list-item\">Giocattolo interattivo e da interno per esterni. 2 pezzi per scatola.<\/span><\/em><\/li>\n<li><em><span class=\"a-list-item\">Adatto per cani di taglia media e grande: 10 ~ 40 kg (22 ~ 88 libbre).<\/span><\/em><\/li>\n<\/ul>\n<p> \u2026 <span class=\"more-button\"><a href=\"https:\/\/www.chiwava.com\/it\/prodotto\/dtl19040-2pz\/\" class=\"more-link\">Continua<span class=\"screen-reader-text\">Chiwava Confezione da 2 giocattoli per cani in lattice stridulo pollo in piedi colori assortiti<\/span><\/a><\/span><\/p>","protected":false},"featured_media":77908,"template":"","meta":[],"product_brand":[],"product_cat":[16,286,15],"product_tag":[20],"class_list":{"0":"post-2879","1":"product","2":"type-product","3":"status-publish","4":"has-post-thumbnail","6":"product_cat-dog_toys","7":"product_cat-latex-dog-toys","8":"product_cat-pet_toys","9":"product_tag-squeaky-dog-toys","11":"first","12":"instock","13":"shipping-taxable","14":"product-type-simple"},"_links":{"self":[{"href":"https:\/\/www.chiwava.com\/it\/wp-json\/wp\/v2\/product\/2879","targetHints":{"allow":["GET"]}}],"collection":[{"href":"https:\/\/www.chiwava.com\/it\/wp-json\/wp\/v2\/product"}],"about":[{"href":"https:\/\/www.chiwava.com\/it\/wp-json\/wp\/v2\/types\/product"}],"wp:featuredmedia":[{"embeddable":true,"href":"https:\/\/www.chiwava.com\/it\/wp-json\/wp\/v2\/media\/77908"}],"wp:attachment":[{"href":"https:\/\/www.chiwava.com\/it\/wp-json\/wp\/v2\/media?parent=2879"}],"wp:term":[{"taxonomy":"product_brand","embeddable":true,"href":"https:\/\/www.chiwava.com\/it\/wp-json\/wp\/v2\/product_brand?post=2879"},{"taxonomy":"product_cat","embeddable":true,"href":"https:\/\/www.chiwava.com\/it\/wp-json\/wp\/v2\/product_cat?post=2879"},{"taxonomy":"product_tag","embeddable":true,"href":"https:\/\/www.chiwava.com\/it\/wp-json\/wp\/v2\/product_tag?post=2879"}],"curies":[{"name":"wp","href":"https:\/\/api.w.org\/{rel}","templated":true}]}}