{"id":283,"date":"2019-06-24T08:39:02","date_gmt":"2019-06-24T08:39:02","guid":{"rendered":"http:\/\/pending.chiwava.com\/?post_type=product&#038;p=283"},"modified":"2026-02-06T08:21:18","modified_gmt":"2026-02-06T08:21:18","slug":"ctm18100-36-pezzi","status":"publish","type":"product","link":"https:\/\/www.chiwava.com\/it\/prodotto\/ctm18100-36-pezzi\/","title":{"rendered":"Chiwava Confezione da 36 topi piccoli giocattoli interattivi per gatti con erba gatta"},"content":{"rendered":"<p>Scatola con 36 topi colorati assortiti. S\u00ec, sembra molto, ma in realt\u00e0 \u00e8 un ottimo affare per chi \u00e8 stanco di comprare il mouse ogni settimana e cerca di trovarlo sotto il divano dopo che il tuo piccolo cacciatore ha nascosto il suo trofeo. Puoi solo immaginare l&#039;eccitazione che cresce dentro di loro ogni volta che porti questi giocattoli per far giocare il tuo felino. Il design realistico dei nostri topi \u00e8 realizzato in modo tale da stimolare l&#039;istinto di cacciatore del tuo amico peloso. Questi mouse sono realizzati in plastica resistente ma leggera, corpo ricoperto di tessuto peloso, alcuni di loro hanno una perlina all&#039;interno e creano un suono di sonaglio che pu\u00f2 essere pi\u00f9 interessante e attraente per il tuo gatto. Pu\u00f2 essere utilizzato per giochi interni indipendenti, giochi interattivi o giochi di cattura.<\/p>","protected":false},"excerpt":{"rendered":"<p><a href=\"https:\/\/www.chiwava.com\/it\/negozio-di-marca\/\"><img loading=\"lazy\" decoding=\"async\" class=\"alignnone size-medium wp-image-94\" src=\"https:\/\/www.chiwava.com\/wp-content\/uploads\/2019\/06\/Amazon-300x73.png\" alt=\"\" width=\"300\" height=\"73\" srcset=\"https:\/\/www.chiwava.com\/wp-content\/uploads\/2019\/06\/Amazon-300x73.png 300w, https:\/\/www.chiwava.com\/wp-content\/uploads\/2019\/06\/Amazon.png 364w\" sizes=\"auto, (max-width: 300px) 100vw, 300px\" \/><\/a><br \/>\nChiwava Confezione da 36 piccoli giocattoli interattivi per gatti Topi con sonaglio all&#039;erba gatta Mouse per gatti al coperto Gioco di gattini<\/p>\n<hr \/>\n<ul class=\"a-unordered-list a-vertical a-spacing-none\">\n<li><span class=\"a-list-item\">Tessuto peloso esterno e plastica dentro.<\/span><\/li>\n<li><span class=\"a-list-item\">Catch and Rattle, ottimo per il giocattolo interattivo, porta un divertimento extra all&#039;intrattenimento del tuo animale domestico.<\/span><\/li>\n<li><span class=\"a-list-item\">Fornisci l&#039;interesse aggiuntivo per mantenere impegnato il tuo animale domestico mentre condividi il tempo di gioco.<\/span><\/li>\n<li><span class=\"a-list-item\">Dimensioni: lunghezza: 4,5 cm\/1,8 pollici, altezza: 2 cm\/0,8 pollici, coda: 7 cm\/2,7 pollici; Peso: 3 g\/pz.<\/span><\/li>\n<li><span class=\"a-list-item\">Confezione: 36 pezzi per scatola PDQ (consegna a colori casuali); Peso: 133 g.<\/span><\/li>\n<\/ul>\n<p> \u2026 <span class=\"more-button\"><a href=\"https:\/\/www.chiwava.com\/it\/prodotto\/ctm18100-36-pezzi\/\" class=\"more-link\">Continua<span class=\"screen-reader-text\">Chiwava Confezione da 36 topi piccoli giocattoli interattivi per gatti con erba gatta<\/span><\/a><\/span><\/p>","protected":false},"featured_media":75992,"template":"","meta":[],"product_brand":[],"product_cat":[17,15],"product_tag":[34,25,35],"class_list":{"0":"post-283","1":"product","2":"type-product","3":"status-publish","4":"has-post-thumbnail","6":"product_cat-cat_toys","7":"product_cat-pet_toys","8":"product_tag-cat-toys-for-adult","9":"product_tag-cat-toys-mice","10":"product_tag-catnip-cat-toys","12":"first","13":"instock","14":"shipping-taxable","15":"product-type-simple"},"_links":{"self":[{"href":"https:\/\/www.chiwava.com\/it\/wp-json\/wp\/v2\/product\/283","targetHints":{"allow":["GET"]}}],"collection":[{"href":"https:\/\/www.chiwava.com\/it\/wp-json\/wp\/v2\/product"}],"about":[{"href":"https:\/\/www.chiwava.com\/it\/wp-json\/wp\/v2\/types\/product"}],"wp:featuredmedia":[{"embeddable":true,"href":"https:\/\/www.chiwava.com\/it\/wp-json\/wp\/v2\/media\/75992"}],"wp:attachment":[{"href":"https:\/\/www.chiwava.com\/it\/wp-json\/wp\/v2\/media?parent=283"}],"wp:term":[{"taxonomy":"product_brand","embeddable":true,"href":"https:\/\/www.chiwava.com\/it\/wp-json\/wp\/v2\/product_brand?post=283"},{"taxonomy":"product_cat","embeddable":true,"href":"https:\/\/www.chiwava.com\/it\/wp-json\/wp\/v2\/product_cat?post=283"},{"taxonomy":"product_tag","embeddable":true,"href":"https:\/\/www.chiwava.com\/it\/wp-json\/wp\/v2\/product_tag?post=283"}],"curies":[{"name":"wp","href":"https:\/\/api.w.org\/{rel}","templated":true}]}}