{"id":277,"date":"2019-06-24T08:37:14","date_gmt":"2019-06-24T08:37:14","guid":{"rendered":"http:\/\/pending.chiwava.com\/?post_type=product&#038;p=277"},"modified":"2026-02-06T09:00:17","modified_gmt":"2026-02-06T09:00:17","slug":"ctm18023-ac-24pz","status":"publish","type":"product","link":"https:\/\/www.chiwava.com\/it\/prodotto\/ctm18023-ac-24pz\/","title":{"rendered":"Chiwava Confezione da 24 topi per gatti a sonagli da 5 pollici con piuma"},"content":{"rendered":"<p>Scatola con 24 topi arcobaleno colorati, un ottimo affare per chi \u00e8 stanco di comprare il mouse ogni settimana e cerca di trovarlo sotto il divano dopo che il tuo piccolo cacciatore ha nascosto il suo trofeo. Puoi solo immaginare l&#039;eccitazione che cresce dentro di loro ogni volta che porti dei giocattoli per far giocare il tuo felino. Il design realistico dei nostri topi \u00e8 realizzato in modo tale da stimolare l&#039;istinto di cacciatore del tuo amico peloso. I nostri topi sono realizzati in plastica resistente ma leggera, il corpo aderente \u00e8 ricoperto da una corda colorata arcobaleno, alcuni di loro hanno delle perline o della sabbia all&#039;interno e creano un suono di sonaglio che pu\u00f2 essere pi\u00f9 interessante e attraente per il tuo gatto. La parte pi\u00f9 eccitante del topo \u00e8 una coda di piume colorata, puoi stuzzicarla e divertirti di pi\u00f9. Pu\u00f2 essere utilizzato per giochi interni indipendenti, giochi interattivi o giochi di cattura.<\/p>","protected":false},"excerpt":{"rendered":"<p><a href=\"https:\/\/www.chiwava.com\/it\/negozio-di-marca\/\"><img loading=\"lazy\" decoding=\"async\" class=\"alignnone size-medium wp-image-94\" src=\"https:\/\/www.chiwava.com\/wp-content\/uploads\/2019\/06\/Amazon-300x73.png\" alt=\"\" width=\"300\" height=\"73\" srcset=\"https:\/\/www.chiwava.com\/wp-content\/uploads\/2019\/06\/Amazon-300x73.png 300w, https:\/\/www.chiwava.com\/wp-content\/uploads\/2019\/06\/Amazon.png 364w\" sizes=\"auto, (max-width: 300px) 100vw, 300px\" \/><\/a><br \/>\nChiwava Confezione da 24 Giocattoli per Gatti a Sonagli da 5 Pollici Topi con Piume Arcobaleno Corda Mouse Gattino Giocattolo Interattivo Colori Assortiti<\/p>\n<hr \/>\n<ul class=\"a-unordered-list a-vertical a-spacing-none\">\n<li><span class=\"a-list-item\">Corda color arcobaleno all&#039;esterno e plastica all&#039;interno.<\/span><\/li>\n<li><span class=\"a-list-item\">Il design del sonaglio e il design delle piume porteranno molto divertimento ed energia ai tuoi animali domestici.<\/span><\/li>\n<li><span class=\"a-list-item\">Ottimo per il giocattolo interattivo, forniscono uno sbocco salutare per i naturali istinti di caccia di un gatto.<\/span><\/li>\n<li><span class=\"a-list-item\">Dimensioni: lunghezza: 4,5 cm\/1,8 pollici, altezza: 1,5 cm\/0,6 pollici; Coda: 8 cm \/ 3,1 &quot;. Peso: 3 g\/pz.<\/span><\/li>\n<li><span class=\"a-list-item\">Confezione: 24 pezzi per scatola PDQ (consegna a colori casuali), Peso: 141 g<\/span><\/li>\n<\/ul>\n<p> \u2026 <span class=\"more-button\"><a href=\"https:\/\/www.chiwava.com\/it\/prodotto\/ctm18023-ac-24pz\/\" class=\"more-link\">Continua<span class=\"screen-reader-text\">Chiwava Confezione da 24 topi per gatti a sonagli da 5 pollici con piuma<\/span><\/a><\/span><\/p>","protected":false},"featured_media":75997,"template":"","meta":[],"product_brand":[],"product_cat":[17,15],"product_tag":[31,25],"class_list":{"0":"post-277","1":"product","2":"type-product","3":"status-publish","4":"has-post-thumbnail","6":"product_cat-cat_toys","7":"product_cat-pet_toys","8":"product_tag-cat-mice-for-kids","9":"product_tag-cat-toys-mice","11":"first","12":"instock","13":"shipping-taxable","14":"product-type-simple"},"_links":{"self":[{"href":"https:\/\/www.chiwava.com\/it\/wp-json\/wp\/v2\/product\/277","targetHints":{"allow":["GET"]}}],"collection":[{"href":"https:\/\/www.chiwava.com\/it\/wp-json\/wp\/v2\/product"}],"about":[{"href":"https:\/\/www.chiwava.com\/it\/wp-json\/wp\/v2\/types\/product"}],"wp:featuredmedia":[{"embeddable":true,"href":"https:\/\/www.chiwava.com\/it\/wp-json\/wp\/v2\/media\/75997"}],"wp:attachment":[{"href":"https:\/\/www.chiwava.com\/it\/wp-json\/wp\/v2\/media?parent=277"}],"wp:term":[{"taxonomy":"product_brand","embeddable":true,"href":"https:\/\/www.chiwava.com\/it\/wp-json\/wp\/v2\/product_brand?post=277"},{"taxonomy":"product_cat","embeddable":true,"href":"https:\/\/www.chiwava.com\/it\/wp-json\/wp\/v2\/product_cat?post=277"},{"taxonomy":"product_tag","embeddable":true,"href":"https:\/\/www.chiwava.com\/it\/wp-json\/wp\/v2\/product_tag?post=277"}],"curies":[{"name":"wp","href":"https:\/\/api.w.org\/{rel}","templated":true}]}}