{"id":260,"date":"2019-06-24T08:30:41","date_gmt":"2019-06-24T08:30:41","guid":{"rendered":"http:\/\/pending.chiwava.com\/?post_type=product&#038;p=260"},"modified":"2023-10-08T05:55:43","modified_gmt":"2023-10-08T05:55:43","slug":"ctm00143-ac-48pz","status":"publish","type":"product","link":"https:\/\/www.chiwava.com\/it\/prodotto\/ctm00143-ac-48pz\/","title":{"rendered":"Chiwava Confezione da 45 palline di plastica per gatti da 1,6 pollici con campanello"},"content":{"rendered":"<p>Le palline di plastica Chiwava con Jingle sono pi\u00f9 di un semplice giocattolo di plastica. Palline di plastica solida con superficie liscia, rotolamento facile e veloce, non ti annoieranno quando giochi con il tuo gatto, ogni palla ha un piccolo campanello all&#039;interno che rende questo giocattolo pi\u00f9 attraente. 45 palline di plastica dai colori vivaci con design a traliccio e campanello all&#039;interno renderanno il tuo bambino sempre impegnato. Le palline di plastica Chiwava sono ottime sia per il gioco interattivo che indipendente, hanno un peso leggero, quindi \u00e8 facile arrotolarle e inseguirle. Questo giocattolo sar\u00e0 utile per i gatti attivi che amano correre e giocare tutto il giorno. Ottima offerta cosa c&#039;\u00e8 di meglio se al tuo piccolo piace nascondere i suoi giocattoli ovunque. Puoi darlo per giocare uno per uno, o tutti insieme per divertirti di pi\u00f9. Il peso leggero e la superficie liscia rendono questo giocattolo facile e veloce da rotolare, appositamente realizzato per gatti ad alta energia.<\/p>","protected":false},"excerpt":{"rendered":"<p><a href=\"https:\/\/www.chiwava.com\/it\/negozio-di-marca\/\"><img loading=\"lazy\" decoding=\"async\" class=\"alignnone size-medium wp-image-94\" src=\"https:\/\/www.chiwava.com\/wp-content\/uploads\/2019\/06\/Amazon-300x73.png\" alt=\"\" width=\"300\" height=\"73\" srcset=\"https:\/\/www.chiwava.com\/wp-content\/uploads\/2019\/06\/Amazon-300x73.png 300w, https:\/\/www.chiwava.com\/wp-content\/uploads\/2019\/06\/Amazon.png 364w\" sizes=\"auto, (max-width: 300px) 100vw, 300px\" \/><\/a><br \/>\nChiwava Confezione da 45 Palline Giocattolo per Gatti da 1,6 Pollici con Campana Reticolo di Plastica Palline Jingle Kitten Chase Pounce Giocattolo a Sonaglio Colori Assortiti<\/p>\n<hr \/>\n<ul class=\"a-unordered-list a-vertical a-spacing-none\">\n<li><span class=\"a-list-item\">I gatti adorano inseguire e balzare su queste palline tintinnanti.<\/span><\/li>\n<li><span class=\"a-list-item\">I giocattoli per gatti Lattice Ball sono realizzati in plastica dura colorata, con un invitante jingle bell all&#039;interno.<\/span><\/li>\n<li><span class=\"a-list-item\">Ottimo per scuotere, scuotere e rotolare, porta un divertimento extra all&#039;intrattenimento del tuo animale domestico<\/span><\/li>\n<li><span class=\"a-list-item\">Confezione: 45 pezzi per scatola grande (come mostra l&#039;immagine). Colore casuale. Peso: 280 g.<\/span><\/li>\n<\/ul>\n<p> \u2026 <span class=\"more-button\"><a href=\"https:\/\/www.chiwava.com\/it\/prodotto\/ctm00143-ac-48pz\/\" class=\"more-link\">Continua<span class=\"screen-reader-text\">Chiwava Confezione da 45 palline di plastica per gatti da 1,6 pollici con campanello<\/span><\/a><\/span><\/p>","protected":false},"featured_media":75988,"template":"","meta":[],"product_brand":[],"product_cat":[17,15],"product_tag":[33,34],"class_list":{"0":"post-260","1":"product","2":"type-product","3":"status-publish","4":"has-post-thumbnail","6":"product_cat-cat_toys","7":"product_cat-pet_toys","8":"product_tag-cat-toy-balls","9":"product_tag-cat-toys-for-adult","11":"first","12":"instock","13":"shipping-taxable","14":"product-type-simple"},"_links":{"self":[{"href":"https:\/\/www.chiwava.com\/it\/wp-json\/wp\/v2\/product\/260","targetHints":{"allow":["GET"]}}],"collection":[{"href":"https:\/\/www.chiwava.com\/it\/wp-json\/wp\/v2\/product"}],"about":[{"href":"https:\/\/www.chiwava.com\/it\/wp-json\/wp\/v2\/types\/product"}],"wp:featuredmedia":[{"embeddable":true,"href":"https:\/\/www.chiwava.com\/it\/wp-json\/wp\/v2\/media\/75988"}],"wp:attachment":[{"href":"https:\/\/www.chiwava.com\/it\/wp-json\/wp\/v2\/media?parent=260"}],"wp:term":[{"taxonomy":"product_brand","embeddable":true,"href":"https:\/\/www.chiwava.com\/it\/wp-json\/wp\/v2\/product_brand?post=260"},{"taxonomy":"product_cat","embeddable":true,"href":"https:\/\/www.chiwava.com\/it\/wp-json\/wp\/v2\/product_cat?post=260"},{"taxonomy":"product_tag","embeddable":true,"href":"https:\/\/www.chiwava.com\/it\/wp-json\/wp\/v2\/product_tag?post=260"}],"curies":[{"name":"wp","href":"https:\/\/api.w.org\/{rel}","templated":true}]}}