{"id":1714,"date":"2020-07-02T07:36:03","date_gmt":"2020-07-02T07:36:03","guid":{"rendered":"https:\/\/www.chiwava.com\/?post_type=product&#038;p=1714"},"modified":"2023-10-08T05:45:58","modified_gmt":"2023-10-08T05:45:58","slug":"ctb12001-12-pezzi","status":"publish","type":"product","link":"https:\/\/www.chiwava.com\/it\/prodotto\/ctb12001-12-pezzi\/","title":{"rendered":"Chiwava Confezione da 12 palline da 1,6 pollici in morbida schiuma per gatti"},"content":{"rendered":"<p>Palla giocattolo per gatti Chiwava in gommapiuma sportiva morbida e realizzata appositamente per l&#039;attivit\u00e0, il gioco interattivo e silenzioso. Il tuo gatto pu\u00f2 facilmente rotolare e inseguire la palla di notte senza fare alcun rumore e non ti terr\u00e0 sveglio tutta la notte. Le palline sono leggere e rimbalzanti, trasportabili facilmente, cacciando e inseguendo, possono rimbalzare e lanciare in aria quando vengono battute o calciate. stimola il naturale istinto giocoso del tuo gatto, offrigli ore di divertimento ed esercizio fisico.<\/p>","protected":false},"excerpt":{"rendered":"<p><a href=\"https:\/\/www.chiwava.com\/it\/negozio-di-marca\/\"><img loading=\"lazy\" decoding=\"async\" class=\"alignnone size-medium wp-image-94\" src=\"https:\/\/www.chiwava.com\/wp-content\/uploads\/2019\/06\/Amazon-300x73.png\" alt=\"\" width=\"300\" height=\"73\" srcset=\"https:\/\/www.chiwava.com\/wp-content\/uploads\/2019\/06\/Amazon-300x73.png 300w, https:\/\/www.chiwava.com\/wp-content\/uploads\/2019\/06\/Amazon.png 364w\" sizes=\"auto, (max-width: 300px) 100vw, 300px\" \/><\/a><\/p>\n<p>Chiwava Confezione da 12 1.6 Pollici Morbido Schiuma Gatto Giocattolo Palla Spugna Palle Sportive Gattino Giocattolo Interattivo Colori Assortiti<\/p>\n<hr \/>\n<p>\u2764 Realizzato in morbida schiuma non tossica, criterio di rilevamento EU CE EN71 (giocattoli).<\/p>\n<p>\u2764 Morbido e leggero, facile da inseguire trasportare o lanciare in aria.<\/p>\n<p>\u2764 La pallina per gatti silenziosa e silenziosa non pu\u00f2 disturbare il tuo sonno.<\/p>\n<p>\u2764 12 palline per confezione, inclusi basket, calcio, tennis e golf.<\/p>\n<p>\u2764 ideale per giocattoli interattivi, di esercizio, di battuta, di allenamento e di attivit\u00e0, offrono divertimento e intrattenimento ai gatti. \u2026 <span class=\"more-button\"><a href=\"https:\/\/www.chiwava.com\/it\/prodotto\/ctb12001-12-pezzi\/\" class=\"more-link\">Continua<span class=\"screen-reader-text\">Chiwava Confezione da 12 palline da 1,6 pollici in morbida schiuma per gatti<\/span><\/a><\/span><\/p>","protected":false},"featured_media":75850,"template":"","meta":[],"product_brand":[],"product_cat":[17,15],"product_tag":[63,42,32],"class_list":{"0":"post-1714","1":"product","2":"type-product","3":"status-publish","4":"has-post-thumbnail","6":"product_cat-cat_toys","7":"product_cat-pet_toys","8":"product_tag-cat-toys-ball","9":"product_tag-cat-toys-bulk","10":"product_tag-soft-cat-toys","12":"first","13":"instock","14":"shipping-taxable","15":"product-type-simple"},"_links":{"self":[{"href":"https:\/\/www.chiwava.com\/it\/wp-json\/wp\/v2\/product\/1714","targetHints":{"allow":["GET"]}}],"collection":[{"href":"https:\/\/www.chiwava.com\/it\/wp-json\/wp\/v2\/product"}],"about":[{"href":"https:\/\/www.chiwava.com\/it\/wp-json\/wp\/v2\/types\/product"}],"wp:featuredmedia":[{"embeddable":true,"href":"https:\/\/www.chiwava.com\/it\/wp-json\/wp\/v2\/media\/75850"}],"wp:attachment":[{"href":"https:\/\/www.chiwava.com\/it\/wp-json\/wp\/v2\/media?parent=1714"}],"wp:term":[{"taxonomy":"product_brand","embeddable":true,"href":"https:\/\/www.chiwava.com\/it\/wp-json\/wp\/v2\/product_brand?post=1714"},{"taxonomy":"product_cat","embeddable":true,"href":"https:\/\/www.chiwava.com\/it\/wp-json\/wp\/v2\/product_cat?post=1714"},{"taxonomy":"product_tag","embeddable":true,"href":"https:\/\/www.chiwava.com\/it\/wp-json\/wp\/v2\/product_tag?post=1714"}],"curies":[{"name":"wp","href":"https:\/\/api.w.org\/{rel}","templated":true}]}}