{"id":1704,"date":"2020-06-24T08:34:11","date_gmt":"2020-06-24T08:34:11","guid":{"rendered":"https:\/\/www.chiwava.com\/?post_type=product&#038;p=1704"},"modified":"2023-10-08T05:46:33","modified_gmt":"2023-10-08T05:46:33","slug":"ctm12003-2-pezzi","status":"publish","type":"product","link":"https:\/\/www.chiwava.com\/it\/prodotto\/ctm12003-2-pezzi\/","title":{"rendered":"Chiwava 2 Pack Catnip Plush Cat Toys Mouse con campana"},"content":{"rendered":"<p>Questo \u00e8 l&#039;aspetto disegnato da Lili, un peluche per gatti realizzato da Chiwava. Abbiamo realizzato un corpo grande 5,9 pollici (15 cm) per i topi, riempito il corpo con un morbido peluche e fatto una borsa sull&#039;addome in cui \u00e8 possibile rimuovere l&#039;erba gatta liberamente. Questo \u00e8 un topo giocattolo per gatti da interno che pu\u00f2 interagire o accompagnare il gatto a dormire.<\/p>","protected":false},"excerpt":{"rendered":"<p><a href=\"https:\/\/www.chiwava.com\/it\/negozio-di-marca\/\"><img loading=\"lazy\" decoding=\"async\" class=\"alignnone size-medium wp-image-94\" src=\"https:\/\/www.chiwava.com\/wp-content\/uploads\/2019\/06\/Amazon-300x73.png\" alt=\"\" width=\"300\" height=\"73\" srcset=\"https:\/\/www.chiwava.com\/wp-content\/uploads\/2019\/06\/Amazon-300x73.png 300w, https:\/\/www.chiwava.com\/wp-content\/uploads\/2019\/06\/Amazon.png 364w\" sizes=\"auto, (max-width: 300px) 100vw, 300px\" \/><\/a><\/p>\n<p>Chiwava Confezione da 2 5,9 pollici Catnip Plush Cat Toys Topi con campanella Giocattolo di attivit\u00e0 per topi piccoli<\/p>\n<hr \/>\n<p>\u2764 Realizzato con imbottitura in cotone imbottito all&#039;interno, morbido peluche peloso all&#039;esterno.<br \/>\n\u2764 Contiene 100% topi con erba gatta naturale, criterio di rilevamento EU CE EN71 (giocattoli).<br \/>\n\u2764 Catnips e Bell Design, possono essere tolti o inseriti. Facendo appello all&#039;istinto naturale del tuo gatto e all&#039;eccitazione extra.<br \/>\n\u2764 Le orecchie e i piedi del giocattolo hanno carte mylar all&#039;interno che possono emettere un fruscio, di dimensioni perfette per battere e trasportare. Gioco di allenamento divertente esercizio.<br \/>\n\u2764 Pacchetto: 2 pacchi\/borsa, ideale per famiglie interattive per interni e giocattoli per attivit\u00e0. \u2026 <span class=\"more-button\"><a href=\"https:\/\/www.chiwava.com\/it\/prodotto\/ctm12003-2-pezzi\/\" class=\"more-link\">Continua<span class=\"screen-reader-text\">Chiwava 2 Pack Catnip Plush Cat Toys Mouse con campana<\/span><\/a><\/span><\/p>","protected":false},"featured_media":75931,"template":"","meta":[],"product_brand":[],"product_cat":[17,15],"product_tag":[25,45,53,60],"class_list":{"0":"post-1704","1":"product","2":"type-product","3":"status-publish","4":"has-post-thumbnail","6":"product_cat-cat_toys","7":"product_cat-pet_toys","8":"product_tag-cat-toys-mice","9":"product_tag-catnip-cat-toys-mice","10":"product_tag-plush-cat-toys","11":"product_tag-remove-term-cat-toy-with-bell-cat-toy-with-bell","13":"first","14":"instock","15":"shipping-taxable","16":"product-type-simple"},"_links":{"self":[{"href":"https:\/\/www.chiwava.com\/it\/wp-json\/wp\/v2\/product\/1704","targetHints":{"allow":["GET"]}}],"collection":[{"href":"https:\/\/www.chiwava.com\/it\/wp-json\/wp\/v2\/product"}],"about":[{"href":"https:\/\/www.chiwava.com\/it\/wp-json\/wp\/v2\/types\/product"}],"wp:featuredmedia":[{"embeddable":true,"href":"https:\/\/www.chiwava.com\/it\/wp-json\/wp\/v2\/media\/75931"}],"wp:attachment":[{"href":"https:\/\/www.chiwava.com\/it\/wp-json\/wp\/v2\/media?parent=1704"}],"wp:term":[{"taxonomy":"product_brand","embeddable":true,"href":"https:\/\/www.chiwava.com\/it\/wp-json\/wp\/v2\/product_brand?post=1704"},{"taxonomy":"product_cat","embeddable":true,"href":"https:\/\/www.chiwava.com\/it\/wp-json\/wp\/v2\/product_cat?post=1704"},{"taxonomy":"product_tag","embeddable":true,"href":"https:\/\/www.chiwava.com\/it\/wp-json\/wp\/v2\/product_tag?post=1704"}],"curies":[{"name":"wp","href":"https:\/\/api.w.org\/{rel}","templated":true}]}}