{"id":1447,"date":"2020-04-28T03:53:48","date_gmt":"2020-04-28T03:53:48","guid":{"rendered":"https:\/\/www.chiwava.com\/?post_type=product&#038;p=1447"},"modified":"2025-10-10T06:46:17","modified_gmt":"2025-10-10T06:46:17","slug":"dtl19038","status":"publish","type":"product","link":"https:\/\/www.chiwava.com\/it\/prodotto\/dtl19038\/","title":{"rendered":"Chiwava Confezione da 3 Giocattoli in Lattice Cigolante da 2,6 Pollici Animali Simpatici Viso"},"content":{"rendered":"<p>Questo \u00e8 il giocattolo per cani in lattice realizzato da Chiwava, l&#039;aspetto del design Lili. Realizzato in lattice naturale non tossico. Nessun ripieno. Morbido e facile da pulire (con uno squeaker all&#039;interno). Pu\u00f2 stridere quando lo spremere. Questi giocattoli sono buoni per giocare fuori e a casa, possono essere facilmente trasportati fuori. Puoi giocare a prenderlo e lanciarlo il pi\u00f9 lontano possibile, il tuo cagnolino pu\u00f2 masticarlo e spremerlo e pu\u00f2 essere impegnato e felice giornata intera in modo che tu possa distogliere la loro attenzione dai tuoi mobili.<\/p>","protected":false},"excerpt":{"rendered":"<p><a href=\"https:\/\/www.chiwava.com\/it\/negozio-di-marca\/\"><img loading=\"lazy\" decoding=\"async\" class=\"alignnone size-medium wp-image-94\" src=\"https:\/\/www.chiwava.com\/wp-content\/uploads\/2019\/06\/Amazon-300x73.png\" alt=\"\" width=\"300\" height=\"73\" srcset=\"https:\/\/www.chiwava.com\/wp-content\/uploads\/2019\/06\/Amazon-300x73.png 300w, https:\/\/www.chiwava.com\/wp-content\/uploads\/2019\/06\/Amazon.png 364w\" sizes=\"auto, (max-width: 300px) 100vw, 300px\" \/><\/a><br \/>\nChiwava Confezione da 3 2,6 pollici Squeak Latex Dog Toy Cute Animals Face Gioco interattivo per cani di piccola taglia Colori assortiti<\/p>\n<hr \/>\n<p>\u2764 Realizzato con gomma di lattice non tossica, criterio di rilevamento EU CE EN71 (giocattoli).<\/p>\n<p>\u2764 Morbido, Squeeze Squeak, Funny Animal Face Ball, Nessun ripieno.<\/p>\n<p>\u2764 Ottimo per andare a prendere in cortile, a casa, al parco o in riva, incoraggiare gli animali domestici a saltare e inseguire, tenerli occupati.<\/p>\n<p>\u2764 Suono interattivo da masticare per cani, contiene orso blu, maiale rosa, pollo marrone.<\/p>\n<p>\u2764 Adatto per cani di piccola taglia \u2013 Meno di 11 kg (24,25 libbre) \u2026 <span class=\"more-button\"><a href=\"https:\/\/www.chiwava.com\/it\/prodotto\/dtl19038\/\" class=\"more-link\">Continua<span class=\"screen-reader-text\">Chiwava Confezione da 3 Giocattoli in Lattice Cigolante da 2,6 Pollici Animali Simpatici Viso<\/span><\/a><\/span><\/p>","protected":false},"featured_media":77000,"template":"","meta":[],"product_brand":[],"product_cat":[16,286,15],"product_tag":[21,18,20],"class_list":{"0":"post-1447","1":"product","2":"type-product","3":"status-publish","4":"has-post-thumbnail","6":"product_cat-dog_toys","7":"product_cat-latex-dog-toys","8":"product_cat-pet_toys","9":"product_tag-latex-dog-toys","10":"product_tag-small-dog-toys","11":"product_tag-squeaky-dog-toys","13":"first","14":"instock","15":"shipping-taxable","16":"product-type-simple"},"_links":{"self":[{"href":"https:\/\/www.chiwava.com\/it\/wp-json\/wp\/v2\/product\/1447","targetHints":{"allow":["GET"]}}],"collection":[{"href":"https:\/\/www.chiwava.com\/it\/wp-json\/wp\/v2\/product"}],"about":[{"href":"https:\/\/www.chiwava.com\/it\/wp-json\/wp\/v2\/types\/product"}],"wp:featuredmedia":[{"embeddable":true,"href":"https:\/\/www.chiwava.com\/it\/wp-json\/wp\/v2\/media\/77000"}],"wp:attachment":[{"href":"https:\/\/www.chiwava.com\/it\/wp-json\/wp\/v2\/media?parent=1447"}],"wp:term":[{"taxonomy":"product_brand","embeddable":true,"href":"https:\/\/www.chiwava.com\/it\/wp-json\/wp\/v2\/product_brand?post=1447"},{"taxonomy":"product_cat","embeddable":true,"href":"https:\/\/www.chiwava.com\/it\/wp-json\/wp\/v2\/product_cat?post=1447"},{"taxonomy":"product_tag","embeddable":true,"href":"https:\/\/www.chiwava.com\/it\/wp-json\/wp\/v2\/product_tag?post=1447"}],"curies":[{"name":"wp","href":"https:\/\/api.w.org\/{rel}","templated":true}]}}