{"id":7999,"date":"2021-03-23T07:55:19","date_gmt":"2021-03-23T07:55:19","guid":{"rendered":"https:\/\/www.chiwava.com\/?post_type=product&#038;p=7999"},"modified":"2025-09-26T08:42:03","modified_gmt":"2025-09-26T08:42:03","slug":"ctb12002-24pcs","status":"publish","type":"product","link":"https:\/\/www.chiwava.com\/fr\/produit\/ctb12002-24pcs\/","title":{"rendered":"Chiwava Catnip Furry Cat Jouets Balle"},"content":{"rendered":"<p>Chiwava Furry Pom Poms Balls avec fausse fourrure, toucher doux et sp\u00e9cialement con\u00e7u pour l&#039;activit\u00e9, le jeu interactif et silencieux. Votre chat peut facilement rouler et chasser la balle la nuit sans faire de bruit et ne vous emp\u00eachera pas de dormir toute la nuit. Les balles sont l\u00e9g\u00e8res, les chats porteront doucement la balle dans leur bouche, chasseront et chasseront, peuvent rebondir et lancer dans les airs lorsqu&#039;ils sont frapp\u00e9s ou frapp\u00e9s. Stimulez les instincts ludiques naturels de votre chat, offrez des heures de divertissement et \u00e9liminez l&#039;ennui.<\/p>","protected":false},"excerpt":{"rendered":"<p><a href=\"https:\/\/www.chiwava.com\/fr\/boutique-de-marque\/\"><img loading=\"lazy\" decoding=\"async\" class=\"alignnone size-medium wp-image-94\" src=\"https:\/\/www.chiwava.com\/wp-content\/uploads\/2019\/06\/Amazon-300x73.png\" alt=\"\" width=\"300\" height=\"73\" srcset=\"https:\/\/www.chiwava.com\/wp-content\/uploads\/2019\/06\/Amazon-300x73.png 300w, https:\/\/www.chiwava.com\/wp-content\/uploads\/2019\/06\/Amazon.png 364w\" sizes=\"auto, (max-width: 300px) 100vw, 300px\" \/>\u00a0\u00a0<\/a><br \/>\nChiwava 24PCS 1.8 \u2033 Catnip Furry Cat Toys Ball Soft Pom Pom balls Kitten Chase Quiet Play Couleur assortie<\/p>\n<p>\u2764 Fabriqu\u00e9 avec du coton rembourr\u00e9 \u00e0 l&#039;int\u00e9rieur, peluche douce \u00e0 l&#039;ext\u00e9rieur.<br \/>\n\u2764 L\u00e9ger, facile \u00e0 transporter ou \u00e0 lancer dans les airs.<br \/>\n\u2764 Catnips Design, faisant appel aux instincts naturels de votre chat et \u00e0 une excitation suppl\u00e9mentaire.<br \/>\n\u2764 Les boules PomPom sont parfaitement dimensionn\u00e9es pour \u00eatre port\u00e9es et port\u00e9es. Id\u00e9al pour l&#039;exercice et le jeu d&#039;entra\u00eenement.<br \/>\n\u2764 Contenu : 24 paquets\/bo\u00eete, id\u00e9al pour les m\u00e9nages interactifs en int\u00e9rieur et les jouets d&#039;activit\u00e9. \u2026 <span class=\"more-button\"><a href=\"https:\/\/www.chiwava.com\/fr\/produit\/ctb12002-24pcs\/\" class=\"more-link\">Continuer<span class=\"screen-reader-text\">Chiwava Catnip Furry Cat Jouets Balle<\/span><\/a><\/span><\/p>","protected":false},"featured_media":28709,"template":"","meta":[],"product_brand":[],"product_cat":[17,15],"product_tag":[168,35,139,167],"class_list":{"0":"post-7999","1":"product","2":"type-product","3":"status-publish","4":"has-post-thumbnail","6":"product_cat-cat_toys","7":"product_cat-pet_toys","8":"product_tag-cat-toy-set","9":"product_tag-catnip-cat-toys","10":"product_tag-interactive-cat-toy","11":"product_tag-soft-cat-toy-ball","13":"first","14":"instock","15":"shipping-taxable","16":"product-type-simple"},"_links":{"self":[{"href":"https:\/\/www.chiwava.com\/fr\/wp-json\/wp\/v2\/product\/7999","targetHints":{"allow":["GET"]}}],"collection":[{"href":"https:\/\/www.chiwava.com\/fr\/wp-json\/wp\/v2\/product"}],"about":[{"href":"https:\/\/www.chiwava.com\/fr\/wp-json\/wp\/v2\/types\/product"}],"wp:featuredmedia":[{"embeddable":true,"href":"https:\/\/www.chiwava.com\/fr\/wp-json\/wp\/v2\/media\/28709"}],"wp:attachment":[{"href":"https:\/\/www.chiwava.com\/fr\/wp-json\/wp\/v2\/media?parent=7999"}],"wp:term":[{"taxonomy":"product_brand","embeddable":true,"href":"https:\/\/www.chiwava.com\/fr\/wp-json\/wp\/v2\/product_brand?post=7999"},{"taxonomy":"product_cat","embeddable":true,"href":"https:\/\/www.chiwava.com\/fr\/wp-json\/wp\/v2\/product_cat?post=7999"},{"taxonomy":"product_tag","embeddable":true,"href":"https:\/\/www.chiwava.com\/fr\/wp-json\/wp\/v2\/product_tag?post=7999"}],"curies":[{"name":"wp","href":"https:\/\/api.w.org\/{rel}","templated":true}]}}