{"id":7965,"date":"2021-03-23T07:19:17","date_gmt":"2021-03-23T07:19:17","guid":{"rendered":"https:\/\/www.chiwava.com\/?post_type=product&#038;p=7965"},"modified":"2025-10-10T06:46:10","modified_gmt":"2025-10-10T06:46:10","slug":"dtl21004","status":"publish","type":"product","link":"https:\/\/www.chiwava.com\/fr\/produit\/dtl21004\/","title":{"rendered":"Chiwava Lot de 3 balles rondes en latex 2,7 po pour chien couineur Smiley Face"},"content":{"rendered":"<p>Les boules de sourire rondes Chiwava sont en latex naturel. NON TOXIQUE. Le rev\u00eatement du jouet est agr\u00e9able au toucher et doux, facile \u00e0 nettoyer. avoir un petit haut-parleur qui produit un son attrayant lorsque vous le pressez. Peut \u00eatre utilis\u00e9 \u00e0 l&#039;int\u00e9rieur ou \u00e0 l&#039;ext\u00e9rieur. L\u00e9ger et facile \u00e0 emporter \u00e0 l&#039;ext\u00e9rieur. C&#039;est un jouet que vous pouvez jouer en jetant ou en jouant les uns avec les autres.<\/p>","protected":false},"excerpt":{"rendered":"<p><a href=\"https:\/\/www.chiwava.com\/fr\/boutique-de-marque\/\"><img loading=\"lazy\" decoding=\"async\" class=\"alignnone size-medium wp-image-94\" src=\"https:\/\/www.chiwava.com\/wp-content\/uploads\/2019\/06\/Amazon-300x73.png\" alt=\"\" width=\"300\" height=\"73\" srcset=\"https:\/\/www.chiwava.com\/wp-content\/uploads\/2019\/06\/Amazon-300x73.png 300w, https:\/\/www.chiwava.com\/wp-content\/uploads\/2019\/06\/Amazon.png 364w\" sizes=\"auto, (max-width: 300px) 100vw, 300px\" \/>\u00a0\u00a0<\/a><\/p>\n<p>Chiwava Lot de 4 jouets pour chien en latex Squeak Ensembles d&#039;ours bruns amusants Jeu interactif pour animaux de compagnie pour petits chiens de taille moyenne<\/p>\n<p>\u2764 Fabriqu\u00e9 avec du caoutchouc de latex naturel, non toxique.<br \/>\n\u2764 Soft, Squeeze Squeak, Round Smiley Face Ball, Farcies Remplies.<br \/>\n\u2764 Son de mastication interactif pour chiens et jeu de r\u00e9cup\u00e9ration \u00e0 l&#039;int\u00e9rieur en plein air.<br \/>\n\u2764 Contient 3 boules d&#039;expression faciale diff\u00e9rentes, id\u00e9ales pour aller chercher, lancer et rebondir.<br \/>\n\u2764 Convient aux petits chiens - Moins de 11 kg (24,25 lb). \u2026 <span class=\"more-button\"><a href=\"https:\/\/www.chiwava.com\/fr\/produit\/dtl21004\/\" class=\"more-link\">Continuer<span class=\"screen-reader-text\">Chiwava Lot de 3 balles rondes en latex 2,7 po pour chien couineur Smiley Face<\/span><\/a><\/span><\/p>","protected":false},"featured_media":75566,"template":"","meta":[],"product_brand":[],"product_cat":[16,286,15],"product_tag":[162,163,59,58],"class_list":{"0":"post-7965","1":"product","2":"type-product","3":"status-publish","4":"has-post-thumbnail","6":"product_cat-dog_toys","7":"product_cat-latex-dog-toys","8":"product_cat-pet_toys","9":"product_tag-dog-ball","10":"product_tag-face-ball-dog-toy","11":"product_tag-interactive-dog-toy","12":"product_tag-squeak-dog-toy","14":"first","15":"instock","16":"shipping-taxable","17":"product-type-simple"},"_links":{"self":[{"href":"https:\/\/www.chiwava.com\/fr\/wp-json\/wp\/v2\/product\/7965","targetHints":{"allow":["GET"]}}],"collection":[{"href":"https:\/\/www.chiwava.com\/fr\/wp-json\/wp\/v2\/product"}],"about":[{"href":"https:\/\/www.chiwava.com\/fr\/wp-json\/wp\/v2\/types\/product"}],"wp:featuredmedia":[{"embeddable":true,"href":"https:\/\/www.chiwava.com\/fr\/wp-json\/wp\/v2\/media\/75566"}],"wp:attachment":[{"href":"https:\/\/www.chiwava.com\/fr\/wp-json\/wp\/v2\/media?parent=7965"}],"wp:term":[{"taxonomy":"product_brand","embeddable":true,"href":"https:\/\/www.chiwava.com\/fr\/wp-json\/wp\/v2\/product_brand?post=7965"},{"taxonomy":"product_cat","embeddable":true,"href":"https:\/\/www.chiwava.com\/fr\/wp-json\/wp\/v2\/product_cat?post=7965"},{"taxonomy":"product_tag","embeddable":true,"href":"https:\/\/www.chiwava.com\/fr\/wp-json\/wp\/v2\/product_tag?post=7965"}],"curies":[{"name":"wp","href":"https:\/\/api.w.org\/{rel}","templated":true}]}}