{"id":7962,"date":"2021-03-23T07:12:52","date_gmt":"2021-03-23T07:12:52","guid":{"rendered":"https:\/\/www.chiwava.com\/?post_type=product&#038;p=7962"},"modified":"2025-10-10T06:46:12","modified_gmt":"2025-10-10T06:46:12","slug":"dtl21002","status":"publish","type":"product","link":"https:\/\/www.chiwava.com\/fr\/produit\/dtl21002\/","title":{"rendered":"Chiwava Lot de 4 jouets pour chien en latex Squeak Ensembles d&#039;ours bruns amusants"},"content":{"rendered":"<p>Les jouets Chiwava sont fabriqu\u00e9s \u00e0 partir de latex, NON TOXIQUE. Farci Rempli. Le rev\u00eatement des jouets est agr\u00e9able au toucher et doux, facile \u00e0 nettoyer. Les jouets sont livr\u00e9s en lot de 4 ours bruns avec diff\u00e9rentes formes amusantes (ours long b\u00e2ton, ours en forme d&#039;\u0153uf, ours en forme de boule de bowling et ours rond). avoir un petit couineur qui fait un bruit de grincement lorsque vous le pressez. Id\u00e9al pour aller chercher, lancer, remorquer et jouet interactif.<\/p>","protected":false},"excerpt":{"rendered":"<p><a href=\"https:\/\/www.chiwava.com\/fr\/boutique-de-marque\/\"><img loading=\"lazy\" decoding=\"async\" class=\"alignnone size-medium wp-image-94\" src=\"https:\/\/www.chiwava.com\/wp-content\/uploads\/2019\/06\/Amazon-300x73.png\" alt=\"\" width=\"300\" height=\"73\" srcset=\"https:\/\/www.chiwava.com\/wp-content\/uploads\/2019\/06\/Amazon-300x73.png 300w, https:\/\/www.chiwava.com\/wp-content\/uploads\/2019\/06\/Amazon.png 364w\" sizes=\"auto, (max-width: 300px) 100vw, 300px\" \/>\u00a0\u00a0<\/a><\/p>\n<p>Chiwava Lot de 4 jouets pour chien en latex Squeak Ensembles d&#039;ours bruns amusants Jeu interactif pour animaux de compagnie pour petits chiens de taille moyenne<\/p>\n<p>\u2764 Fabriqu\u00e9 avec du caoutchouc de latex naturel, non toxique.<br \/>\n\u2764 Doux, Squeeze Squeak, Funny Brown Bear Family, Rempli de peluche.<br \/>\n\u2764 Lot de 4 jouets d&#039;ours bruns amusants, ours \u00e0 long b\u00e2ton, ours en forme d&#039;\u0153uf, ours en forme de boule de bowling et ours rond.<br \/>\n\u2764 Id\u00e9al pour aller chercher, lancer, remorquer et jouet interactif, r\u00e9duire l&#039;ennui de vos animaux de compagnie et apporter du plaisir.<br \/>\n\u2764 Convient aux petits chiens - Moins de 11 kg (24,25 lb). \u2026 <span class=\"more-button\"><a href=\"https:\/\/www.chiwava.com\/fr\/produit\/dtl21002\/\" class=\"more-link\">Continuer<span class=\"screen-reader-text\">Chiwava Lot de 4 jouets pour chien en latex Squeak Ensembles d&#039;ours bruns amusants<\/span><\/a><\/span><\/p>","protected":false},"featured_media":77011,"template":"","meta":[],"product_brand":[],"product_cat":[16,286,15],"product_tag":[59,21,58],"class_list":{"0":"post-7962","1":"product","2":"type-product","3":"status-publish","4":"has-post-thumbnail","6":"product_cat-dog_toys","7":"product_cat-latex-dog-toys","8":"product_cat-pet_toys","9":"product_tag-interactive-dog-toy","10":"product_tag-latex-dog-toys","11":"product_tag-squeak-dog-toy","13":"first","14":"instock","15":"shipping-taxable","16":"product-type-simple"},"_links":{"self":[{"href":"https:\/\/www.chiwava.com\/fr\/wp-json\/wp\/v2\/product\/7962","targetHints":{"allow":["GET"]}}],"collection":[{"href":"https:\/\/www.chiwava.com\/fr\/wp-json\/wp\/v2\/product"}],"about":[{"href":"https:\/\/www.chiwava.com\/fr\/wp-json\/wp\/v2\/types\/product"}],"wp:featuredmedia":[{"embeddable":true,"href":"https:\/\/www.chiwava.com\/fr\/wp-json\/wp\/v2\/media\/77011"}],"wp:attachment":[{"href":"https:\/\/www.chiwava.com\/fr\/wp-json\/wp\/v2\/media?parent=7962"}],"wp:term":[{"taxonomy":"product_brand","embeddable":true,"href":"https:\/\/www.chiwava.com\/fr\/wp-json\/wp\/v2\/product_brand?post=7962"},{"taxonomy":"product_cat","embeddable":true,"href":"https:\/\/www.chiwava.com\/fr\/wp-json\/wp\/v2\/product_cat?post=7962"},{"taxonomy":"product_tag","embeddable":true,"href":"https:\/\/www.chiwava.com\/fr\/wp-json\/wp\/v2\/product_tag?post=7962"}],"curies":[{"name":"wp","href":"https:\/\/api.w.org\/{rel}","templated":true}]}}