{"id":77743,"date":"2024-11-11T09:03:39","date_gmt":"2024-11-11T09:03:39","guid":{"rendered":"https:\/\/www.chiwava.com\/?post_type=product&#038;p=77743"},"modified":"2025-04-09T06:06:35","modified_gmt":"2025-04-09T06:06:35","slug":"ctm00150-27pcs","status":"publish","type":"product","link":"https:\/\/www.chiwava.com\/fr\/produit\/ctm00150-27pcs\/","title":{"rendered":"Chiwava 27PCS Striped Shaggy Cat Toy Mice with Rattle Assorted Small Mouse Interactive Play pour chats d'int\u00e9rieur Mix Color"},"content":{"rendered":"<p>Les souris ray\u00e9es pour chats Chiwava sont con\u00e7ues pour divertir les chats tout en stimulant leur instinct naturel de chasseur. Coton doux \u00e0 l'ext\u00e9rieur, plastique \u00e0 l'int\u00e9rieur. 27PCS par bo\u00eete, trois souris de formes diff\u00e9rentes ont \u00e9t\u00e9 utilis\u00e9es, attirant vos chats et encourageant un jeu prolong\u00e9.Chaque souris comprend de petites pierres \u00e0 l'int\u00e9rieur qui cr\u00e9ent un bruit de cliquetis lorsqu'elles sont secou\u00e9es ou frapp\u00e9es.Id\u00e9al pour les chats qui aiment les jouets bruyants qui suscitent la curiosit\u00e9 et l'excitation.Petites et l\u00e9g\u00e8res, ces souris sont faciles \u00e0 lancer, \u00e0 frapper ou \u00e0 porter \u00e0 la bouche pour garder votre chat diverti et actif.Aide \u00e0 r\u00e9duire l'ennui et les comportements destructeurs chez les chats d'int\u00e9rieur.<\/p>","protected":false},"excerpt":{"rendered":"<p><a href=\"https:\/\/www.chiwava.com\/fr\/boutique-de-marque\/\"><img loading=\"lazy\" decoding=\"async\" class=\"alignnone size-medium wp-image-94\" src=\"https:\/\/www.chiwava.com\/wp-content\/uploads\/2019\/06\/Amazon-300x73.png\" alt=\"\" width=\"300\" height=\"73\" srcset=\"https:\/\/www.chiwava.com\/wp-content\/uploads\/2019\/06\/Amazon-300x73.png 300w, https:\/\/www.chiwava.com\/wp-content\/uploads\/2019\/06\/Amazon.png 364w\" sizes=\"auto, (max-width: 300px) 100vw, 300px\" \/><\/a><\/p>\n<p>Chiwava 27PCS Striped Shaggy Cat Toy Mice with Rattle Assorted Small Mouse (jouet pour chat ray\u00e9 avec hochet, petites souris)<\/p>\n<ul>\n<li>Ce jouet est fabriqu\u00e9 en plastique \u00e0 l'int\u00e9rieur et recouvert d'un fil de coton doux.<\/li>\n<li>Chaque souris contient un petit hochet \u00e0 l'int\u00e9rieur, le son du hochet attire l'attention de votre chat pour qu'il reste actif, ce qui favorise l'exercice et r\u00e9duit l'ennui.<\/li>\n<li>Trois souris diff\u00e9rentes offrent de la vari\u00e9t\u00e9 et captivent l'attention de votre chat. Id\u00e9ales pour les chats qui peuvent les battre, les porter ou les poursuivre.<\/li>\n<li>Compact et portable, suffisamment pour que les chats puissent le porter \u00e0 la bouche, imitant ainsi le comportement d'une proie. Aide les chats \u00e0 assouvir leur instinct de pr\u00e9dateur dans un environnement s\u00fbr et contr\u00f4l\u00e9.<\/li>\n<li>Emballage : 27 pi\u00e8ces par bo\u00eete, convient pour les jouets interactifs d'int\u00e9rieur et d'activit\u00e9.<\/li>\n<\/ul>\n<p> \u2026 <span class=\"more-button\"><a href=\"https:\/\/www.chiwava.com\/fr\/produit\/ctm00150-27pcs\/\" class=\"more-link\">Continuer<span class=\"screen-reader-text\">Chiwava 27PCS Striped Shaggy Cat Toy Mice with Rattle Assorted Small Mouse Interactive Play pour chats d'int\u00e9rieur Mix Color<\/span><\/a><\/span><\/p>","protected":false},"featured_media":77852,"template":"","meta":[],"product_brand":[],"product_cat":[17,15],"product_tag":[285,50,284],"class_list":{"0":"post-77743","1":"product","2":"type-product","3":"status-publish","4":"has-post-thumbnail","6":"product_cat-cat_toys","7":"product_cat-pet_toys","8":"product_tag-moppy-cat-toys-mice","9":"product_tag-rattle-cat-toys-mice","10":"product_tag-shaggy-cat-toy-mice","12":"first","13":"instock","14":"shipping-taxable","15":"product-type-simple"},"_links":{"self":[{"href":"https:\/\/www.chiwava.com\/fr\/wp-json\/wp\/v2\/product\/77743","targetHints":{"allow":["GET"]}}],"collection":[{"href":"https:\/\/www.chiwava.com\/fr\/wp-json\/wp\/v2\/product"}],"about":[{"href":"https:\/\/www.chiwava.com\/fr\/wp-json\/wp\/v2\/types\/product"}],"wp:featuredmedia":[{"embeddable":true,"href":"https:\/\/www.chiwava.com\/fr\/wp-json\/wp\/v2\/media\/77852"}],"wp:attachment":[{"href":"https:\/\/www.chiwava.com\/fr\/wp-json\/wp\/v2\/media?parent=77743"}],"wp:term":[{"taxonomy":"product_brand","embeddable":true,"href":"https:\/\/www.chiwava.com\/fr\/wp-json\/wp\/v2\/product_brand?post=77743"},{"taxonomy":"product_cat","embeddable":true,"href":"https:\/\/www.chiwava.com\/fr\/wp-json\/wp\/v2\/product_cat?post=77743"},{"taxonomy":"product_tag","embeddable":true,"href":"https:\/\/www.chiwava.com\/fr\/wp-json\/wp\/v2\/product_tag?post=77743"}],"curies":[{"name":"wp","href":"https:\/\/api.w.org\/{rel}","templated":true}]}}