{"id":77699,"date":"2024-11-01T07:23:20","date_gmt":"2024-11-01T07:23:20","guid":{"rendered":"https:\/\/www.chiwava.com\/?post_type=product&#038;p=77699"},"modified":"2025-04-09T03:07:59","modified_gmt":"2025-04-09T03:07:59","slug":"chiwava-furry-cat-toy-mice","status":"publish","type":"product","link":"https:\/\/www.chiwava.com\/fr\/produit\/chiwava-furry-cat-toy-mice\/","title":{"rendered":"Chiwava 36PCS Candy Color Furry Cat Toy Rattle Mouse Kitten Interactive Toy Assorted Color"},"content":{"rendered":"<p>Les souris Chiwava Candy Color Cat Toy sont des jouets ludiques con\u00e7us pour faire participer les chats \u00e0 des jeux amusants et interactifs. Ext\u00e9rieur en fourrure, int\u00e9rieur en plastique. 36 pi\u00e8ces par bo\u00eete, Contrairement aux souris jouets traditionnelles, ces souris ont un design simple, sans yeux. Ces jouets sont s\u00fbrs pour les chats qui peuvent les appr\u00e9cier sans risquer d'avaler des morceaux comme les yeux en plastique. Chaque souris contient des petits cailloux qui cr\u00e9ent un bruit de cliquetis lorsqu'ils sont secou\u00e9s ou frapp\u00e9s, ce qui \u00e9veille la curiosit\u00e9 du chat et attire son attention. Id\u00e9al pour frapper, poursuivre, rebondir et jouer de mani\u00e8re interactive. C'est un bon choix pour les chats qui aiment les designs minimalistes avec des couleurs vari\u00e9es, offrant des heures d'amusement et de stimulation mentale.<\/p>","protected":false},"excerpt":{"rendered":"<p><a href=\"https:\/\/www.chiwava.com\/fr\/boutique-de-marque\/\"><img loading=\"lazy\" decoding=\"async\" class=\"alignnone size-medium wp-image-94\" src=\"https:\/\/www.chiwava.com\/wp-content\/uploads\/2019\/06\/Amazon-300x73.png\" alt=\"\" width=\"300\" height=\"73\" srcset=\"https:\/\/www.chiwava.com\/wp-content\/uploads\/2019\/06\/Amazon-300x73.png 300w, https:\/\/www.chiwava.com\/wp-content\/uploads\/2019\/06\/Amazon.png 364w\" sizes=\"auto, (max-width: 300px) 100vw, 300px\" \/><\/a><\/p>\n<p>Chiwava 36PCS Candy Color Furry Cat Toy Rattle Mouse Kitten Interactive Toy Assorted Color<\/p>\n<ul>\n<li>Fourrure synth\u00e9tique Souris \u00e0 l'ext\u00e9rieur et plastique \u00e0 l'int\u00e9rieur. Fournit une bonne texture pour que les chats puissent la battre, la m\u00e2cher et la porter.<\/li>\n<li>Chaque souris contient un petit hochet qui produit un son de cliquetis lorsqu'il est secou\u00e9 ou frapp\u00e9, ce qui attire votre chat et l'incite \u00e0 jouer plus longtemps.<\/li>\n<li>Fabriqu\u00e9 avec des coutures s\u00fbres, un design sans yeux, s\u00fbr pour les chats, sans pi\u00e8ces d\u00e9tach\u00e9es.<\/li>\n<li>Diverses souris de couleur bonbon pour renforcer l'int\u00e9r\u00eat et l'excitation pendant le jeu.<\/li>\n<li>36 pi\u00e8ces par bo\u00eete, id\u00e9al pour les battes, les morsures et les jouets d'activit\u00e9. Stimule les instincts naturels de chasse de votre chat.<\/li>\n<\/ul>\n<p> \u2026 <span class=\"more-button\"><a href=\"https:\/\/www.chiwava.com\/fr\/produit\/chiwava-furry-cat-toy-mice\/\" class=\"more-link\">Continuer<span class=\"screen-reader-text\">Chiwava 36PCS Candy Color Furry Cat Toy Rattle Mouse Kitten Interactive Toy Assorted Color<\/span><\/a><\/span><\/p>","protected":false},"featured_media":77741,"template":"","meta":[],"product_brand":[],"product_cat":[17,15],"product_tag":[25,242,50],"class_list":{"0":"post-77699","1":"product","2":"type-product","3":"status-publish","4":"has-post-thumbnail","6":"product_cat-cat_toys","7":"product_cat-pet_toys","8":"product_tag-cat-toys-mice","9":"product_tag-fur-cat-toy-mice","10":"product_tag-rattle-cat-toys-mice","12":"first","13":"instock","14":"shipping-taxable","15":"product-type-grouped"},"_links":{"self":[{"href":"https:\/\/www.chiwava.com\/fr\/wp-json\/wp\/v2\/product\/77699","targetHints":{"allow":["GET"]}}],"collection":[{"href":"https:\/\/www.chiwava.com\/fr\/wp-json\/wp\/v2\/product"}],"about":[{"href":"https:\/\/www.chiwava.com\/fr\/wp-json\/wp\/v2\/types\/product"}],"wp:featuredmedia":[{"embeddable":true,"href":"https:\/\/www.chiwava.com\/fr\/wp-json\/wp\/v2\/media\/77741"}],"wp:attachment":[{"href":"https:\/\/www.chiwava.com\/fr\/wp-json\/wp\/v2\/media?parent=77699"}],"wp:term":[{"taxonomy":"product_brand","embeddable":true,"href":"https:\/\/www.chiwava.com\/fr\/wp-json\/wp\/v2\/product_brand?post=77699"},{"taxonomy":"product_cat","embeddable":true,"href":"https:\/\/www.chiwava.com\/fr\/wp-json\/wp\/v2\/product_cat?post=77699"},{"taxonomy":"product_tag","embeddable":true,"href":"https:\/\/www.chiwava.com\/fr\/wp-json\/wp\/v2\/product_tag?post=77699"}],"curies":[{"name":"wp","href":"https:\/\/api.w.org\/{rel}","templated":true}]}}