{"id":77637,"date":"2024-10-10T07:40:39","date_gmt":"2024-10-10T07:40:39","guid":{"rendered":"https:\/\/www.chiwava.com\/?post_type=product&#038;p=77637"},"modified":"2025-04-09T03:03:03","modified_gmt":"2025-04-09T03:03:03","slug":"dtl24001","status":"publish","type":"product","link":"https:\/\/www.chiwava.com\/fr\/produit\/dtl24001\/","title":{"rendered":"CHIWAVA Lot de 3 jouets amusants en latex pour chien en forme de citrouille de 2,6 pouces Jeu interactif pour petits chiens"},"content":{"rendered":"<p>Les jouets pour chiens Chiwava Pumpkin sont fabriqu\u00e9s en latex naturel. NON-TOXIQUE. Le rev\u00eatement du jouet est agr\u00e9able au toucher et doux, il n'y a pas de remplissage \u00e0 l'int\u00e9rieur. Sa couleur orange vif et son expression mignonne ajoutent \u00e0 son attrait. Id\u00e9al pour Halloween, le jouet est dot\u00e9 d'un couineur int\u00e9gr\u00e9 qui \u00e9met un son amusant lorsqu'il est press\u00e9 ou mordu. Il est con\u00e7u pour les chiots et les petits chiens. Les jouets interactifs qui couinent sont sans danger pour votre animal de compagnie qui peut les m\u00e2cher et les jouer \u00e0 aller chercher.<\/p>","protected":false},"excerpt":{"rendered":"<p><a href=\"https:\/\/www.chiwava.com\/fr\/boutique-de-marque\/\"><img loading=\"lazy\" decoding=\"async\" class=\"alignnone size-medium wp-image-94\" src=\"https:\/\/www.chiwava.com\/wp-content\/uploads\/2019\/06\/Amazon-300x73.png\" alt=\"\" width=\"300\" height=\"73\" srcset=\"https:\/\/www.chiwava.com\/wp-content\/uploads\/2019\/06\/Amazon-300x73.png 300w, https:\/\/www.chiwava.com\/wp-content\/uploads\/2019\/06\/Amazon.png 364w\" sizes=\"auto, (max-width: 300px) 100vw, 300px\" \/><\/a><\/p>\n<p>CHIWAVA Lot de 3 jouets amusants en latex pour chien en forme de citrouille de 2,6 pouces Jeu interactif pour petits chiens<\/p>\n<p>Fabriqu\u00e9 avec du caoutchouc latex naturel, non toxique.<br \/>\n\u2764 Douceur, pression, grincement, citrouille amusante avec diff\u00e9rentes expressions de visage, pas de rembourrage.<br \/>\n\u2764 L\u00e9ger et rebondissant, le jouet est facile \u00e0 lancer, ce qui le rend id\u00e9al pour les jeux d'aller chercher \u00e0 l'int\u00e9rieur et \u00e0 l'ext\u00e9rieur.<br \/>\n\u2764 Contient 3 expressions amusantes diff\u00e9rentes, ce qui permet \u00e0 votre chiot de s'amuser et de se divertir.<br \/>\n\u2764 Convient aux petits chiens - Moins de 11 kg (24,25 lb). \u2026 <span class=\"more-button\"><a href=\"https:\/\/www.chiwava.com\/fr\/produit\/dtl24001\/\" class=\"more-link\">Continuer<span class=\"screen-reader-text\">CHIWAVA Lot de 3 jouets amusants en latex pour chien en forme de citrouille de 2,6 pouces Jeu interactif pour petits chiens<\/span><\/a><\/span><\/p>","protected":false},"featured_media":77639,"template":"","meta":[],"product_brand":[],"product_cat":[16,15],"product_tag":[279,21,58],"class_list":{"0":"post-77637","1":"product","2":"type-product","3":"status-publish","4":"has-post-thumbnail","6":"product_cat-dog_toys","7":"product_cat-pet_toys","8":"product_tag-dog-fetch-toy","9":"product_tag-latex-dog-toys","10":"product_tag-squeak-dog-toy","12":"first","13":"instock","14":"shipping-taxable","15":"product-type-grouped"},"_links":{"self":[{"href":"https:\/\/www.chiwava.com\/fr\/wp-json\/wp\/v2\/product\/77637","targetHints":{"allow":["GET"]}}],"collection":[{"href":"https:\/\/www.chiwava.com\/fr\/wp-json\/wp\/v2\/product"}],"about":[{"href":"https:\/\/www.chiwava.com\/fr\/wp-json\/wp\/v2\/types\/product"}],"wp:featuredmedia":[{"embeddable":true,"href":"https:\/\/www.chiwava.com\/fr\/wp-json\/wp\/v2\/media\/77639"}],"wp:attachment":[{"href":"https:\/\/www.chiwava.com\/fr\/wp-json\/wp\/v2\/media?parent=77637"}],"wp:term":[{"taxonomy":"product_brand","embeddable":true,"href":"https:\/\/www.chiwava.com\/fr\/wp-json\/wp\/v2\/product_brand?post=77637"},{"taxonomy":"product_cat","embeddable":true,"href":"https:\/\/www.chiwava.com\/fr\/wp-json\/wp\/v2\/product_cat?post=77637"},{"taxonomy":"product_tag","embeddable":true,"href":"https:\/\/www.chiwava.com\/fr\/wp-json\/wp\/v2\/product_tag?post=77637"}],"curies":[{"name":"wp","href":"https:\/\/api.w.org\/{rel}","templated":true}]}}