{"id":77614,"date":"2024-09-25T03:03:56","date_gmt":"2024-09-25T03:03:56","guid":{"rendered":"https:\/\/www.chiwava.com\/?post_type=product&#038;p=77614"},"modified":"2025-04-09T03:03:59","modified_gmt":"2025-04-09T03:03:59","slug":"ctm12007-6pcs","status":"publish","type":"product","link":"https:\/\/www.chiwava.com\/fr\/produit\/ctm12007-6pcs\/","title":{"rendered":"Chiwava Lot de 6 souris \u00e0 poils longs de 3,1 pouces avec hochet d\u00e9grad\u00e9 de couleur pour petit chat"},"content":{"rendered":"<p>Chiwava Long Haired Furry Mice with Rattle est un jouet amusant de couleur d\u00e9grad\u00e9e con\u00e7u pour les chats. Ces jouets sont recouverts d'une longue fourrure douce et color\u00e9e qui semble r\u00e9aliste et qui stimule les instincts de chasse du chat. A l'int\u00e9rieur, un hochet cach\u00e9 produit un son de hochet lorsque le jouet est frapp\u00e9 ou secou\u00e9, captant l'attention de votre chat et encourageant l'interaction ludique. La combinaison de la texture de la longue fourrure et du son du hochet offre une stimulation \u00e0 la fois tactile et auditive, ce qui permet aux chats de se divertir et de s'engager mentalement.<\/p>","protected":false},"excerpt":{"rendered":"<p><a href=\"https:\/\/www.chiwava.com\/fr\/boutique-de-marque\/\"><img loading=\"lazy\" decoding=\"async\" class=\"alignnone size-medium wp-image-94\" src=\"https:\/\/www.chiwava.com\/wp-content\/uploads\/2019\/06\/Amazon-300x73.png\" alt=\"\" width=\"300\" height=\"73\" srcset=\"https:\/\/www.chiwava.com\/wp-content\/uploads\/2019\/06\/Amazon-300x73.png 300w, https:\/\/www.chiwava.com\/wp-content\/uploads\/2019\/06\/Amazon.png 364w\" sizes=\"auto, (max-width: 300px) 100vw, 300px\" \/><\/a><\/p>\n<p>Chiwava Lot de 6 souris \u00e0 poils longs de 3,1 pouces avec hochet d\u00e9grad\u00e9 de couleur pour petit chat<\/p>\n<ul>\n<li>Ce jouet en plastique est recouvert d'une longue fourrure douce au toucher.<\/li>\n<li>Chaque souris contient un petit hochet \u00e0 l'int\u00e9rieur, le son du hochet garde votre chat intrigu\u00e9 et joueur.<\/li>\n<li>La taille compacte du jouet est parfaite pour que les chats puissent le porter dans leur bouche ou le faire tourner, ce qui leur permet de le frapper, de le lancer, de le poursuivre et de le faire bondir.<\/li>\n<li>Id\u00e9al pour les jeux ind\u00e9pendants, le design en couleurs d\u00e9grad\u00e9es attire l'attention du chat et l'encourage \u00e0 jouer activement et \u00e0 faire de l'exercice.<\/li>\n<li>Emballage : 6 pi\u00e8ces par bo\u00eete, convient pour les jouets interactifs d'int\u00e9rieur et d'activit\u00e9.<\/li>\n<\/ul>\n<p> \u2026 <span class=\"more-button\"><a href=\"https:\/\/www.chiwava.com\/fr\/produit\/ctm12007-6pcs\/\" class=\"more-link\">Continuer<span class=\"screen-reader-text\">Chiwava Lot de 6 souris \u00e0 poils longs de 3,1 pouces avec hochet d\u00e9grad\u00e9 de couleur pour petit chat<\/span><\/a><\/span><\/p>","protected":false},"featured_media":77662,"template":"","meta":[],"product_brand":[],"product_cat":[17,15],"product_tag":[25,242,50],"class_list":{"0":"post-77614","1":"product","2":"type-product","3":"status-publish","4":"has-post-thumbnail","6":"product_cat-cat_toys","7":"product_cat-pet_toys","8":"product_tag-cat-toys-mice","9":"product_tag-fur-cat-toy-mice","10":"product_tag-rattle-cat-toys-mice","12":"first","13":"instock","14":"shipping-taxable","15":"product-type-grouped"},"_links":{"self":[{"href":"https:\/\/www.chiwava.com\/fr\/wp-json\/wp\/v2\/product\/77614","targetHints":{"allow":["GET"]}}],"collection":[{"href":"https:\/\/www.chiwava.com\/fr\/wp-json\/wp\/v2\/product"}],"about":[{"href":"https:\/\/www.chiwava.com\/fr\/wp-json\/wp\/v2\/types\/product"}],"wp:featuredmedia":[{"embeddable":true,"href":"https:\/\/www.chiwava.com\/fr\/wp-json\/wp\/v2\/media\/77662"}],"wp:attachment":[{"href":"https:\/\/www.chiwava.com\/fr\/wp-json\/wp\/v2\/media?parent=77614"}],"wp:term":[{"taxonomy":"product_brand","embeddable":true,"href":"https:\/\/www.chiwava.com\/fr\/wp-json\/wp\/v2\/product_brand?post=77614"},{"taxonomy":"product_cat","embeddable":true,"href":"https:\/\/www.chiwava.com\/fr\/wp-json\/wp\/v2\/product_cat?post=77614"},{"taxonomy":"product_tag","embeddable":true,"href":"https:\/\/www.chiwava.com\/fr\/wp-json\/wp\/v2\/product_tag?post=77614"}],"curies":[{"name":"wp","href":"https:\/\/api.w.org\/{rel}","templated":true}]}}