{"id":77612,"date":"2024-09-25T03:02:52","date_gmt":"2024-09-25T03:02:52","guid":{"rendered":"https:\/\/www.chiwava.com\/?post_type=product&#038;p=77612"},"modified":"2025-04-09T03:05:47","modified_gmt":"2025-04-09T03:05:47","slug":"ctm12005-36pcs","status":"publish","type":"product","link":"https:\/\/www.chiwava.com\/fr\/produit\/ctm12005-36pcs\/","title":{"rendered":"Chiwava Lot de 36 souris \u00e0 fourrure arc-en-ciel de 4,6 cm avec hochet pour chat et chaton"},"content":{"rendered":"<p>Chiwava Rainbow Color Furry Rattle Cat Toys Mice with Faux Fur Outside. 36PCS par bo\u00eete, chaque jouet a des billes, ajoute une couche suppl\u00e9mentaire d'excitation en incluant un petit hochet \u00e0 l'int\u00e9rieur, ce qui les rend parfaits pour \u00e9veiller la curiosit\u00e9 d'un chat et encourager le jeu actif. Id\u00e9al pour les jeux interactifs d'int\u00e9rieur, ce jouet stimule les instincts de chasse des chats, les encourageant \u00e0 donner des coups, \u00e0 bondir et \u00e0 poursuivre le jouet.<\/p>","protected":false},"excerpt":{"rendered":"<p><a href=\"https:\/\/www.chiwava.com\/fr\/boutique-de-marque\/\"><img loading=\"lazy\" decoding=\"async\" class=\"alignnone size-medium wp-image-94\" src=\"https:\/\/www.chiwava.com\/wp-content\/uploads\/2019\/06\/Amazon-300x73.png\" alt=\"\" width=\"300\" height=\"73\" srcset=\"https:\/\/www.chiwava.com\/wp-content\/uploads\/2019\/06\/Amazon-300x73.png 300w, https:\/\/www.chiwava.com\/wp-content\/uploads\/2019\/06\/Amazon.png 364w\" sizes=\"auto, (max-width: 300px) 100vw, 300px\" \/><\/a><\/p>\n<p>Chiwava Lot de 36 souris \u00e0 fourrure arc-en-ciel de 4,6 cm avec hochet pour chat et chaton<\/p>\n<ul>\n<li>Ext\u00e9rieur en tissu doux et fourrure et int\u00e9rieur en plastique. Cette texture convient aux chats qui peuvent l'attraper, la frapper et la porter \u00e0 la bouche.<\/li>\n<li>Un petit hochet est cach\u00e9 \u00e0 l'int\u00e9rieur de chaque souris, cr\u00e9ant ainsi un son qui attire l'attention du chat \u00e0 chaque coup de patte et \u00e0 chaque bond.<\/li>\n<li>Souris de 1,8 pouce aux couleurs de l'arc-en-ciel, attirant le sens de la curiosit\u00e9 du chat et les rendant faciles \u00e0 rep\u00e9rer.<\/li>\n<li>Parfait pour offrir aux chats un jeu actif et une stimulation mentale, encourageant leur instinct de chasseur et \u00e9vitant l'ennui.<\/li>\n<li>36 pi\u00e8ces par bo\u00eete PDQ, pour que vos chats se divertissent et s'occupent.<\/li>\n<\/ul>\n<p> \u2026 <span class=\"more-button\"><a href=\"https:\/\/www.chiwava.com\/fr\/produit\/ctm12005-36pcs\/\" class=\"more-link\">Continuer<span class=\"screen-reader-text\">Chiwava Lot de 36 souris \u00e0 fourrure arc-en-ciel de 4,6 cm avec hochet pour chat et chaton<\/span><\/a><\/span><\/p>","protected":false},"featured_media":77682,"template":"","meta":[],"product_brand":[],"product_cat":[17,15],"product_tag":[25,242,50],"class_list":{"0":"post-77612","1":"product","2":"type-product","3":"status-publish","4":"has-post-thumbnail","6":"product_cat-cat_toys","7":"product_cat-pet_toys","8":"product_tag-cat-toys-mice","9":"product_tag-fur-cat-toy-mice","10":"product_tag-rattle-cat-toys-mice","12":"first","13":"instock","14":"shipping-taxable","15":"product-type-simple"},"_links":{"self":[{"href":"https:\/\/www.chiwava.com\/fr\/wp-json\/wp\/v2\/product\/77612","targetHints":{"allow":["GET"]}}],"collection":[{"href":"https:\/\/www.chiwava.com\/fr\/wp-json\/wp\/v2\/product"}],"about":[{"href":"https:\/\/www.chiwava.com\/fr\/wp-json\/wp\/v2\/types\/product"}],"wp:featuredmedia":[{"embeddable":true,"href":"https:\/\/www.chiwava.com\/fr\/wp-json\/wp\/v2\/media\/77682"}],"wp:attachment":[{"href":"https:\/\/www.chiwava.com\/fr\/wp-json\/wp\/v2\/media?parent=77612"}],"wp:term":[{"taxonomy":"product_brand","embeddable":true,"href":"https:\/\/www.chiwava.com\/fr\/wp-json\/wp\/v2\/product_brand?post=77612"},{"taxonomy":"product_cat","embeddable":true,"href":"https:\/\/www.chiwava.com\/fr\/wp-json\/wp\/v2\/product_cat?post=77612"},{"taxonomy":"product_tag","embeddable":true,"href":"https:\/\/www.chiwava.com\/fr\/wp-json\/wp\/v2\/product_tag?post=77612"}],"curies":[{"name":"wp","href":"https:\/\/api.w.org\/{rel}","templated":true}]}}