{"id":77107,"date":"2024-06-28T05:29:51","date_gmt":"2024-06-28T05:29:51","guid":{"rendered":"https:\/\/www.chiwava.com\/?post_type=product&#038;p=77107"},"modified":"2025-10-10T06:40:54","modified_gmt":"2025-10-10T06:40:54","slug":"er223-bu","status":"publish","type":"product","link":"https:\/\/www.chiwava.com\/fr\/produit\/er223-bu\/","title":{"rendered":"Chiwava 3,5\u2033 Distributeur de friandises en caoutchouc Jouet \u00e0 m\u00e2cher Nettoyage des dents pour chiens de taille moyenne et grande Couleur Bleu"},"content":{"rendered":"<p>Le jouet \u00e0 m\u00e2cher en caoutchouc avec distributeur de friandises est un jouet multifonctionnel con\u00e7u pour d\u00e9fier et divertir les chiens. Fabriqu\u00e9 en caoutchouc naturel, non toxique. Cette balle peut \u00eatre pr\u00e9sent\u00e9e de trois fa\u00e7ons, peut s&#039;ouvrir ou se fermer. Facile \u00e0 ramasser, \u00e0 r\u00e9cup\u00e9rer et \u00e0 distribuer des friandises. Le jouet comprend des ouvertures plac\u00e9es o\u00f9 vous pouvez ins\u00e9rer les friandises ou croquettes pr\u00e9f\u00e9r\u00e9es de votre chien. Au fur et \u00e0 mesure que votre chien m\u00e2che, joue ou lance le jouet, les friandises sont progressivement lib\u00e9r\u00e9es. La surface textur\u00e9e du jouet est dot\u00e9e de caract\u00e9ristiques qui aident \u00e0 nettoyer les dents et \u00e0 masser les gencives. C&#039;est un bon choix pour occuper les chiens, r\u00e9duire l&#039;ennui et offrir un moyen amusant de profiter de leurs friandises.<\/p>","protected":false},"excerpt":{"rendered":"<p><a href=\"https:\/\/www.chiwava.com\/fr\/boutique-de-marque\/\"><img loading=\"lazy\" decoding=\"async\" class=\"alignnone size-medium wp-image-94\" src=\"https:\/\/www.chiwava.com\/wp-content\/uploads\/2019\/06\/Amazon-300x73.png\" alt=\"\" width=\"300\" height=\"73\" srcset=\"https:\/\/www.chiwava.com\/wp-content\/uploads\/2019\/06\/Amazon-300x73.png 300w, https:\/\/www.chiwava.com\/wp-content\/uploads\/2019\/06\/Amazon.png 364w\" sizes=\"auto, (max-width: 300px) 100vw, 300px\" \/><\/a><\/p>\n<p>Chiwava 3,5\u2033 Distributeur de friandises en caoutchouc Jouet \u00e0 m\u00e2cher Nettoyage des dents pour chiens de taille moyenne et grande Couleur Bleu<\/p>\n<p>\u2764 Fabriqu\u00e9 en caoutchouc naturel, non toxique.<br \/>\n\u2764 Cette balle peut \u00eatre pr\u00e9sent\u00e9e de trois mani\u00e8res, peut s&#039;ouvrir ou se fermer. Facile \u00e0 ramasser et \u00e0 nettoyer les dents.<br \/>\n\u2764 La collation peut \u00eatre mise dedans lorsqu&#039;elle est ouverte, peut rouler lorsqu&#039;elle est ferm\u00e9e.<br \/>\n\u2764 Id\u00e9al pour rapporter et lancer, offrez-leur des heures de divertissement et d&#039;exercice.<br \/>\n\u2764 Convient aux chiens de taille moyenne \u2013 11 ~ 40 kg (24 ~ 88,2 lb). Facile \u00e0 nettoyer. \u2026 <span class=\"more-button\"><a href=\"https:\/\/www.chiwava.com\/fr\/produit\/er223-bu\/\" class=\"more-link\">Continuer<span class=\"screen-reader-text\">Chiwava 3,5\u2033 Distributeur de friandises en caoutchouc Jouet \u00e0 m\u00e2cher Nettoyage des dents pour chiens de taille moyenne et grande Couleur Bleu<\/span><\/a><\/span><\/p>","protected":false},"featured_media":77246,"template":"","meta":[],"product_brand":[],"product_cat":[16,15,287],"product_tag":[279,156,282],"class_list":{"0":"post-77107","1":"product","2":"type-product","3":"status-publish","4":"has-post-thumbnail","6":"product_cat-dog_toys","7":"product_cat-pet_toys","8":"product_cat-rubber-dog-toys","9":"product_tag-dog-fetch-toy","10":"product_tag-rubber-dog-toy","11":"product_tag-treat-dispensing-dog-toy","13":"first","14":"instock","15":"shipping-taxable","16":"product-type-simple"},"_links":{"self":[{"href":"https:\/\/www.chiwava.com\/fr\/wp-json\/wp\/v2\/product\/77107","targetHints":{"allow":["GET"]}}],"collection":[{"href":"https:\/\/www.chiwava.com\/fr\/wp-json\/wp\/v2\/product"}],"about":[{"href":"https:\/\/www.chiwava.com\/fr\/wp-json\/wp\/v2\/types\/product"}],"wp:featuredmedia":[{"embeddable":true,"href":"https:\/\/www.chiwava.com\/fr\/wp-json\/wp\/v2\/media\/77246"}],"wp:attachment":[{"href":"https:\/\/www.chiwava.com\/fr\/wp-json\/wp\/v2\/media?parent=77107"}],"wp:term":[{"taxonomy":"product_brand","embeddable":true,"href":"https:\/\/www.chiwava.com\/fr\/wp-json\/wp\/v2\/product_brand?post=77107"},{"taxonomy":"product_cat","embeddable":true,"href":"https:\/\/www.chiwava.com\/fr\/wp-json\/wp\/v2\/product_cat?post=77107"},{"taxonomy":"product_tag","embeddable":true,"href":"https:\/\/www.chiwava.com\/fr\/wp-json\/wp\/v2\/product_tag?post=77107"}],"curies":[{"name":"wp","href":"https:\/\/api.w.org\/{rel}","templated":true}]}}