{"id":77103,"date":"2024-06-28T03:08:23","date_gmt":"2024-06-28T03:08:23","guid":{"rendered":"https:\/\/www.chiwava.com\/?post_type=product&#038;p=77103"},"modified":"2025-10-10T06:40:56","modified_gmt":"2025-10-10T06:40:56","slug":"er222-bu","status":"publish","type":"product","link":"https:\/\/www.chiwava.com\/fr\/produit\/er222-bu\/","title":{"rendered":"Chiwava 6.4\u2033 Jouet pour chien avec anneau en caoutchouc avec bol \u00e0 collation Jouets d&#039;entra\u00eenement pour grands chiens Couleur bleu"},"content":{"rendered":"<p>Le jouet pour chien Ring avec bol \u00e0 collation est un jouet interactif \u00e0 double usage con\u00e7u pour divertir les chiens tout en offrant un excellent moyen de servir des friandises ou des collations. Il pr\u00e9sente un design en forme d&#039;anneau et est fabriqu\u00e9 en caoutchouc naturel, non toxique. Le trou de l&#039;anneau sert \u00e9galement de bol \u00e0 collation, vous pouvez y placer les friandises pr\u00e9f\u00e9r\u00e9es de votre chien, des croquettes. Id\u00e9al pour m\u00e2cher, lancer, rapporter ou transporter l&#039;anneau tout en profitant de ses collations. Il peut aider \u00e0 nettoyer les dents et \u00e0 masser les gencives, favorisant ainsi la sant\u00e9 bucco-dentaire pendant les jeux.<\/p>","protected":false},"excerpt":{"rendered":"<p><a href=\"https:\/\/www.chiwava.com\/fr\/boutique-de-marque\/\"><img loading=\"lazy\" decoding=\"async\" class=\"alignnone size-medium wp-image-94\" src=\"https:\/\/www.chiwava.com\/wp-content\/uploads\/2019\/06\/Amazon-300x73.png\" alt=\"\" width=\"300\" height=\"73\" srcset=\"https:\/\/www.chiwava.com\/wp-content\/uploads\/2019\/06\/Amazon-300x73.png 300w, https:\/\/www.chiwava.com\/wp-content\/uploads\/2019\/06\/Amazon.png 364w\" sizes=\"auto, (max-width: 300px) 100vw, 300px\" \/><\/a><\/p>\n<p>Chiwava 6.4\u2033 Jouet pour chien avec anneau en caoutchouc avec bol \u00e0 collation Jouets d&#039;entra\u00eenement pour grands chiens Couleur bleu<\/p>\n<p>\u2764 Fabriqu\u00e9 en caoutchouc naturel, non toxique.<br \/>\n\u2764 La poche du Ring Stuffer maintient l&#039;anneau inclin\u00e9 par rapport au sol, facile \u00e0 ramasser, \u00e0 m\u00e2cher et \u00e0 nettoyer les dents.<br \/>\n\u2764 Vous pouvez ajouter la collation ou le beurre de cacahu\u00e8te dans le trou pour rendre encore plus int\u00e9ressant.<br \/>\n\u2764 Id\u00e9al pour rapporter et lancer, offrant une liaison amusante et amusante avec votre animal de compagnie.<br \/>\n\u2764 Convient aux grands chiens \u2013 31 ~ 40 kg (68,3 ~ 88,2 lb). Facile \u00e0 nettoyer. \u2026 <span class=\"more-button\"><a href=\"https:\/\/www.chiwava.com\/fr\/produit\/er222-bu\/\" class=\"more-link\">Continuer<span class=\"screen-reader-text\">Chiwava 6.4\u2033 Jouet pour chien avec anneau en caoutchouc avec bol \u00e0 collation Jouets d&#039;entra\u00eenement pour grands chiens Couleur bleu<\/span><\/a><\/span><\/p>","protected":false},"featured_media":77253,"template":"","meta":[],"product_brand":[],"product_cat":[16,15,287],"product_tag":[279,156,282],"class_list":{"0":"post-77103","1":"product","2":"type-product","3":"status-publish","4":"has-post-thumbnail","6":"product_cat-dog_toys","7":"product_cat-pet_toys","8":"product_cat-rubber-dog-toys","9":"product_tag-dog-fetch-toy","10":"product_tag-rubber-dog-toy","11":"product_tag-treat-dispensing-dog-toy","13":"first","14":"instock","15":"shipping-taxable","16":"product-type-simple"},"_links":{"self":[{"href":"https:\/\/www.chiwava.com\/fr\/wp-json\/wp\/v2\/product\/77103","targetHints":{"allow":["GET"]}}],"collection":[{"href":"https:\/\/www.chiwava.com\/fr\/wp-json\/wp\/v2\/product"}],"about":[{"href":"https:\/\/www.chiwava.com\/fr\/wp-json\/wp\/v2\/types\/product"}],"wp:featuredmedia":[{"embeddable":true,"href":"https:\/\/www.chiwava.com\/fr\/wp-json\/wp\/v2\/media\/77253"}],"wp:attachment":[{"href":"https:\/\/www.chiwava.com\/fr\/wp-json\/wp\/v2\/media?parent=77103"}],"wp:term":[{"taxonomy":"product_brand","embeddable":true,"href":"https:\/\/www.chiwava.com\/fr\/wp-json\/wp\/v2\/product_brand?post=77103"},{"taxonomy":"product_cat","embeddable":true,"href":"https:\/\/www.chiwava.com\/fr\/wp-json\/wp\/v2\/product_cat?post=77103"},{"taxonomy":"product_tag","embeddable":true,"href":"https:\/\/www.chiwava.com\/fr\/wp-json\/wp\/v2\/product_tag?post=77103"}],"curies":[{"name":"wp","href":"https:\/\/api.w.org\/{rel}","templated":true}]}}