{"id":77102,"date":"2024-06-28T02:46:21","date_gmt":"2024-06-28T02:46:21","guid":{"rendered":"https:\/\/www.chiwava.com\/?post_type=product&#038;p=77102"},"modified":"2025-10-10T06:40:57","modified_gmt":"2025-10-10T06:40:57","slug":"er216-ou","status":"publish","type":"product","link":"https:\/\/www.chiwava.com\/fr\/produit\/er216-ou\/","title":{"rendered":"Chiwava 5.2\u2033 Roller Dog Toy Puzzle Ball Tug Jouets interactifs pour grands chiens Couleur Orange"},"content":{"rendered":"<p>Le jouet Roller Dog Toy Ball est un jouet multifonctionnel con\u00e7u pour d\u00e9fier et divertir les chiens. Combinant les \u00e9l\u00e9ments d&#039;un rouleau, d&#039;une balle puzzle et d&#039;un jouet \u00e0 tirer, il offre une vari\u00e9t\u00e9 d&#039;options de jeu. Fabriqu\u00e9 en caoutchouc naturel, non toxique. La balle \u00e0 roulettes encourage les chiens \u00e0 poursuivre. La conception du puzzle comprend un trou o\u00f9 les friandises peuvent \u00eatre cach\u00e9es, transformant le jouet en un jeu c\u00e9r\u00e9bral gratifiant pendant que les chiens travaillent pour lib\u00e9rer les friandises. Et les poign\u00e9es conviennent \u00e9galement au tir \u00e0 la corde qui aident \u00e0 nettoyer les dents et \u00e0 masser les gencives pendant le jeu, ce qui le rend id\u00e9al pour le jeu interactif entre les chiens et leurs propri\u00e9taires ou entre plusieurs chiens. offrant une exp\u00e9rience de jeu amusante et mentalement stimulante.<\/p>","protected":false},"excerpt":{"rendered":"<p><a href=\"https:\/\/www.chiwava.com\/fr\/boutique-de-marque\/\"><img loading=\"lazy\" decoding=\"async\" class=\"alignnone size-medium wp-image-94\" src=\"https:\/\/www.chiwava.com\/wp-content\/uploads\/2019\/06\/Amazon-300x73.png\" alt=\"\" width=\"300\" height=\"73\" srcset=\"https:\/\/www.chiwava.com\/wp-content\/uploads\/2019\/06\/Amazon-300x73.png 300w, https:\/\/www.chiwava.com\/wp-content\/uploads\/2019\/06\/Amazon.png 364w\" sizes=\"auto, (max-width: 300px) 100vw, 300px\" \/><\/a><\/p>\n<p>Chiwava 5.2\u2033 Roller Dog Toy Puzzle Ball Tug Jouets interactifs pour grands chiens Couleur Orange<\/p>\n<p>\u2764 Fabriqu\u00e9 en caoutchouc naturel, non toxique.<br \/>\n\u2764 Fournit un coffre-fort et une aide pour nettoyer les dents et les gencives.<br \/>\n\u2764 Vous pouvez ajouter la collation ou le couineur dans le trou pour attirer l&#039;attention de votre animal.<br \/>\n\u2764 Poign\u00e9es confortables id\u00e9ales pour rapporter et lancer afin d&#039;augmenter la relation entre vous et vos animaux de compagnie.<br \/>\n\u2764 Convient aux grands chiens \u2013 31 ~ 40 kg (68,3 ~ 88,2 lb). Facile \u00e0 nettoyer. \u2026 <span class=\"more-button\"><a href=\"https:\/\/www.chiwava.com\/fr\/produit\/er216-ou\/\" class=\"more-link\">Continuer<span class=\"screen-reader-text\">Chiwava 5.2\u2033 Roller Dog Toy Puzzle Ball Tug Jouets interactifs pour grands chiens Couleur Orange<\/span><\/a><\/span><\/p>","protected":false},"featured_media":77428,"template":"","meta":[],"product_brand":[],"product_cat":[16,15,287],"product_tag":[156,278],"class_list":{"0":"post-77102","1":"product","2":"type-product","3":"status-publish","4":"has-post-thumbnail","6":"product_cat-dog_toys","7":"product_cat-pet_toys","8":"product_cat-rubber-dog-toys","9":"product_tag-rubber-dog-toy","10":"product_tag-tug-dog-toy","12":"first","13":"instock","14":"shipping-taxable","15":"product-type-simple"},"_links":{"self":[{"href":"https:\/\/www.chiwava.com\/fr\/wp-json\/wp\/v2\/product\/77102","targetHints":{"allow":["GET"]}}],"collection":[{"href":"https:\/\/www.chiwava.com\/fr\/wp-json\/wp\/v2\/product"}],"about":[{"href":"https:\/\/www.chiwava.com\/fr\/wp-json\/wp\/v2\/types\/product"}],"wp:featuredmedia":[{"embeddable":true,"href":"https:\/\/www.chiwava.com\/fr\/wp-json\/wp\/v2\/media\/77428"}],"wp:attachment":[{"href":"https:\/\/www.chiwava.com\/fr\/wp-json\/wp\/v2\/media?parent=77102"}],"wp:term":[{"taxonomy":"product_brand","embeddable":true,"href":"https:\/\/www.chiwava.com\/fr\/wp-json\/wp\/v2\/product_brand?post=77102"},{"taxonomy":"product_cat","embeddable":true,"href":"https:\/\/www.chiwava.com\/fr\/wp-json\/wp\/v2\/product_cat?post=77102"},{"taxonomy":"product_tag","embeddable":true,"href":"https:\/\/www.chiwava.com\/fr\/wp-json\/wp\/v2\/product_tag?post=77102"}],"curies":[{"name":"wp","href":"https:\/\/api.w.org\/{rel}","templated":true}]}}