{"id":77097,"date":"2024-06-28T02:38:21","date_gmt":"2024-06-28T02:38:21","guid":{"rendered":"https:\/\/www.chiwava.com\/?post_type=product&#038;p=77097"},"modified":"2025-10-10T06:40:59","modified_gmt":"2025-10-10T06:40:59","slug":"er215-bu","status":"publish","type":"product","link":"https:\/\/www.chiwava.com\/fr\/produit\/er215-bu\/","title":{"rendered":"Jouet pour chien en caoutchouc Chiwava de 9,1 pouces avec distributeur de friandises Jouets \u00e0 rapporter pour chiens de taille moyenne et grande Couleur bleu"},"content":{"rendered":"<p>Le jouet pour chien en caoutchouc avec distributeur de friandises est un jouet polyvalent et int\u00e9ressant con\u00e7u pour divertir les chiens tout en les r\u00e9compensant avec des friandises. En forme de b\u00e2ton, ce jouet est fabriqu\u00e9 en caoutchouc naturel, non toxique. La caract\u00e9ristique unique de ce jouet est son m\u00e9canisme de distribution de friandises int\u00e9gr\u00e9, le trou du jouet vous permet d&#039;ins\u00e9rer les friandises ou croquettes pr\u00e9f\u00e9r\u00e9es de votre chien. Au fur et \u00e0 mesure que votre chien m\u00e2che, roule ou lance le jouet, les friandises tombent progressivement, encourageant le jeu prolong\u00e9 et la stimulation mentale. La surface du jouet comprend une texture qui ajoute un plaisir suppl\u00e9mentaire tout en aidant \u00e0 nettoyer les dents et \u00e0 masser les gencives. Id\u00e9al pour rapporter le jouet, offrant une exp\u00e9rience de jeu amusante et enrichissante qui combine l&#039;exercice avec une incitation savoureuse.<\/p>","protected":false},"excerpt":{"rendered":"<p><a href=\"https:\/\/www.chiwava.com\/fr\/boutique-de-marque\/\"><img loading=\"lazy\" decoding=\"async\" class=\"alignnone size-medium wp-image-94\" src=\"https:\/\/www.chiwava.com\/wp-content\/uploads\/2019\/06\/Amazon-300x73.png\" alt=\"\" width=\"300\" height=\"73\" srcset=\"https:\/\/www.chiwava.com\/wp-content\/uploads\/2019\/06\/Amazon-300x73.png 300w, https:\/\/www.chiwava.com\/wp-content\/uploads\/2019\/06\/Amazon.png 364w\" sizes=\"auto, (max-width: 300px) 100vw, 300px\" \/><\/a><\/p>\n<p>Chiwava 9.1\u2033 Jouet pour chien en b\u00e2ton de caoutchouc, jouets \u00e0 rapporter pour chiens de taille moyenne et grande, couleur bleu<\/p>\n<p>\u2764 Fabriqu\u00e9 en caoutchouc naturel, non toxique.<br \/>\n\u2764 La texture de la surface nettoie efficacement les dents.<br \/>\n\u2764 Vous pouvez ajouter la collation ou le beurre de cacahu\u00e8te dans le trou pour attirer l&#039;attention de votre animal.<br \/>\n\u2764 Les poign\u00e9es confortables facilitent la r\u00e9cup\u00e9ration et le lancement, excellent comme jouet pour chien d&#039;int\u00e9rieur et d&#039;ext\u00e9rieur.<br \/>\n\u2764 Convient aux chiens de taille moyenne \u2013 11 ~ 40 kg (24 ~ 88,2 lb). Facile \u00e0 nettoyer. \u2026 <span class=\"more-button\"><a href=\"https:\/\/www.chiwava.com\/fr\/produit\/er215-bu\/\" class=\"more-link\">Continuer<span class=\"screen-reader-text\">Jouet pour chien en caoutchouc Chiwava de 9,1 pouces avec distributeur de friandises Jouets \u00e0 rapporter pour chiens de taille moyenne et grande Couleur bleu<\/span><\/a><\/span><\/p>","protected":false},"featured_media":77237,"template":"","meta":[],"product_brand":[],"product_cat":[16,15,287],"product_tag":[166,156,281],"class_list":{"0":"post-77097","1":"product","2":"type-product","3":"status-publish","4":"has-post-thumbnail","6":"product_cat-dog_toys","7":"product_cat-pet_toys","8":"product_cat-rubber-dog-toys","9":"product_tag-fetch-dog-toy","10":"product_tag-rubber-dog-toy","11":"product_tag-stick-dog-toy","13":"first","14":"instock","15":"shipping-taxable","16":"product-type-simple"},"_links":{"self":[{"href":"https:\/\/www.chiwava.com\/fr\/wp-json\/wp\/v2\/product\/77097","targetHints":{"allow":["GET"]}}],"collection":[{"href":"https:\/\/www.chiwava.com\/fr\/wp-json\/wp\/v2\/product"}],"about":[{"href":"https:\/\/www.chiwava.com\/fr\/wp-json\/wp\/v2\/types\/product"}],"wp:featuredmedia":[{"embeddable":true,"href":"https:\/\/www.chiwava.com\/fr\/wp-json\/wp\/v2\/media\/77237"}],"wp:attachment":[{"href":"https:\/\/www.chiwava.com\/fr\/wp-json\/wp\/v2\/media?parent=77097"}],"wp:term":[{"taxonomy":"product_brand","embeddable":true,"href":"https:\/\/www.chiwava.com\/fr\/wp-json\/wp\/v2\/product_brand?post=77097"},{"taxonomy":"product_cat","embeddable":true,"href":"https:\/\/www.chiwava.com\/fr\/wp-json\/wp\/v2\/product_cat?post=77097"},{"taxonomy":"product_tag","embeddable":true,"href":"https:\/\/www.chiwava.com\/fr\/wp-json\/wp\/v2\/product_tag?post=77097"}],"curies":[{"name":"wp","href":"https:\/\/api.w.org\/{rel}","templated":true}]}}