{"id":77095,"date":"2024-06-28T02:28:05","date_gmt":"2024-06-28T02:28:05","guid":{"rendered":"https:\/\/www.chiwava.com\/?post_type=product&#038;p=77095"},"modified":"2025-10-10T06:44:34","modified_gmt":"2025-10-10T06:44:34","slug":"er210-ou","status":"publish","type":"product","link":"https:\/\/www.chiwava.com\/fr\/produit\/er210-ou\/","title":{"rendered":"Chiwava 9,4 &quot;anneau de jouet de remorqueur en caoutchouc pour chien jouets de traction interactifs pour chiens de taille moyenne couleur orange"},"content":{"rendered":"<p>Le jouet pour chien Ring Pull est un jouet interactif con\u00e7u pour les chiens qui aiment jouer au tir \u00e0 la corde. Il pr\u00e9sente un design en forme d&#039;anneau, fabriqu\u00e9 en caoutchouc naturel, non toxique. offrant une prise s\u00fbre et confortable pour les chiens et leurs propri\u00e9taires. Ses ressorts flexibles reprennent leur forme pour des tonnes d&#039;action de traction sinueuse. Il a des surfaces textur\u00e9es, offrant un plaisir suppl\u00e9mentaire tout en aidant \u00e0 nettoyer les dents et \u00e0 masser les gencives. Convient pour tirer et rapporter, ce qui le rend id\u00e9al pour les s\u00e9ances de jeu interactives qui renforcent le lien entre le chien et le propri\u00e9taire. Encourage l&#039;exercice, l&#039;entra\u00eenement au tir \u00e0 la corde et les habitudes de jeu saines.<\/p>","protected":false},"excerpt":{"rendered":"<p><a href=\"https:\/\/www.chiwava.com\/fr\/boutique-de-marque\/\"><img loading=\"lazy\" decoding=\"async\" class=\"alignnone size-medium wp-image-94\" src=\"https:\/\/www.chiwava.com\/wp-content\/uploads\/2019\/06\/Amazon-300x73.png\" alt=\"\" width=\"300\" height=\"73\" srcset=\"https:\/\/www.chiwava.com\/wp-content\/uploads\/2019\/06\/Amazon-300x73.png 300w, https:\/\/www.chiwava.com\/wp-content\/uploads\/2019\/06\/Amazon.png 364w\" sizes=\"auto, (max-width: 300px) 100vw, 300px\" \/><\/a><\/p>\n<p>Chiwava 9,4 &quot;anneau de jouet de remorqueur en caoutchouc pour chien jouets de traction interactifs pour chiens de taille moyenne couleur orange<\/p>\n<p>\u2764 Fabriqu\u00e9 en caoutchouc naturel, non toxique.<br \/>\n\u2764 Ce jouet \u00e0 tirer pour chien reprend sa forme pour des tonnes d&#039;action de traction sinueuse.<br \/>\n\u2764 Les poign\u00e9es confortables vous permettent de tenir facilement pendant que vous profitez de sessions de jeu interactives.<br \/>\n\u2764 Id\u00e9al pour les jouets interactifs de remorqueur, encourage un lien durable entre vous et votre chien.<br \/>\n\u2764 Convient aux chiens de taille moyenne \u2013 11 ~ 40 kg (24 ~ 88,2 lb). Facile \u00e0 nettoyer. \u2026 <span class=\"more-button\"><a href=\"https:\/\/www.chiwava.com\/fr\/produit\/er210-ou\/\" class=\"more-link\">Continuer<span class=\"screen-reader-text\">Chiwava 9,4 &quot;anneau de jouet de remorqueur en caoutchouc pour chien jouets de traction interactifs pour chiens de taille moyenne couleur orange<\/span><\/a><\/span><\/p>","protected":false},"featured_media":77488,"template":"","meta":[],"product_brand":[],"product_cat":[16,15,287],"product_tag":[166,156,278],"class_list":{"0":"post-77095","1":"product","2":"type-product","3":"status-publish","4":"has-post-thumbnail","6":"product_cat-dog_toys","7":"product_cat-pet_toys","8":"product_cat-rubber-dog-toys","9":"product_tag-fetch-dog-toy","10":"product_tag-rubber-dog-toy","11":"product_tag-tug-dog-toy","13":"first","14":"instock","15":"shipping-taxable","16":"product-type-simple"},"_links":{"self":[{"href":"https:\/\/www.chiwava.com\/fr\/wp-json\/wp\/v2\/product\/77095","targetHints":{"allow":["GET"]}}],"collection":[{"href":"https:\/\/www.chiwava.com\/fr\/wp-json\/wp\/v2\/product"}],"about":[{"href":"https:\/\/www.chiwava.com\/fr\/wp-json\/wp\/v2\/types\/product"}],"wp:featuredmedia":[{"embeddable":true,"href":"https:\/\/www.chiwava.com\/fr\/wp-json\/wp\/v2\/media\/77488"}],"wp:attachment":[{"href":"https:\/\/www.chiwava.com\/fr\/wp-json\/wp\/v2\/media?parent=77095"}],"wp:term":[{"taxonomy":"product_brand","embeddable":true,"href":"https:\/\/www.chiwava.com\/fr\/wp-json\/wp\/v2\/product_brand?post=77095"},{"taxonomy":"product_cat","embeddable":true,"href":"https:\/\/www.chiwava.com\/fr\/wp-json\/wp\/v2\/product_cat?post=77095"},{"taxonomy":"product_tag","embeddable":true,"href":"https:\/\/www.chiwava.com\/fr\/wp-json\/wp\/v2\/product_tag?post=77095"}],"curies":[{"name":"wp","href":"https:\/\/api.w.org\/{rel}","templated":true}]}}