{"id":77090,"date":"2024-06-27T11:14:33","date_gmt":"2024-06-27T11:14:33","guid":{"rendered":"https:\/\/www.chiwava.com\/?post_type=product&#038;p=77090"},"modified":"2025-10-10T06:44:35","modified_gmt":"2025-10-10T06:44:35","slug":"er164-mg","status":"publish","type":"product","link":"https:\/\/www.chiwava.com\/fr\/produit\/er164-mg\/","title":{"rendered":"Chiwava 7.1\u2033 Jouet dentaire pour chien en caoutchouc Os solides Nettoyage des dents pour chiens de taille moyenne et grande Vert menthe"},"content":{"rendered":"<p>Jouet Chiwava en forme d&#039;os classique, con\u00e7u sp\u00e9cifiquement pour les chiens. Fabriqu\u00e9 en caoutchouc naturel, non toxique. Fournit un exutoire s\u00fbr et durable pour l&#039;envie naturelle d&#039;un chien de ronger. La surface du jouet comprend des textures qui aident \u00e0 nettoyer les dents et \u00e0 masser les gencives, favorisant la sant\u00e9 bucco-dentaire. Os classique en caoutchouc solide facile \u00e0 saisir, \u00e0 m\u00e2cher et \u00e0 transporter, id\u00e9al pour aller chercher et lancer. Offre des heures de divertissement et de satisfaction \u00e0 m\u00e2cher.<\/p>","protected":false},"excerpt":{"rendered":"<p><a href=\"https:\/\/www.chiwava.com\/fr\/boutique-de-marque\/\"><img loading=\"lazy\" decoding=\"async\" class=\"alignnone size-medium wp-image-94\" src=\"https:\/\/www.chiwava.com\/wp-content\/uploads\/2019\/06\/Amazon-300x73.png\" alt=\"\" width=\"300\" height=\"73\" srcset=\"https:\/\/www.chiwava.com\/wp-content\/uploads\/2019\/06\/Amazon-300x73.png 300w, https:\/\/www.chiwava.com\/wp-content\/uploads\/2019\/06\/Amazon.png 364w\" sizes=\"auto, (max-width: 300px) 100vw, 300px\" \/><\/a><\/p>\n<p>Chiwava 7.1\u2033 Jouet dentaire pour chien en caoutchouc Os solides Nettoyage des dents pour chiens de taille moyenne et grande Vert menthe<\/p>\n<p>\u2764 Fabriqu\u00e9 en caoutchouc naturel, non toxique.<br \/>\n\u2764 Le design est inspir\u00e9 des os que les chiens aiment, peut aider \u00e0 grincer des dents et \u00e0 soulager les d\u00e9mangeaisons.<br \/>\n\u2764 Solid Bone est bon pour saisir et mordre, satisfaire les instincts naturels de votre chien.<br \/>\n\u2764 Id\u00e9al pour les jeux de lancer et de r\u00e9cup\u00e9ration. vous pouvez appliquer une fine couche de beurre de cacahu\u00e8te sur les os pour les occuper.<br \/>\n\u2764 Convient aux chiens de taille moyenne \u2013 11 ~ 40 kg (24 ~ 88,2 lb). Facile \u00e0 nettoyer. \u2026 <span class=\"more-button\"><a href=\"https:\/\/www.chiwava.com\/fr\/produit\/er164-mg\/\" class=\"more-link\">Continuer<span class=\"screen-reader-text\">Chiwava 7.1\u2033 Jouet dentaire pour chien en caoutchouc Os solides Nettoyage des dents pour chiens de taille moyenne et grande Vert menthe<\/span><\/a><\/span><\/p>","protected":false},"featured_media":77361,"template":"","meta":[],"product_brand":[],"product_cat":[16,15,287],"product_tag":[166,156],"class_list":{"0":"post-77090","1":"product","2":"type-product","3":"status-publish","4":"has-post-thumbnail","6":"product_cat-dog_toys","7":"product_cat-pet_toys","8":"product_cat-rubber-dog-toys","9":"product_tag-fetch-dog-toy","10":"product_tag-rubber-dog-toy","12":"first","13":"instock","14":"shipping-taxable","15":"product-type-simple"},"_links":{"self":[{"href":"https:\/\/www.chiwava.com\/fr\/wp-json\/wp\/v2\/product\/77090","targetHints":{"allow":["GET"]}}],"collection":[{"href":"https:\/\/www.chiwava.com\/fr\/wp-json\/wp\/v2\/product"}],"about":[{"href":"https:\/\/www.chiwava.com\/fr\/wp-json\/wp\/v2\/types\/product"}],"wp:featuredmedia":[{"embeddable":true,"href":"https:\/\/www.chiwava.com\/fr\/wp-json\/wp\/v2\/media\/77361"}],"wp:attachment":[{"href":"https:\/\/www.chiwava.com\/fr\/wp-json\/wp\/v2\/media?parent=77090"}],"wp:term":[{"taxonomy":"product_brand","embeddable":true,"href":"https:\/\/www.chiwava.com\/fr\/wp-json\/wp\/v2\/product_brand?post=77090"},{"taxonomy":"product_cat","embeddable":true,"href":"https:\/\/www.chiwava.com\/fr\/wp-json\/wp\/v2\/product_cat?post=77090"},{"taxonomy":"product_tag","embeddable":true,"href":"https:\/\/www.chiwava.com\/fr\/wp-json\/wp\/v2\/product_tag?post=77090"}],"curies":[{"name":"wp","href":"https:\/\/api.w.org\/{rel}","templated":true}]}}