{"id":77088,"date":"2024-06-27T11:13:41","date_gmt":"2024-06-27T11:13:41","guid":{"rendered":"https:\/\/www.chiwava.com\/?post_type=product&#038;p=77088"},"modified":"2025-10-10T06:44:36","modified_gmt":"2025-10-10T06:44:36","slug":"er003s","status":"publish","type":"product","link":"https:\/\/www.chiwava.com\/fr\/produit\/er003s\/","title":{"rendered":"Chiwava Lot de 2 ballons de rugby dentaires en caoutchouc de 3,5 pouces ovales pour petits chiens Couleurs assorties"},"content":{"rendered":"<p>Jouet Chiwava Dental Rugbys en caoutchouc naturel, non toxique et adapt\u00e9 aux petits chiens. Inspir\u00e9 d&#039;un ballon de rugby de forme ovale, le design en forme de dent permet d&#039;ajouter de la nourriture, du beurre de cacahu\u00e8te ou des p\u00e2tes. Le trou central peut \u00e9galement contenir la collation pour ajouter du plaisir. Sa surface textur\u00e9e pr\u00e9sente des rainures qui aident \u00e0 nettoyer les dents du chien et \u00e0 masser ses gencives pendant le jeu. Facile \u00e0 lancer et \u00e0 rapporter. Id\u00e9al pour les s\u00e9ances de jeu en int\u00e9rieur et en ext\u00e9rieur. Ce qui en fait un ajout amusant et b\u00e9n\u00e9fique au temps de jeu du chien.<\/p>","protected":false},"excerpt":{"rendered":"<p><a href=\"https:\/\/www.chiwava.com\/fr\/boutique-de-marque\/\"><img loading=\"lazy\" decoding=\"async\" class=\"alignnone size-medium wp-image-94\" src=\"https:\/\/www.chiwava.com\/wp-content\/uploads\/2019\/06\/Amazon-300x73.png\" alt=\"\" width=\"300\" height=\"73\" srcset=\"https:\/\/www.chiwava.com\/wp-content\/uploads\/2019\/06\/Amazon-300x73.png 300w, https:\/\/www.chiwava.com\/wp-content\/uploads\/2019\/06\/Amazon.png 364w\" sizes=\"auto, (max-width: 300px) 100vw, 300px\" \/><\/a><\/p>\n<p>Chiwava Lot de 2 ballons de rugby dentaires en caoutchouc de 3,5 pouces ovales pour petits chiens Couleurs assorties<\/p>\n<p>\u2764 Fabriqu\u00e9 en caoutchouc naturel, forme ovale unique, non toxique.<br \/>\n\u2764 La conception en dents de scie peut aider \u00e0 nettoyer les dents et \u00e0 masser les gencives.<br \/>\n\u2764 La conception des boules distributrices de friandises peut mettre la nourriture pour chien dans le trou pour ajouter de l&#039;int\u00e9r\u00eat.<br \/>\n\u2764 Id\u00e9al pour rebondir et r\u00e9cup\u00e9rer. offrant une liaison amusante et amusante avec votre animal de compagnie.<br \/>\n\u2764 Convient aux petits chiens \u2013 moins de 11 kg (24,25 lb). 2 pi\u00e8ces\/ensemble, facile \u00e0 nettoyer. \u2026 <span class=\"more-button\"><a href=\"https:\/\/www.chiwava.com\/fr\/produit\/er003s\/\" class=\"more-link\">Continuer<span class=\"screen-reader-text\">Chiwava Lot de 2 ballons de rugby dentaires en caoutchouc de 3,5 pouces ovales pour petits chiens Couleurs assorties<\/span><\/a><\/span><\/p>","protected":false},"featured_media":77400,"template":"","meta":[],"product_brand":[],"product_cat":[16,15,287],"product_tag":[166,156,280],"class_list":{"0":"post-77088","1":"product","2":"type-product","3":"status-publish","4":"has-post-thumbnail","6":"product_cat-dog_toys","7":"product_cat-pet_toys","8":"product_cat-rubber-dog-toys","9":"product_tag-fetch-dog-toy","10":"product_tag-rubber-dog-toy","11":"product_tag-rugbys-dog-toy","13":"first","14":"instock","15":"shipping-taxable","16":"product-type-simple"},"_links":{"self":[{"href":"https:\/\/www.chiwava.com\/fr\/wp-json\/wp\/v2\/product\/77088","targetHints":{"allow":["GET"]}}],"collection":[{"href":"https:\/\/www.chiwava.com\/fr\/wp-json\/wp\/v2\/product"}],"about":[{"href":"https:\/\/www.chiwava.com\/fr\/wp-json\/wp\/v2\/types\/product"}],"wp:featuredmedia":[{"embeddable":true,"href":"https:\/\/www.chiwava.com\/fr\/wp-json\/wp\/v2\/media\/77400"}],"wp:attachment":[{"href":"https:\/\/www.chiwava.com\/fr\/wp-json\/wp\/v2\/media?parent=77088"}],"wp:term":[{"taxonomy":"product_brand","embeddable":true,"href":"https:\/\/www.chiwava.com\/fr\/wp-json\/wp\/v2\/product_brand?post=77088"},{"taxonomy":"product_cat","embeddable":true,"href":"https:\/\/www.chiwava.com\/fr\/wp-json\/wp\/v2\/product_cat?post=77088"},{"taxonomy":"product_tag","embeddable":true,"href":"https:\/\/www.chiwava.com\/fr\/wp-json\/wp\/v2\/product_tag?post=77088"}],"curies":[{"name":"wp","href":"https:\/\/api.w.org\/{rel}","templated":true}]}}