{"id":77079,"date":"2024-06-27T11:07:28","date_gmt":"2024-06-27T11:07:28","guid":{"rendered":"https:\/\/www.chiwava.com\/?post_type=product&#038;p=77079"},"modified":"2025-10-10T06:44:41","modified_gmt":"2025-10-10T06:44:41","slug":"er115-ou","status":"publish","type":"product","link":"https:\/\/www.chiwava.com\/fr\/produit\/er115-ou\/","title":{"rendered":"Chiwava Balle de dressage pour chien de 7,1 cm sur corde, corde en caoutchouc, jouets pour chien, balle avec poign\u00e9e pour le tir \u00e0 la corde, r\u00e9compenses d&#039;entra\u00eenement pour chiens de taille moyenne et grande, couleur orange"},"content":{"rendered":"<p>Jouet en corde Chiwava avec mat\u00e9riau en caoutchouc naturel et corde en coton, non toxique et adapt\u00e9 aux chiens de taille moyenne et grande. La conception en dents de scie peut ajouter des collations, du beurre de cacahu\u00e8te ou des p\u00e2tes \u00e0 la balle. Elle attire non seulement l&#039;attention sur la morsure, mais aide \u00e9galement \u00e0 nettoyer les dents de votre chien pour favoriser la sant\u00e9 bucco-dentaire. Poign\u00e9e douce et antid\u00e9rapante facile \u00e0 saisir et \u00e0 lancer. Jeu de longue dur\u00e9e, id\u00e9al pour promouvoir le jeu actif et l&#039;exercice, le tir \u00e0 la corde, le lancer et le rapport interactifs, aidant \u00e0 occuper et \u00e0 divertir vos chiens, favorisant le lien et l&#039;exercice physique.<\/p>","protected":false},"excerpt":{"rendered":"<p><a href=\"https:\/\/www.chiwava.com\/fr\/boutique-de-marque\/\"><img loading=\"lazy\" decoding=\"async\" class=\"alignnone size-medium wp-image-94\" src=\"https:\/\/www.chiwava.com\/wp-content\/uploads\/2019\/06\/Amazon-300x73.png\" alt=\"\" width=\"300\" height=\"73\" srcset=\"https:\/\/www.chiwava.com\/wp-content\/uploads\/2019\/06\/Amazon-300x73.png 300w, https:\/\/www.chiwava.com\/wp-content\/uploads\/2019\/06\/Amazon.png 364w\" sizes=\"auto, (max-width: 300px) 100vw, 300px\" \/><\/a><\/p>\n<p>Chiwava Balle de dressage pour chien de 7,1 cm sur corde, corde en caoutchouc, jouets pour chien, balle avec poign\u00e9e pour le tir \u00e0 la corde, r\u00e9compenses d&#039;entra\u00eenement pour chiens de taille moyenne et grande, couleur orange<\/p>\n<p>\u2764 Fabriqu\u00e9 en caoutchouc naturel et corde en coton, non toxique.<br \/>\n\u2764 La conception de la boule en dents de scie peut aider \u00e0 nettoyer les dents, la boucle antid\u00e9rapante facilite le lancer.<br \/>\n\u2764 Peut mettre la nourriture pour chien dans la balle, augmenter l&#039;int\u00e9r\u00eat du chien.<br \/>\n\u2764 Jouet en corde id\u00e9al pour tirer \u00e0 la corde, lancer et rapporter. am\u00e9liorer la relation entre vous et les chiens.<br \/>\n\u2764 Convient aux chiens de taille moyenne \u2013 11 ~ 40 kg (24 ~ 88,2 lb). Facile \u00e0 nettoyer. \u2026 <span class=\"more-button\"><a href=\"https:\/\/www.chiwava.com\/fr\/produit\/er115-ou\/\" class=\"more-link\">Continuer<span class=\"screen-reader-text\">Chiwava Balle de dressage pour chien de 7,1 cm sur corde, corde en caoutchouc, jouets pour chien, balle avec poign\u00e9e pour le tir \u00e0 la corde, r\u00e9compenses d&#039;entra\u00eenement pour chiens de taille moyenne et grande, couleur orange<\/span><\/a><\/span><\/p>","protected":false},"featured_media":77604,"template":"","meta":[],"product_brand":[],"product_cat":[16,15,287],"product_tag":[277,276,278],"class_list":{"0":"post-77079","1":"product","2":"type-product","3":"status-publish","4":"has-post-thumbnail","6":"product_cat-dog_toys","7":"product_cat-pet_toys","8":"product_cat-rubber-dog-toys","9":"product_tag-ball-on-rope","10":"product_tag-rubber-rope-dog-toy","11":"product_tag-tug-dog-toy","13":"first","14":"instock","15":"shipping-taxable","16":"product-type-simple"},"_links":{"self":[{"href":"https:\/\/www.chiwava.com\/fr\/wp-json\/wp\/v2\/product\/77079","targetHints":{"allow":["GET"]}}],"collection":[{"href":"https:\/\/www.chiwava.com\/fr\/wp-json\/wp\/v2\/product"}],"about":[{"href":"https:\/\/www.chiwava.com\/fr\/wp-json\/wp\/v2\/types\/product"}],"wp:featuredmedia":[{"embeddable":true,"href":"https:\/\/www.chiwava.com\/fr\/wp-json\/wp\/v2\/media\/77604"}],"wp:attachment":[{"href":"https:\/\/www.chiwava.com\/fr\/wp-json\/wp\/v2\/media?parent=77079"}],"wp:term":[{"taxonomy":"product_brand","embeddable":true,"href":"https:\/\/www.chiwava.com\/fr\/wp-json\/wp\/v2\/product_brand?post=77079"},{"taxonomy":"product_cat","embeddable":true,"href":"https:\/\/www.chiwava.com\/fr\/wp-json\/wp\/v2\/product_cat?post=77079"},{"taxonomy":"product_tag","embeddable":true,"href":"https:\/\/www.chiwava.com\/fr\/wp-json\/wp\/v2\/product_tag?post=77079"}],"curies":[{"name":"wp","href":"https:\/\/api.w.org\/{rel}","templated":true}]}}