{"id":77078,"date":"2024-06-27T09:31:46","date_gmt":"2024-06-27T09:31:46","guid":{"rendered":"https:\/\/www.chiwava.com\/?post_type=product&#038;p=77078"},"modified":"2025-10-10T06:44:42","modified_gmt":"2025-10-10T06:44:42","slug":"er126s","status":"publish","type":"product","link":"https:\/\/www.chiwava.com\/fr\/produit\/er126s\/","title":{"rendered":"Chiwava Lot de 2 jouets pour chien en corde de 5,1 cm, balle dentaire sur corde, balle de r\u00e9cup\u00e9ration pour petit chien, couleurs assorties"},"content":{"rendered":"<p>Le jouet Chiwava Rope Ball combine une corde en coton avec une balle en caoutchouc naturel, NON TOXIQUE et convient aux petits chiens. La conception de surface antid\u00e9rapante en dents de scie aide \u00e0 nettoyer les dents et \u00e0 masser les gencives, favorisant ainsi une meilleure sant\u00e9 dentaire. il peut \u00e9galement ajouter une collation pour attirer l&#039;int\u00e9r\u00eat de vos animaux de compagnie. Boucle antid\u00e9rapante facile \u00e0 saisir et \u00e0 lancer. id\u00e9al pour les jeux de tir \u00e0 la corde, aller chercher, lancer et m\u00e2cher. Offrez des heures de plaisir et d&#039;exercice aux chiens. renforcer le lien entre vous et votre animal de compagnie.<\/p>\n<p>&nbsp;<\/p>","protected":false},"excerpt":{"rendered":"<p><a href=\"https:\/\/www.chiwava.com\/fr\/boutique-de-marque\/\"><img loading=\"lazy\" decoding=\"async\" class=\"alignnone size-medium wp-image-94\" src=\"https:\/\/www.chiwava.com\/wp-content\/uploads\/2019\/06\/Amazon-300x73.png\" alt=\"\" width=\"300\" height=\"73\" srcset=\"https:\/\/www.chiwava.com\/wp-content\/uploads\/2019\/06\/Amazon-300x73.png 300w, https:\/\/www.chiwava.com\/wp-content\/uploads\/2019\/06\/Amazon.png 364w\" sizes=\"auto, (max-width: 300px) 100vw, 300px\" \/><\/a><\/p>\n<p>Chiwava Lot de 2 jouets pour chien en corde de 5,1 cm, balle dentaire sur corde, balle de r\u00e9cup\u00e9ration pour petit chien, couleurs assorties<\/p>\n<p>\u2764 Fabriqu\u00e9 en caoutchouc naturel et corde en coton, non toxique. (2 pi\u00e8ces\/ensemble, 2\u00a0\u00bb, 1\u00a0* vert + 1\u00a0* orange).<br \/>\n\u2764 La surface antid\u00e9rapante en dents de scie peut aider \u00e0 nettoyer les dents, la boucle antid\u00e9rapante le rend facile \u00e0 lancer.<br \/>\n\u2764 Peut mettre la nourriture pour chien dans la balle, augmenter l&#039;int\u00e9r\u00eat de l&#039;animal.<br \/>\n\u2764 Jouet en corde id\u00e9al pour tirer \u00e0 la corde, lancer et rapporter. offrant une liaison amusante et amusante avec votre animal de compagnie.<br \/>\n\u2764 Convient aux petits chiens \u2013 moins de 11 kg (24,25 lb). Facile \u00e0 nettoyer. \u2026 <span class=\"more-button\"><a href=\"https:\/\/www.chiwava.com\/fr\/produit\/er126s\/\" class=\"more-link\">Continuer<span class=\"screen-reader-text\">Chiwava Lot de 2 jouets pour chien en corde de 5,1 cm, balle dentaire sur corde, balle de r\u00e9cup\u00e9ration pour petit chien, couleurs assorties<\/span><\/a><\/span><\/p>","protected":false},"featured_media":77265,"template":"","meta":[],"product_brand":[],"product_cat":[16,15,287],"product_tag":[277,276,278],"class_list":{"0":"post-77078","1":"product","2":"type-product","3":"status-publish","4":"has-post-thumbnail","6":"product_cat-dog_toys","7":"product_cat-pet_toys","8":"product_cat-rubber-dog-toys","9":"product_tag-ball-on-rope","10":"product_tag-rubber-rope-dog-toy","11":"product_tag-tug-dog-toy","13":"first","14":"instock","15":"shipping-taxable","16":"product-type-simple"},"_links":{"self":[{"href":"https:\/\/www.chiwava.com\/fr\/wp-json\/wp\/v2\/product\/77078","targetHints":{"allow":["GET"]}}],"collection":[{"href":"https:\/\/www.chiwava.com\/fr\/wp-json\/wp\/v2\/product"}],"about":[{"href":"https:\/\/www.chiwava.com\/fr\/wp-json\/wp\/v2\/types\/product"}],"wp:featuredmedia":[{"embeddable":true,"href":"https:\/\/www.chiwava.com\/fr\/wp-json\/wp\/v2\/media\/77265"}],"wp:attachment":[{"href":"https:\/\/www.chiwava.com\/fr\/wp-json\/wp\/v2\/media?parent=77078"}],"wp:term":[{"taxonomy":"product_brand","embeddable":true,"href":"https:\/\/www.chiwava.com\/fr\/wp-json\/wp\/v2\/product_brand?post=77078"},{"taxonomy":"product_cat","embeddable":true,"href":"https:\/\/www.chiwava.com\/fr\/wp-json\/wp\/v2\/product_cat?post=77078"},{"taxonomy":"product_tag","embeddable":true,"href":"https:\/\/www.chiwava.com\/fr\/wp-json\/wp\/v2\/product_tag?post=77078"}],"curies":[{"name":"wp","href":"https:\/\/api.w.org\/{rel}","templated":true}]}}