{"id":77075,"date":"2024-06-27T09:30:15","date_gmt":"2024-06-27T09:30:15","guid":{"rendered":"https:\/\/www.chiwava.com\/?post_type=product&#038;p=77075"},"modified":"2025-10-10T06:44:43","modified_gmt":"2025-10-10T06:44:43","slug":"er126-rd","status":"publish","type":"product","link":"https:\/\/www.chiwava.com\/fr\/produit\/er126-rd\/","title":{"rendered":"Chiwava 2.8\u2033 Jouets pour chiens en caoutchouc avec corde, balle dentaire sur corde, balle de r\u00e9cup\u00e9ration pour chien de taille moyenne, couleur rouge"},"content":{"rendered":"<p>Le jouet en corde Chiwava combine une corde en coton avec une balle en caoutchouc naturel, NON TOXIQUE et adapt\u00e9 aux chiens de taille moyenne. Surface antid\u00e9rapante en dents de scie, aide \u00e0 nettoyer les dents et \u00e0 masser les gencives, favorisant une meilleure sant\u00e9 dentaire. Il peut \u00e9galement ajouter une collation pour attirer l&#039;int\u00e9r\u00eat de vos animaux de compagnie. Boucle antid\u00e9rapante facile \u00e0 saisir et \u00e0 lancer. Id\u00e9al pour les jeux de tir \u00e0 la corde, pour aller chercher, lancer et m\u00e2cher. Offre des heures de plaisir et d&#039;exercice aux chiens. Renforce le lien entre vous et votre animal de compagnie.<\/p>","protected":false},"excerpt":{"rendered":"<p><a href=\"https:\/\/www.chiwava.com\/fr\/boutique-de-marque\/\"><img loading=\"lazy\" decoding=\"async\" class=\"alignnone size-medium wp-image-94\" src=\"https:\/\/www.chiwava.com\/wp-content\/uploads\/2019\/06\/Amazon-300x73.png\" alt=\"\" width=\"300\" height=\"73\" srcset=\"https:\/\/www.chiwava.com\/wp-content\/uploads\/2019\/06\/Amazon-300x73.png 300w, https:\/\/www.chiwava.com\/wp-content\/uploads\/2019\/06\/Amazon.png 364w\" sizes=\"auto, (max-width: 300px) 100vw, 300px\" \/><\/a><\/p>\n<p>Chiwava 2.8\u2033 Jouets pour chiens en caoutchouc avec corde, balle dentaire sur corde, balle de r\u00e9cup\u00e9ration pour chien de taille moyenne et grande, couleur rouge<\/p>\n<p>\u2764 Fabriqu\u00e9 en caoutchouc naturel et corde en coton, non toxique.<br \/>\n\u2764 La conception de la surface antid\u00e9rapante en dents de scie peut aider \u00e0 nettoyer les dents, la boucle antid\u00e9rapante le rend facile \u00e0 lancer.<br \/>\n\u2764 Peut mettre la nourriture pour chien dans la balle, augmenter l&#039;int\u00e9r\u00eat de l&#039;animal.<br \/>\n\u2764 Jouet en corde id\u00e9al pour tirer \u00e0 la corde, lancer et rapporter. offrant une liaison amusante et amusante avec votre animal de compagnie.<br \/>\n\u2764 Convient aux chiens de taille moyenne \u2013 11 ~ 30 kg (24 ~ 66 lb). Facile \u00e0 nettoyer.<\/p>\n<p>&nbsp; \u2026 <span class=\"more-button\"><a href=\"https:\/\/www.chiwava.com\/fr\/produit\/er126-rd\/\" class=\"more-link\">Continuer<span class=\"screen-reader-text\">Chiwava 2.8\u2033 Jouets pour chiens en caoutchouc avec corde, balle dentaire sur corde, balle de r\u00e9cup\u00e9ration pour chien de taille moyenne, couleur rouge<\/span><\/a><\/span><\/p>","protected":false},"featured_media":77271,"template":"","meta":[],"product_brand":[],"product_cat":[16,15,287],"product_tag":[277,166,156,276],"class_list":{"0":"post-77075","1":"product","2":"type-product","3":"status-publish","4":"has-post-thumbnail","6":"product_cat-dog_toys","7":"product_cat-pet_toys","8":"product_cat-rubber-dog-toys","9":"product_tag-ball-on-rope","10":"product_tag-fetch-dog-toy","11":"product_tag-rubber-dog-toy","12":"product_tag-rubber-rope-dog-toy","14":"first","15":"instock","16":"shipping-taxable","17":"product-type-simple"},"_links":{"self":[{"href":"https:\/\/www.chiwava.com\/fr\/wp-json\/wp\/v2\/product\/77075","targetHints":{"allow":["GET"]}}],"collection":[{"href":"https:\/\/www.chiwava.com\/fr\/wp-json\/wp\/v2\/product"}],"about":[{"href":"https:\/\/www.chiwava.com\/fr\/wp-json\/wp\/v2\/types\/product"}],"wp:featuredmedia":[{"embeddable":true,"href":"https:\/\/www.chiwava.com\/fr\/wp-json\/wp\/v2\/media\/77271"}],"wp:attachment":[{"href":"https:\/\/www.chiwava.com\/fr\/wp-json\/wp\/v2\/media?parent=77075"}],"wp:term":[{"taxonomy":"product_brand","embeddable":true,"href":"https:\/\/www.chiwava.com\/fr\/wp-json\/wp\/v2\/product_brand?post=77075"},{"taxonomy":"product_cat","embeddable":true,"href":"https:\/\/www.chiwava.com\/fr\/wp-json\/wp\/v2\/product_cat?post=77075"},{"taxonomy":"product_tag","embeddable":true,"href":"https:\/\/www.chiwava.com\/fr\/wp-json\/wp\/v2\/product_tag?post=77075"}],"curies":[{"name":"wp","href":"https:\/\/api.w.org\/{rel}","templated":true}]}}