{"id":77074,"date":"2024-06-27T09:25:53","date_gmt":"2024-06-27T09:25:53","guid":{"rendered":"https:\/\/www.chiwava.com\/?post_type=product&#038;p=77074"},"modified":"2025-10-10T06:44:44","modified_gmt":"2025-10-10T06:44:44","slug":"er052","status":"publish","type":"product","link":"https:\/\/www.chiwava.com\/fr\/produit\/er052\/","title":{"rendered":"Chiwava Lot de 2 jouets pour chien en corde de 6,1 cm, balle d&#039;entra\u00eenement sur corde, balle de r\u00e9cup\u00e9ration pour chien de petite et moyenne taille"},"content":{"rendered":"<p>Les jouets en corde Chiwava sont fabriqu\u00e9s \u00e0 partir de caoutchouc naturel et de corde en coton, NON TOXIQUE. Facile \u00e0 saisir et \u00e0 mordre. Le m\u00e9lange de couleurs attirera davantage l&#039;attention de votre animal de compagnie. Con\u00e7u pour jouer au tir \u00e0 la corde avec les chiens, vous pouvez ajouter une collation dans le trou pour augmenter l&#039;int\u00e9r\u00eat de votre animal. Les points de massage ronds sont parfaits pour le nettoyage des dents ou comme jouet \u00e0 m\u00e2cher pour chien pour le temps de jeu en solo. Convient pour aller chercher, lancer, dresser, attraper et tirer pendant le jeu interactif, r\u00e9duit l&#039;anxi\u00e9t\u00e9 de votre chien et le garde occup\u00e9.<\/p>\n<p>&nbsp;<\/p>\n<p>&nbsp;<\/p>","protected":false},"excerpt":{"rendered":"<p><a href=\"https:\/\/www.chiwava.com\/fr\/boutique-de-marque\/\"><img loading=\"lazy\" decoding=\"async\" class=\"alignnone size-medium wp-image-94\" src=\"https:\/\/www.chiwava.com\/wp-content\/uploads\/2019\/06\/Amazon-300x73.png\" alt=\"\" width=\"300\" height=\"73\" srcset=\"https:\/\/www.chiwava.com\/wp-content\/uploads\/2019\/06\/Amazon-300x73.png 300w, https:\/\/www.chiwava.com\/wp-content\/uploads\/2019\/06\/Amazon.png 364w\" sizes=\"auto, (max-width: 300px) 100vw, 300px\" \/><\/a><\/p>\n<p>Chiwava Lot de 2 jouets pour chien en corde de 6,1 cm, balle d&#039;entra\u00eenement sur corde, balle de r\u00e9cup\u00e9ration pour chien de petite et moyenne taille<\/p>\n<p>\u2764 Fabriqu\u00e9 en caoutchouc naturel et corde en coton, non toxique.<br \/>\n\u2764 Les points de massage ronds con\u00e7us peuvent aider \u00e0 nettoyer les dents, la boucle antid\u00e9rapante facilite le lancer.<br \/>\n\u2764 Peut mettre la nourriture pour chien dans le trou, augmenter l&#039;int\u00e9r\u00eat de l&#039;animal.<br \/>\n\u2764 Jouet en corde id\u00e9al pour tirer \u00e0 la corde, lancer et rapporter. offrant une liaison amusante et amusante avec votre animal de compagnie.<br \/>\n\u2764 Convient aux chiens de petite et moyenne taille \u2013 4 ~ 30 kg (8,8 ~ 66 lb). 2 pi\u00e8ces\/ensemble, facile \u00e0 nettoyer.<\/p>\n<p>&nbsp; \u2026 <span class=\"more-button\"><a href=\"https:\/\/www.chiwava.com\/fr\/produit\/er052\/\" class=\"more-link\">Continuer<span class=\"screen-reader-text\">Chiwava Lot de 2 jouets pour chien en corde de 6,1 cm, balle d&#039;entra\u00eenement sur corde, balle de r\u00e9cup\u00e9ration pour chien de petite et moyenne taille<\/span><\/a><\/span><\/p>","protected":false},"featured_media":77235,"template":"","meta":[],"product_brand":[],"product_cat":[16,15,287],"product_tag":[277,156,276],"class_list":{"0":"post-77074","1":"product","2":"type-product","3":"status-publish","4":"has-post-thumbnail","6":"product_cat-dog_toys","7":"product_cat-pet_toys","8":"product_cat-rubber-dog-toys","9":"product_tag-ball-on-rope","10":"product_tag-rubber-dog-toy","11":"product_tag-rubber-rope-dog-toy","13":"first","14":"instock","15":"shipping-taxable","16":"product-type-simple"},"_links":{"self":[{"href":"https:\/\/www.chiwava.com\/fr\/wp-json\/wp\/v2\/product\/77074","targetHints":{"allow":["GET"]}}],"collection":[{"href":"https:\/\/www.chiwava.com\/fr\/wp-json\/wp\/v2\/product"}],"about":[{"href":"https:\/\/www.chiwava.com\/fr\/wp-json\/wp\/v2\/types\/product"}],"wp:featuredmedia":[{"embeddable":true,"href":"https:\/\/www.chiwava.com\/fr\/wp-json\/wp\/v2\/media\/77235"}],"wp:attachment":[{"href":"https:\/\/www.chiwava.com\/fr\/wp-json\/wp\/v2\/media?parent=77074"}],"wp:term":[{"taxonomy":"product_brand","embeddable":true,"href":"https:\/\/www.chiwava.com\/fr\/wp-json\/wp\/v2\/product_brand?post=77074"},{"taxonomy":"product_cat","embeddable":true,"href":"https:\/\/www.chiwava.com\/fr\/wp-json\/wp\/v2\/product_cat?post=77074"},{"taxonomy":"product_tag","embeddable":true,"href":"https:\/\/www.chiwava.com\/fr\/wp-json\/wp\/v2\/product_tag?post=77074"}],"curies":[{"name":"wp","href":"https:\/\/api.w.org\/{rel}","templated":true}]}}