{"id":77071,"date":"2024-06-27T09:04:20","date_gmt":"2024-06-27T09:04:20","guid":{"rendered":"https:\/\/www.chiwava.com\/?post_type=product&#038;p=77071"},"modified":"2025-10-10T06:44:46","modified_gmt":"2025-10-10T06:44:46","slug":"er172","status":"publish","type":"product","link":"https:\/\/www.chiwava.com\/fr\/produit\/er172\/","title":{"rendered":"Chiwava Lot de 2 disques volants en caoutchouc pour chien de 7,1 po, jouet \u00e0 rapporter pour chiens, jeu d&#039;ext\u00e9rieur pour chiens de taille moyenne"},"content":{"rendered":"<p>Les disques volants Chiwava sont fabriqu\u00e9s en caoutchouc naturel, NON TOXIQUE. Doux, flexible et facile \u00e0 saisir. Peut aider \u00e0 nettoyer les dents et \u00e0 masser les gencives. Con\u00e7u pour les chiens de taille moyenne, id\u00e9al pour les jeux de vol et de r\u00e9cup\u00e9ration sur de longues distances. Un bon outil pour l&#039;entra\u00eenement en int\u00e9rieur ou en ext\u00e9rieur, adapt\u00e9 aux parcs, aux plages et aux arri\u00e8re-cours. Vous pouvez m\u00eame le retourner et l&#039;utiliser comme bol de voyage pour animaux de compagnie pour la nourriture ou l&#039;eau. Favorise l&#039;exercice sain et le temps de liaison. Lib\u00e8re l&#039;\u00e9nergie et le stress.<\/p>\n<p>&nbsp;<\/p>","protected":false},"excerpt":{"rendered":"<p><a href=\"https:\/\/www.chiwava.com\/fr\/boutique-de-marque\/\"><img loading=\"lazy\" decoding=\"async\" class=\"alignnone size-medium wp-image-94\" src=\"https:\/\/www.chiwava.com\/wp-content\/uploads\/2019\/06\/Amazon-300x73.png\" alt=\"\" width=\"300\" height=\"73\" srcset=\"https:\/\/www.chiwava.com\/wp-content\/uploads\/2019\/06\/Amazon-300x73.png 300w, https:\/\/www.chiwava.com\/wp-content\/uploads\/2019\/06\/Amazon.png 364w\" sizes=\"auto, (max-width: 300px) 100vw, 300px\" \/><\/a><\/p>\n<p>Chiwava Lot de 2 disques volants en caoutchouc pour chien de 7,1 po, jouet \u00e0 rapporter pour chiens, jeu d&#039;ext\u00e9rieur pour chiens de taille moyenne<\/p>\n<p>\u2764 Fabriqu\u00e9 en caoutchouc naturel, non toxique, doux au toucher. (2 pi\u00e8ces\/ensemble, 7,1\u00a0&quot;, 1\u00a0* vert + 1\u00a0* orange).<br \/>\n\u2764 Ce disque anti-mouches offre une s\u00e9curit\u00e9 et aide \u00e0 nettoyer les dents et les gencives.<br \/>\n\u2764 Le d\u00e9pliant interactif est le jouet parfait dans l&#039;eau, l&#039;herbe ou la neige. Vous pouvez m\u00eame le retourner et l\u2019utiliser comme gamelle de voyage pour la nourriture ou l\u2019eau.<br \/>\n\u2764 Les poids l\u00e9gers sont parfaits pour lancer, lancer et rapporter. Faire appel aux instincts naturels et \u00e0 l&#039;excitation suppl\u00e9mentaire de votre animal.<br \/>\n\u2764 Convient aux chiens de taille moyenne \u2013 11 ~ 30 kg (24 ~ 66 lb). Facile \u00e0 nettoyer. \u2026 <span class=\"more-button\"><a href=\"https:\/\/www.chiwava.com\/fr\/produit\/er172\/\" class=\"more-link\">Continuer<span class=\"screen-reader-text\">Chiwava Lot de 2 disques volants en caoutchouc pour chien de 7,1 po, jouet \u00e0 rapporter pour chiens, jeu d&#039;ext\u00e9rieur pour chiens de taille moyenne<\/span><\/a><\/span><\/p>","protected":false},"featured_media":77391,"template":"","meta":[],"product_brand":[],"product_cat":[16,15,287],"product_tag":[273,275,156,274],"class_list":{"0":"post-77071","1":"product","2":"type-product","3":"status-publish","4":"has-post-thumbnail","6":"product_cat-dog_toys","7":"product_cat-pet_toys","8":"product_cat-rubber-dog-toys","9":"product_tag-dog-fly-disc","10":"product_tag-dog-frisbee","11":"product_tag-rubber-dog-toy","12":"product_tag-rubber-fetch-dog-toy","14":"first","15":"instock","16":"shipping-taxable","17":"product-type-simple"},"_links":{"self":[{"href":"https:\/\/www.chiwava.com\/fr\/wp-json\/wp\/v2\/product\/77071","targetHints":{"allow":["GET"]}}],"collection":[{"href":"https:\/\/www.chiwava.com\/fr\/wp-json\/wp\/v2\/product"}],"about":[{"href":"https:\/\/www.chiwava.com\/fr\/wp-json\/wp\/v2\/types\/product"}],"wp:featuredmedia":[{"embeddable":true,"href":"https:\/\/www.chiwava.com\/fr\/wp-json\/wp\/v2\/media\/77391"}],"wp:attachment":[{"href":"https:\/\/www.chiwava.com\/fr\/wp-json\/wp\/v2\/media?parent=77071"}],"wp:term":[{"taxonomy":"product_brand","embeddable":true,"href":"https:\/\/www.chiwava.com\/fr\/wp-json\/wp\/v2\/product_brand?post=77071"},{"taxonomy":"product_cat","embeddable":true,"href":"https:\/\/www.chiwava.com\/fr\/wp-json\/wp\/v2\/product_cat?post=77071"},{"taxonomy":"product_tag","embeddable":true,"href":"https:\/\/www.chiwava.com\/fr\/wp-json\/wp\/v2\/product_tag?post=77071"}],"curies":[{"name":"wp","href":"https:\/\/api.w.org\/{rel}","templated":true}]}}