{"id":77068,"date":"2024-06-27T08:57:09","date_gmt":"2024-06-27T08:57:09","guid":{"rendered":"https:\/\/www.chiwava.com\/?post_type=product&#038;p=77068"},"modified":"2025-06-09T07:35:48","modified_gmt":"2025-06-09T07:35:48","slug":"er200","status":"publish","type":"product","link":"https:\/\/www.chiwava.com\/fr\/produit\/er200\/","title":{"rendered":"Disque volant en caoutchouc Chiwava de 8,7 pouces pour chiens de taille moyenne et grande"},"content":{"rendered":"<p>Ce disque volant \u00e0 tirer est con\u00e7u pour offrir un temps de jeu agr\u00e9able et engageant aux chiens, fabriqu\u00e9 \u00e0 partir de caoutchouc naturel, NON TOXIQUE. La poign\u00e9e en caoutchouc est confortable \u00e0 saisir, ce qui permet \u00e0 vous et \u00e0 votre chien de bien tenir pendant nos batailles de tir \u00e0 la corde. Disque volant creux pour chien facile \u00e0 tirer et \u00e0 lancer, id\u00e9al pour le frisson d&#039;un disque volant et des jeux de tir \u00e0 la corde amusants. Id\u00e9al pour promouvoir le jeu actif et l&#039;exercice, le disque volant encourage la course, le saut et la r\u00e9cup\u00e9ration.<\/p>","protected":false},"excerpt":{"rendered":"<p><a href=\"https:\/\/www.chiwava.com\/fr\/boutique-de-marque\/\"><img loading=\"lazy\" decoding=\"async\" class=\"alignnone size-medium wp-image-94\" src=\"https:\/\/www.chiwava.com\/wp-content\/uploads\/2019\/06\/Amazon-300x73.png\" alt=\"\" width=\"300\" height=\"73\" srcset=\"https:\/\/www.chiwava.com\/wp-content\/uploads\/2019\/06\/Amazon-300x73.png 300w, https:\/\/www.chiwava.com\/wp-content\/uploads\/2019\/06\/Amazon.png 364w\" sizes=\"auto, (max-width: 300px) 100vw, 300px\" \/><\/a><\/p>\n<p>Disque volant en caoutchouc Chiwava de 8,7 pouces pour chien, jouet \u00e0 rapporter pour chiens, jeu d&#039;ext\u00e9rieur pour chiens de taille moyenne et grande<\/p>\n<p>\u2764 Fabriqu\u00e9 en caoutchouc naturel, non toxique, doux au toucher.<br \/>\n\u2764 Disque volant interactif id\u00e9al pour lancer, r\u00e9cup\u00e9rer, lancer, entra\u00eener et attraper.<br \/>\n\u2764 Assez doux pour \u00eatre doux pour les dents et les gencives d&#039;un chien, prise confortable pour votre animal de compagnie.<br \/>\n\u2764 Ce disque anti-mouche creux pour chien est con\u00e7u \u00e0 la fois pour les jeux de tir \u00e0 la corde et pour rapporter, offrant \u00e0 votre animal des heures de divertissement et d&#039;exercice.<br \/>\n\u2764 Convient aux grands chiens \u2013 31 ~ 40 kg (68,3 ~ 88,2 lb). Facile \u00e0 nettoyer. \u2026 <span class=\"more-button\"><a href=\"https:\/\/www.chiwava.com\/fr\/produit\/er200\/\" class=\"more-link\">Continuer<span class=\"screen-reader-text\">Disque volant en caoutchouc Chiwava de 8,7 pouces pour chiens de taille moyenne et grande<\/span><\/a><\/span><\/p>","protected":false},"featured_media":78061,"template":"","meta":[],"product_brand":[],"product_cat":[16,15],"product_tag":[273,156,274],"class_list":{"0":"post-77068","1":"product","2":"type-product","3":"status-publish","4":"has-post-thumbnail","6":"product_cat-dog_toys","7":"product_cat-pet_toys","8":"product_tag-dog-fly-disc","9":"product_tag-rubber-dog-toy","10":"product_tag-rubber-fetch-dog-toy","12":"first","13":"instock","14":"shipping-taxable","15":"product-type-simple"},"_links":{"self":[{"href":"https:\/\/www.chiwava.com\/fr\/wp-json\/wp\/v2\/product\/77068","targetHints":{"allow":["GET"]}}],"collection":[{"href":"https:\/\/www.chiwava.com\/fr\/wp-json\/wp\/v2\/product"}],"about":[{"href":"https:\/\/www.chiwava.com\/fr\/wp-json\/wp\/v2\/types\/product"}],"wp:featuredmedia":[{"embeddable":true,"href":"https:\/\/www.chiwava.com\/fr\/wp-json\/wp\/v2\/media\/78061"}],"wp:attachment":[{"href":"https:\/\/www.chiwava.com\/fr\/wp-json\/wp\/v2\/media?parent=77068"}],"wp:term":[{"taxonomy":"product_brand","embeddable":true,"href":"https:\/\/www.chiwava.com\/fr\/wp-json\/wp\/v2\/product_brand?post=77068"},{"taxonomy":"product_cat","embeddable":true,"href":"https:\/\/www.chiwava.com\/fr\/wp-json\/wp\/v2\/product_cat?post=77068"},{"taxonomy":"product_tag","embeddable":true,"href":"https:\/\/www.chiwava.com\/fr\/wp-json\/wp\/v2\/product_tag?post=77068"}],"curies":[{"name":"wp","href":"https:\/\/api.w.org\/{rel}","templated":true}]}}