{"id":77066,"date":"2024-06-27T08:38:00","date_gmt":"2024-06-27T08:38:00","guid":{"rendered":"https:\/\/www.chiwava.com\/?post_type=product&#038;p=77066"},"modified":"2024-08-21T09:45:59","modified_gmt":"2024-08-21T09:45:59","slug":"er021er001","status":"publish","type":"product","link":"https:\/\/www.chiwava.com\/fr\/produit\/er021er001\/","title":{"rendered":"Chiwava Lot de 2 balles dentaires en caoutchouc pour chien avec jeux de friandises pour grands chiens"},"content":{"rendered":"<p>Les balles dentaires en caoutchouc Chiwava sont fabriqu\u00e9es \u00e0 partir de caoutchouc naturel, NON TOXIQUE. Les boules dentaires avec surface en dents de scie et les boules de friandises utilisent la conception du distributeur de friandises. Cette balle peut non seulement aider l&#039;animal \u00e0 nettoyer les dents et \u00e0 masser les gencives, mais peut \u00e9galement ajouter la collation au trou ou en forme de dent pour augmenter l&#039;int\u00e9r\u00eat de votre animal, profiter de sa nourriture et prendre la bonne habitude de manger lentement. Il convient aux activit\u00e9s de r\u00e9cup\u00e9ration, de lancer et de mastication, encourage le jeu actif et l&#039;exercice, profitez d&#039;heures de temps de liaison avec votre animal de compagnie.<\/p>\n<p>&nbsp;<\/p>","protected":false},"excerpt":{"rendered":"<p><a href=\"https:\/\/www.chiwava.com\/fr\/boutique-de-marque\/\"><img loading=\"lazy\" decoding=\"async\" class=\"alignnone size-medium wp-image-94\" src=\"https:\/\/www.chiwava.com\/wp-content\/uploads\/2019\/06\/Amazon-300x73.png\" alt=\"\" width=\"300\" height=\"73\" srcset=\"https:\/\/www.chiwava.com\/wp-content\/uploads\/2019\/06\/Amazon-300x73.png 300w, https:\/\/www.chiwava.com\/wp-content\/uploads\/2019\/06\/Amazon.png 364w\" sizes=\"auto, (max-width: 300px) 100vw, 300px\" \/><\/a><\/p>\n<p>Chiwava Lot de 2 balles dentaires en caoutchouc pour chien avec jeux de friandises pour grands chiens<\/p>\n<p>\u2764 Fabriqu\u00e9 en caoutchouc naturel, non toxique (2 pi\u00e8ces\/ensemble, 1 vert menthe + 1 vert).<br \/>\n\u2764 Vous pouvez ajouter la nourriture ou les friandises pr\u00e9f\u00e9r\u00e9es de votre chien dans la balle, pour attirer plus facilement l&#039;attention de votre chien.<br \/>\n\u2764 La boule de dents vert menthe peut aider \u00e0 nettoyer les dents et \u00e0 masser les gencives, favorisant ainsi la sant\u00e9 dentaire.<br \/>\n\u2764 Green Treat Ball, comme le jouet puzzle, peut mettre les aliments, am\u00e9liorant ainsi leurs capacit\u00e9s de r\u00e9solution de probl\u00e8mes.<br \/>\n\u2764 Con\u00e7u pour rapporter et rouler, encourageant le jeu actif et mobilisant les instincts naturels du chien.<br \/>\n\u2764 Convient aux grands chiens \u2013 31 ~ 40 kg (68,3 ~ 88,2 lb). Facile \u00e0 nettoyer. Il suffit de rincer \u00e0 l&#039;eau ti\u00e8de et de s\u00e9cher apr\u00e8s utilisation. \u2026 <span class=\"more-button\"><a href=\"https:\/\/www.chiwava.com\/fr\/produit\/er021er001\/\" class=\"more-link\">Continuer<span class=\"screen-reader-text\">Chiwava Lot de 2 balles dentaires en caoutchouc pour chien avec jeux de friandises pour grands chiens<\/span><\/a><\/span><\/p>","protected":false},"featured_media":77179,"template":"","meta":[],"product_brand":[],"product_cat":[16,15],"product_tag":[165,271,272],"class_list":{"0":"post-77066","1":"product","2":"type-product","3":"status-publish","4":"has-post-thumbnail","6":"product_cat-dog_toys","7":"product_cat-pet_toys","8":"product_tag-chew-dog-toy","9":"product_tag-rubber-dog-toy-ball","10":"product_tag-treat-dog-toy-ball","12":"first","13":"instock","14":"shipping-taxable","15":"product-type-simple"},"_links":{"self":[{"href":"https:\/\/www.chiwava.com\/fr\/wp-json\/wp\/v2\/product\/77066","targetHints":{"allow":["GET"]}}],"collection":[{"href":"https:\/\/www.chiwava.com\/fr\/wp-json\/wp\/v2\/product"}],"about":[{"href":"https:\/\/www.chiwava.com\/fr\/wp-json\/wp\/v2\/types\/product"}],"wp:featuredmedia":[{"embeddable":true,"href":"https:\/\/www.chiwava.com\/fr\/wp-json\/wp\/v2\/media\/77179"}],"wp:attachment":[{"href":"https:\/\/www.chiwava.com\/fr\/wp-json\/wp\/v2\/media?parent=77066"}],"wp:term":[{"taxonomy":"product_brand","embeddable":true,"href":"https:\/\/www.chiwava.com\/fr\/wp-json\/wp\/v2\/product_brand?post=77066"},{"taxonomy":"product_cat","embeddable":true,"href":"https:\/\/www.chiwava.com\/fr\/wp-json\/wp\/v2\/product_cat?post=77066"},{"taxonomy":"product_tag","embeddable":true,"href":"https:\/\/www.chiwava.com\/fr\/wp-json\/wp\/v2\/product_tag?post=77066"}],"curies":[{"name":"wp","href":"https:\/\/api.w.org\/{rel}","templated":true}]}}