{"id":77062,"date":"2024-06-27T08:34:00","date_gmt":"2024-06-27T08:34:00","guid":{"rendered":"https:\/\/www.chiwava.com\/?post_type=product&#038;p=77062"},"modified":"2025-10-10T06:45:40","modified_gmt":"2025-10-10T06:45:40","slug":"er000","status":"publish","type":"product","link":"https:\/\/www.chiwava.com\/fr\/produit\/er000\/","title":{"rendered":"Chiwava 2 Pack 2.36\u2033 Jouet de dentition en caoutchouc pour chien Balles dentaires Mangeoire \u00e0 friandises Balle \u00e0 m\u00e2cher pour chiens de taille moyenne"},"content":{"rendered":"<p>Les balles dentaires en caoutchouc Chiwava sont fabriqu\u00e9es \u00e0 partir de caoutchouc naturel, NON TOXIQUE. Surface antid\u00e9rapante en dents de scie, con\u00e7ue pour les chiens de taille moyenne, s&#039;adapte \u00e0 la bouche de votre animal. Cette balle peut non seulement aider l&#039;animal \u00e0 nettoyer les dents et \u00e0 masser les gencives, mais peut \u00e9galement ajouter une collation, \u00e9taler du beurre de cacahu\u00e8te ou du yaourt sur la forme de la dent pour augmenter l&#039;int\u00e9r\u00eat de votre animal, le trou du milieu peut \u00eatre ins\u00e9r\u00e9 avec des friandises. Il convient aux activit\u00e9s de r\u00e9cup\u00e9ration, de lancer et de mastication, encourage le jeu actif et l&#039;exercice, profitez d&#039;heures de temps de liaison avec votre animal de compagnie.<\/p>","protected":false},"excerpt":{"rendered":"<p><a href=\"https:\/\/www.chiwava.com\/fr\/boutique-de-marque\/\"><img loading=\"lazy\" decoding=\"async\" class=\"alignnone size-medium wp-image-94\" src=\"https:\/\/www.chiwava.com\/wp-content\/uploads\/2019\/06\/Amazon-300x73.png\" alt=\"\" width=\"300\" height=\"73\" srcset=\"https:\/\/www.chiwava.com\/wp-content\/uploads\/2019\/06\/Amazon-300x73.png 300w, https:\/\/www.chiwava.com\/wp-content\/uploads\/2019\/06\/Amazon.png 364w\" sizes=\"auto, (max-width: 300px) 100vw, 300px\" \/><\/a><\/p>\n<p>Chiwava 2 Pack 2.36\u2033 Jouet de dentition en caoutchouc pour chien Balles dentaires Mangeoire \u00e0 friandises Balle \u00e0 m\u00e2cher pour chiens de taille moyenne<\/p>\n<p>\u2764 Fabriqu\u00e9 en caoutchouc naturel, non toxique (2 pi\u00e8ces\/ensemble, 2,36\u00a0\u00bb, 1\u00a0* vert menthe + 1\u00a0* vert).<br \/>\n\u2764 Vous pouvez ajouter la nourriture ou les friandises pr\u00e9f\u00e9r\u00e9es de votre chien dans la balle, pour attirer plus facilement l&#039;attention de votre chien.<br \/>\n\u2764 Surface antid\u00e9rapante en dents de scie, aide \u00e0 nettoyer les dents et \u00e0 masser les gencives, favorisant la sant\u00e9 dentaire.<br \/>\n\u2764 Con\u00e7u pour rapporter et rouler, encourageant le jeu actif et mobilisant les instincts naturels du chien.<br \/>\n\u2764 Convient aux chiens de taille moyenne \u2013 11 ~ 30 kg (24 ~ 66 lb). Facile \u00e0 nettoyer. Il suffit de rincer \u00e0 l&#039;eau ti\u00e8de et de s\u00e9cher apr\u00e8s utilisation. \u2026 <span class=\"more-button\"><a href=\"https:\/\/www.chiwava.com\/fr\/produit\/er000\/\" class=\"more-link\">Continuer<span class=\"screen-reader-text\">Chiwava 2 Pack 2.36\u2033 Jouet de dentition en caoutchouc pour chien Balles dentaires Mangeoire \u00e0 friandises Balle \u00e0 m\u00e2cher pour chiens de taille moyenne<\/span><\/a><\/span><\/p>","protected":false},"featured_media":77239,"template":"","meta":[],"product_brand":[],"product_cat":[16,15,287],"product_tag":[165,156,271],"class_list":{"0":"post-77062","1":"product","2":"type-product","3":"status-publish","4":"has-post-thumbnail","6":"product_cat-dog_toys","7":"product_cat-pet_toys","8":"product_cat-rubber-dog-toys","9":"product_tag-chew-dog-toy","10":"product_tag-rubber-dog-toy","11":"product_tag-rubber-dog-toy-ball","13":"first","14":"instock","15":"shipping-taxable","16":"product-type-simple"},"_links":{"self":[{"href":"https:\/\/www.chiwava.com\/fr\/wp-json\/wp\/v2\/product\/77062","targetHints":{"allow":["GET"]}}],"collection":[{"href":"https:\/\/www.chiwava.com\/fr\/wp-json\/wp\/v2\/product"}],"about":[{"href":"https:\/\/www.chiwava.com\/fr\/wp-json\/wp\/v2\/types\/product"}],"wp:featuredmedia":[{"embeddable":true,"href":"https:\/\/www.chiwava.com\/fr\/wp-json\/wp\/v2\/media\/77239"}],"wp:attachment":[{"href":"https:\/\/www.chiwava.com\/fr\/wp-json\/wp\/v2\/media?parent=77062"}],"wp:term":[{"taxonomy":"product_brand","embeddable":true,"href":"https:\/\/www.chiwava.com\/fr\/wp-json\/wp\/v2\/product_brand?post=77062"},{"taxonomy":"product_cat","embeddable":true,"href":"https:\/\/www.chiwava.com\/fr\/wp-json\/wp\/v2\/product_cat?post=77062"},{"taxonomy":"product_tag","embeddable":true,"href":"https:\/\/www.chiwava.com\/fr\/wp-json\/wp\/v2\/product_tag?post=77062"}],"curies":[{"name":"wp","href":"https:\/\/api.w.org\/{rel}","templated":true}]}}