{"id":76877,"date":"2023-10-16T07:30:50","date_gmt":"2023-10-16T07:30:50","guid":{"rendered":"https:\/\/www.chiwava.com\/?post_type=product&#038;p=76877"},"modified":"2025-10-10T06:46:10","modified_gmt":"2025-10-10T06:46:10","slug":"dtl23001","status":"publish","type":"product","link":"https:\/\/www.chiwava.com\/fr\/produit\/dtl23001\/","title":{"rendered":"CHIWAVA Lot de 4 d\u00e9s de jouets pour chiens en latex grin\u00e7ants de 1,7 po"},"content":{"rendered":"<p>Les d\u00e9s pour chiens Chiwava Latex sont fabriqu\u00e9s en latex naturel. NON TOXIQUE. Il a la forme d&#039;un d\u00e9 grandeur nature, ajoutant une touche passionnante aux s\u00e9ances de jeu de votre chien. Chaque jouet a un petit couineur. \u00c0 chaque coup de pouce ludique, votre compagnon \u00e0 quatre pattes sera r\u00e9compens\u00e9 par un couinement amusant. Les couleurs vives et le design classique captiveront l&#039;attention de votre chiot, ce qui en fera le compagnon id\u00e9al pour aller chercher, attraper ou m\u00eame jouer en solo.<\/p>\n<p>&nbsp;<\/p>\n<p>&nbsp;<\/p>","protected":false},"excerpt":{"rendered":"<p><a href=\"https:\/\/www.chiwava.com\/fr\/boutique-de-marque\/\"><img loading=\"lazy\" decoding=\"async\" class=\"alignnone size-medium wp-image-94\" src=\"https:\/\/www.chiwava.com\/wp-content\/uploads\/2019\/06\/Amazon-300x73.png\" alt=\"\" width=\"300\" height=\"73\" srcset=\"https:\/\/www.chiwava.com\/wp-content\/uploads\/2019\/06\/Amazon-300x73.png 300w, https:\/\/www.chiwava.com\/wp-content\/uploads\/2019\/06\/Amazon.png 364w\" sizes=\"auto, (max-width: 300px) 100vw, 300px\" \/><\/a><\/p>\n<p>CHIWAVA Lot de 4 jouets pour chiens en latex grin\u00e7ants de 1,7 po, d\u00e9s pour chiots, jeu interactif pour petits chiens<\/p>\n<p>\u2764 Fabriqu\u00e9 avec du caoutchouc de latex naturel, non toxique.<br \/>\n\u2764 Doux, Squeeze Squeak, D\u00e9s classiques amusants, remplis de peluches.<br \/>\n\u2764Jouet interactif d&#039;int\u00e9rieur et d&#039;ext\u00e9rieur, id\u00e9al pour rapporter, lancer et rebondir.<br \/>\n\u2764 Contient 4 couleurs diff\u00e9rentes, ajoute un \u00e9l\u00e9ment de nouveaut\u00e9 \u00e0 la r\u00e9cr\u00e9ation, gardant votre chiot engag\u00e9 et diverti.<br \/>\n\u2764 Convient aux petits chiens - Moins de 11 kg (24,25 lb). \u2026 <span class=\"more-button\"><a href=\"https:\/\/www.chiwava.com\/fr\/produit\/dtl23001\/\" class=\"more-link\">Continuer<span class=\"screen-reader-text\">CHIWAVA Lot de 4 d\u00e9s de jouets pour chiens en latex grin\u00e7ants de 1,7 po<\/span><\/a><\/span><\/p>","protected":false},"featured_media":76913,"template":"","meta":[],"product_brand":[],"product_cat":[16,286,15],"product_tag":[268,166,59,58],"class_list":{"0":"post-76877","1":"product","2":"type-product","3":"status-publish","4":"has-post-thumbnail","6":"product_cat-dog_toys","7":"product_cat-latex-dog-toys","8":"product_cat-pet_toys","9":"product_tag-dog-toy-dice","10":"product_tag-fetch-dog-toy","11":"product_tag-interactive-dog-toy","12":"product_tag-squeak-dog-toy","14":"first","15":"instock","16":"shipping-taxable","17":"product-type-simple"},"_links":{"self":[{"href":"https:\/\/www.chiwava.com\/fr\/wp-json\/wp\/v2\/product\/76877","targetHints":{"allow":["GET"]}}],"collection":[{"href":"https:\/\/www.chiwava.com\/fr\/wp-json\/wp\/v2\/product"}],"about":[{"href":"https:\/\/www.chiwava.com\/fr\/wp-json\/wp\/v2\/types\/product"}],"wp:featuredmedia":[{"embeddable":true,"href":"https:\/\/www.chiwava.com\/fr\/wp-json\/wp\/v2\/media\/76913"}],"wp:attachment":[{"href":"https:\/\/www.chiwava.com\/fr\/wp-json\/wp\/v2\/media?parent=76877"}],"wp:term":[{"taxonomy":"product_brand","embeddable":true,"href":"https:\/\/www.chiwava.com\/fr\/wp-json\/wp\/v2\/product_brand?post=76877"},{"taxonomy":"product_cat","embeddable":true,"href":"https:\/\/www.chiwava.com\/fr\/wp-json\/wp\/v2\/product_cat?post=76877"},{"taxonomy":"product_tag","embeddable":true,"href":"https:\/\/www.chiwava.com\/fr\/wp-json\/wp\/v2\/product_tag?post=76877"}],"curies":[{"name":"wp","href":"https:\/\/api.w.org\/{rel}","templated":true}]}}