{"id":76343,"date":"2023-04-19T06:26:32","date_gmt":"2023-04-19T06:26:32","guid":{"rendered":"https:\/\/www.chiwava.com\/?post_type=product&#038;p=76343"},"modified":"2023-10-08T03:53:50","modified_gmt":"2023-10-08T03:53:50","slug":"ctb12003-6pcs","status":"publish","type":"product","link":"https:\/\/www.chiwava.com\/fr\/produit\/ctb12003-6pcs\/","title":{"rendered":"Chiwava Lot de 6 balles de jouet pour chat en fil de laine de 50,8 cm avec jouets interactifs Bell Kitten"},"content":{"rendered":"<p>Les balles assorties Chiwava sont fabriqu\u00e9es \u00e0 partir de fils de laine doux. NON TOXIQUE. Ces pelotes de laine combinent la douceur du fil de laine avec le son de la cloche et le plaisir suppl\u00e9mentaire d&#039;une longue ficelle. La balle jouet comporte une cloche attach\u00e9e qui tinte \u00e0 chaque mouvement. le son de la cloche stimule la curiosit\u00e9 de votre chat et capte son attention. La conception des cordes vous donne un bon effet de levier pour lancer les balles. peut utiliser la ficelle pour faire glisser la balle sur le sol, id\u00e9al pour rouler, bondir, frapper et chasser. offrant un divertissement et une stimulation sans fin.<\/p>","protected":false},"excerpt":{"rendered":"<p><a href=\"https:\/\/www.chiwava.com\/fr\/boutique-de-marque\/\"><img loading=\"lazy\" decoding=\"async\" class=\"alignnone size-medium wp-image-94\" src=\"https:\/\/www.chiwava.com\/wp-content\/uploads\/2019\/06\/Amazon-300x73.png\" alt=\"\" width=\"300\" height=\"73\" srcset=\"https:\/\/www.chiwava.com\/wp-content\/uploads\/2019\/06\/Amazon-300x73.png 300w, https:\/\/www.chiwava.com\/wp-content\/uploads\/2019\/06\/Amazon.png 364w\" sizes=\"auto, (max-width: 300px) 100vw, 300px\" \/><\/a><\/p>\n<p>Chiwava 6PCS 20 \u2033 Balles de jouet pour chat en fil de laine avec cloche<\/p>\n<ul>\n<li>Fabriqu\u00e9 avec du plastique \u00e0 l&#039;int\u00e9rieur, du fil de laine doux \u00e0 l&#039;ext\u00e9rieur.<\/li>\n<li>L\u00e9ger, facile \u00e0 transporter et \u00e0 suspendre, id\u00e9al pour lancer les balles.<\/li>\n<li>Bell Design, faisant appel aux instincts naturels de votre chat et \u00e0 un divertissement sans fin.<\/li>\n<li>Les boules de fil sont parfaitement dimensionn\u00e9es pour rouler et lancer, id\u00e9ales pour l&#039;exercice et l&#039;entra\u00eenement.<\/li>\n<li>Contenu : 6 pi\u00e8ces par bo\u00eete, id\u00e9al pour les jouets interactifs d&#039;int\u00e9rieur et d&#039;activit\u00e9.<\/li>\n<\/ul>\n<p> \u2026 <span class=\"more-button\"><a href=\"https:\/\/www.chiwava.com\/fr\/produit\/ctb12003-6pcs\/\" class=\"more-link\">Continuer<span class=\"screen-reader-text\">Chiwava Lot de 6 balles de jouet pour chat en fil de laine de 50,8 cm avec jouets interactifs Bell Kitten<\/span><\/a><\/span><\/p>","protected":false},"featured_media":76571,"template":"","meta":[],"product_brand":[],"product_cat":[17,15],"product_tag":[255,139,254],"class_list":{"0":"post-76343","1":"product","2":"type-product","3":"status-publish","4":"has-post-thumbnail","6":"product_cat-cat_toys","7":"product_cat-pet_toys","8":"product_tag-cat-toy-ball-with-bell","9":"product_tag-interactive-cat-toy","10":"product_tag-woolen-yarn-cat-toy-balls","12":"first","13":"instock","14":"shipping-taxable","15":"product-type-simple"},"_links":{"self":[{"href":"https:\/\/www.chiwava.com\/fr\/wp-json\/wp\/v2\/product\/76343","targetHints":{"allow":["GET"]}}],"collection":[{"href":"https:\/\/www.chiwava.com\/fr\/wp-json\/wp\/v2\/product"}],"about":[{"href":"https:\/\/www.chiwava.com\/fr\/wp-json\/wp\/v2\/types\/product"}],"wp:featuredmedia":[{"embeddable":true,"href":"https:\/\/www.chiwava.com\/fr\/wp-json\/wp\/v2\/media\/76571"}],"wp:attachment":[{"href":"https:\/\/www.chiwava.com\/fr\/wp-json\/wp\/v2\/media?parent=76343"}],"wp:term":[{"taxonomy":"product_brand","embeddable":true,"href":"https:\/\/www.chiwava.com\/fr\/wp-json\/wp\/v2\/product_brand?post=76343"},{"taxonomy":"product_cat","embeddable":true,"href":"https:\/\/www.chiwava.com\/fr\/wp-json\/wp\/v2\/product_cat?post=76343"},{"taxonomy":"product_tag","embeddable":true,"href":"https:\/\/www.chiwava.com\/fr\/wp-json\/wp\/v2\/product_tag?post=76343"}],"curies":[{"name":"wp","href":"https:\/\/api.w.org\/{rel}","templated":true}]}}