{"id":75626,"date":"2022-05-25T03:12:42","date_gmt":"2022-05-25T03:12:42","guid":{"rendered":"https:\/\/www.chiwava.com\/?post_type=product&#038;p=75626"},"modified":"2023-10-08T03:58:06","modified_gmt":"2023-10-08T03:58:06","slug":"cts00026-36pcs","status":"publish","type":"product","link":"https:\/\/www.chiwava.com\/fr\/produit\/cts00026-36pcs\/","title":{"rendered":"Chiwava Lot de 36 jouets en mousse pour chat de 4,3 cm Couleur arc-en-ciel"},"content":{"rendered":"<p>Lot de 36 balles, vous n&#039;avez donc pas \u00e0 vous soucier de perdre les jouets dans votre maison. Les chats sont des animaux nocturnes, et beaucoup d&#039;entre eux adorent se pr\u00e9cipiter dans l&#039;appartement la nuit. Sp\u00e9cialement con\u00e7u pour le jeu silencieux, mais peut toujours int\u00e9resser votre adorable chat en raison de son design tr\u00e8s color\u00e9 et de sa l\u00e9g\u00e8ret\u00e9. Les balles en mousse sont douces au toucher et pas si molles, ce qui en fait des jouets \u00e0 longue dur\u00e9e de vie. Votre chat peut facilement rouler et chasser la balle la nuit sans faire de bruit et sans interrompre votre sommeil.<\/p>","protected":false},"excerpt":{"rendered":"<p><a href=\"https:\/\/www.chiwava.com\/fr\/boutique-de-marque\/\"><img loading=\"lazy\" decoding=\"async\" class=\"alignnone size-medium wp-image-94\" src=\"https:\/\/www.chiwava.com\/wp-content\/uploads\/2019\/06\/Amazon-300x73.png\" alt=\"\" width=\"300\" height=\"73\" srcset=\"https:\/\/www.chiwava.com\/wp-content\/uploads\/2019\/06\/Amazon-300x73.png 300w, https:\/\/www.chiwava.com\/wp-content\/uploads\/2019\/06\/Amazon.png 364w\" sizes=\"auto, (max-width: 300px) 100vw, 300px\" \/><\/a><br \/>\nChiwava Lot de 36 jouets en mousse pour chat de 4,3 cm Balles de couleur arc-en-ciel Chaton Activit\u00e9 Chase Quiet Play Mix Color<\/p>\n<hr \/>\n<ul class=\"a-unordered-list a-vertical a-spacing-none\">\n<li><span class=\"a-list-item\">Ballon l\u00e9ger, fabriqu\u00e9 en mousse EVA.<\/span><\/li>\n<li><span class=\"a-list-item\">Boules arc-en-ciel color\u00e9es<\/span><\/li>\n<li><span class=\"a-list-item\">Jouets de jeu silencieux pour chat<\/span><\/li>\n<li><span class=\"a-list-item\">Lot de 36 jouets pour chat en vrac<\/span><\/li>\n<li><span class=\"a-list-item\">Id\u00e9al pour le jeu interactif ou ind\u00e9pendant, facile \u00e0 rouler et \u00e0 chasser<\/span><\/li>\n<\/ul>\n<p> \u2026 <span class=\"more-button\"><a href=\"https:\/\/www.chiwava.com\/fr\/produit\/cts00026-36pcs\/\" class=\"more-link\">Continuer<span class=\"screen-reader-text\">Chiwava Lot de 36 jouets en mousse pour chat de 4,3 cm Couleur arc-en-ciel<\/span><\/a><\/span><\/p>","protected":false},"featured_media":75982,"template":"","meta":[],"product_brand":[],"product_cat":[17,15],"product_tag":[31,33,34],"class_list":{"0":"post-75626","1":"product","2":"type-product","3":"status-publish","4":"has-post-thumbnail","6":"product_cat-cat_toys","7":"product_cat-pet_toys","8":"product_tag-cat-mice-for-kids","9":"product_tag-cat-toy-balls","10":"product_tag-cat-toys-for-adult","12":"first","13":"instock","14":"shipping-taxable","15":"product-type-simple"},"_links":{"self":[{"href":"https:\/\/www.chiwava.com\/fr\/wp-json\/wp\/v2\/product\/75626","targetHints":{"allow":["GET"]}}],"collection":[{"href":"https:\/\/www.chiwava.com\/fr\/wp-json\/wp\/v2\/product"}],"about":[{"href":"https:\/\/www.chiwava.com\/fr\/wp-json\/wp\/v2\/types\/product"}],"wp:featuredmedia":[{"embeddable":true,"href":"https:\/\/www.chiwava.com\/fr\/wp-json\/wp\/v2\/media\/75982"}],"wp:attachment":[{"href":"https:\/\/www.chiwava.com\/fr\/wp-json\/wp\/v2\/media?parent=75626"}],"wp:term":[{"taxonomy":"product_brand","embeddable":true,"href":"https:\/\/www.chiwava.com\/fr\/wp-json\/wp\/v2\/product_brand?post=75626"},{"taxonomy":"product_cat","embeddable":true,"href":"https:\/\/www.chiwava.com\/fr\/wp-json\/wp\/v2\/product_cat?post=75626"},{"taxonomy":"product_tag","embeddable":true,"href":"https:\/\/www.chiwava.com\/fr\/wp-json\/wp\/v2\/product_tag?post=75626"}],"curies":[{"name":"wp","href":"https:\/\/api.w.org\/{rel}","templated":true}]}}