{"id":63,"date":"2019-06-24T03:42:39","date_gmt":"2019-06-24T03:42:39","guid":{"rendered":"http:\/\/pending.chiwava.com\/?post_type=product&#038;p=63"},"modified":"2026-02-06T08:29:55","modified_gmt":"2026-02-06T08:29:55","slug":"ctm00120","status":"publish","type":"product","link":"https:\/\/www.chiwava.com\/fr\/produit\/ctm00120\/","title":{"rendered":"Chiwava 60PCS 4.1 Pouces Furry Chat Jouet Souris Hochet Petite Souris"},"content":{"rendered":"<p>Chiwava Furry Little Rattle Cat Toys Souris, corps en peluche \u00e0 l&#039;ext\u00e9rieur, avoir des perles \u00e0 l&#039;int\u00e9rieur et cr\u00e9er un son de hochet qui peut \u00eatre plus int\u00e9ressant et attrayant pour votre chat, lot de 36 souris de couleurs assorties. Nous savons que certains chats aiment toujours collectionner des jouets n&#039;importe o\u00f9. Convient pour les jeux d&#039;int\u00e9rieur pour chats et chatons, jeux interactifs, jeux de capture et jeux ind\u00e9pendants.<\/p>","protected":false},"excerpt":{"rendered":"<p><a href=\"https:\/\/www.chiwava.com\/fr\/boutique-de-marque\/\"><img loading=\"lazy\" decoding=\"async\" class=\"alignnone size-medium wp-image-94\" src=\"https:\/\/www.chiwava.com\/wp-content\/uploads\/2019\/06\/Amazon-300x73.png\" alt=\"\" width=\"300\" height=\"73\" srcset=\"https:\/\/www.chiwava.com\/wp-content\/uploads\/2019\/06\/Amazon-300x73.png 300w, https:\/\/www.chiwava.com\/wp-content\/uploads\/2019\/06\/Amazon.png 364w\" sizes=\"auto, (max-width: 300px) 100vw, 300px\" \/><\/a><br \/>\nChiwava 60PCS 4.1&quot; Furry Cat Toy Souris Hochet Petite Souris Chaton Jeu Interactif Couleur Assortie<\/p>\n<hr \/>\n<p>\u2764 Fourrure synth\u00e9tique fourrure qualifi\u00e9e, crit\u00e8re de d\u00e9tection US FDA 21CFR (Olefin Polymers) \/ EU CE EN-71 (Plush Toys)<\/p>\n<p>\u2764 Peau de souris en fourrure synth\u00e9tique et son de hochet en plastique.<\/p>\n<p>\u2764 Jeu interactif, jeu ind\u00e9pendant, jeu int\u00e9rieur<\/p>\n<p>\u2764 Lot de 60\/bo\u00eete, petite taille de couleurs assorties<\/p>\n<p>\u2764 Convient aux enfants et aux chats adultes\u2026 <span class=\"more-button\"><a href=\"https:\/\/www.chiwava.com\/fr\/produit\/ctm00120\/\" class=\"more-link\">Continuer<span class=\"screen-reader-text\">Chiwava 60PCS 4.1 Pouces Furry Chat Jouet Souris Hochet Petite Souris<\/span><\/a><\/span><\/p>","protected":false},"featured_media":75794,"template":"","meta":[],"product_brand":[],"product_cat":[17,15],"product_tag":[25,49,50,24],"class_list":{"0":"post-63","1":"product","2":"type-product","3":"status-publish","4":"has-post-thumbnail","6":"product_cat-cat_toys","7":"product_cat-pet_toys","8":"product_tag-cat-toys-mice","9":"product_tag-furry-cat-toys-mice","10":"product_tag-rattle-cat-toys-mice","11":"product_tag-small-cat-mice","13":"first","14":"instock","15":"shipping-taxable","16":"product-type-simple"},"_links":{"self":[{"href":"https:\/\/www.chiwava.com\/fr\/wp-json\/wp\/v2\/product\/63","targetHints":{"allow":["GET"]}}],"collection":[{"href":"https:\/\/www.chiwava.com\/fr\/wp-json\/wp\/v2\/product"}],"about":[{"href":"https:\/\/www.chiwava.com\/fr\/wp-json\/wp\/v2\/types\/product"}],"wp:featuredmedia":[{"embeddable":true,"href":"https:\/\/www.chiwava.com\/fr\/wp-json\/wp\/v2\/media\/75794"}],"wp:attachment":[{"href":"https:\/\/www.chiwava.com\/fr\/wp-json\/wp\/v2\/media?parent=63"}],"wp:term":[{"taxonomy":"product_brand","embeddable":true,"href":"https:\/\/www.chiwava.com\/fr\/wp-json\/wp\/v2\/product_brand?post=63"},{"taxonomy":"product_cat","embeddable":true,"href":"https:\/\/www.chiwava.com\/fr\/wp-json\/wp\/v2\/product_cat?post=63"},{"taxonomy":"product_tag","embeddable":true,"href":"https:\/\/www.chiwava.com\/fr\/wp-json\/wp\/v2\/product_tag?post=63"}],"curies":[{"name":"wp","href":"https:\/\/api.w.org\/{rel}","templated":true}]}}