{"id":566,"date":"2019-09-26T02:39:59","date_gmt":"2019-09-26T02:39:59","guid":{"rendered":"https:\/\/www.chiwava.com\/?post_type=product&#038;p=566"},"modified":"2025-10-10T06:46:17","modified_gmt":"2025-10-10T06:46:17","slug":"dtl00069-a","status":"publish","type":"product","link":"https:\/\/www.chiwava.com\/fr\/produit\/dtl00069-a\/","title":{"rendered":"Chiwava Lot de 3 jouets pour chiots en latex Squeak de 8,9 cm"},"content":{"rendered":"<p>Ensemble d&#039;hippopotame et d&#039;\u00e9l\u00e9phant Chiwava pour petits chiens. Apparence animale mignonne et corps de balle. Le m\u00e9lange de quatre couleurs et le mat\u00e9riau en latex naturel permettent \u00e0 votre animal de m\u00e2cher et de jouer en toute s\u00e9curit\u00e9. Jouet couineur pour le jeu interactif et le jeu \u00e0 rapporter.<\/p>","protected":false},"excerpt":{"rendered":"<p><a href=\"https:\/\/www.chiwava.com\/fr\/boutique-de-marque\/\"><img loading=\"lazy\" decoding=\"async\" class=\"alignnone size-medium wp-image-94\" src=\"https:\/\/www.chiwava.com\/wp-content\/uploads\/2019\/06\/Amazon-300x73.png\" alt=\"\" width=\"300\" height=\"73\" srcset=\"https:\/\/www.chiwava.com\/wp-content\/uploads\/2019\/06\/Amazon-300x73.png 300w, https:\/\/www.chiwava.com\/wp-content\/uploads\/2019\/06\/Amazon.png 364w\" sizes=\"auto, (max-width: 300px) 100vw, 300px\" \/><\/a><\/p>\n<p>Chiwava 3 Pack 3.1 &quot;Squeak Latex Puppy Toy Lovely Standing Animal Sets Pet Jeu interactif pour petits chiens Couleur assortie<\/p>\n<hr \/>\n<p>\u2764 Fabriqu\u00e9 avec du caoutchouc latex non toxique, crit\u00e8re de d\u00e9tection EU CE EN71 (Jouets)<\/p>\n<p>\u2764 Squeeze Squeak, pas de farce<\/p>\n<p>\u2764 Son de mastication interactif pour chiens et jeu de r\u00e9cup\u00e9ration \u00e0 l&#039;int\u00e9rieur en plein air<\/p>\n<p>\u2764 Contient 3 jouets de formes diff\u00e9rentes, \u00e9l\u00e9phant dr\u00f4le, vache et cochon<\/p>\n<p>\u2764 Convient aux petits chiens - Moins de 11 kg (24,25 lb) \u2026 <span class=\"more-button\"><a href=\"https:\/\/www.chiwava.com\/fr\/produit\/dtl00069-a\/\" class=\"more-link\">Continuer<span class=\"screen-reader-text\">Chiwava Lot de 3 jouets pour chiots en latex Squeak de 8,9 cm<\/span><\/a><\/span><\/p>","protected":false},"featured_media":76830,"template":"","meta":[],"product_brand":[],"product_cat":[16,286,15],"product_tag":[21,18,20],"class_list":{"0":"post-566","1":"product","2":"type-product","3":"status-publish","4":"has-post-thumbnail","6":"product_cat-dog_toys","7":"product_cat-latex-dog-toys","8":"product_cat-pet_toys","9":"product_tag-latex-dog-toys","10":"product_tag-small-dog-toys","11":"product_tag-squeaky-dog-toys","13":"first","14":"instock","15":"shipping-taxable","16":"product-type-simple"},"_links":{"self":[{"href":"https:\/\/www.chiwava.com\/fr\/wp-json\/wp\/v2\/product\/566","targetHints":{"allow":["GET"]}}],"collection":[{"href":"https:\/\/www.chiwava.com\/fr\/wp-json\/wp\/v2\/product"}],"about":[{"href":"https:\/\/www.chiwava.com\/fr\/wp-json\/wp\/v2\/types\/product"}],"wp:featuredmedia":[{"embeddable":true,"href":"https:\/\/www.chiwava.com\/fr\/wp-json\/wp\/v2\/media\/76830"}],"wp:attachment":[{"href":"https:\/\/www.chiwava.com\/fr\/wp-json\/wp\/v2\/media?parent=566"}],"wp:term":[{"taxonomy":"product_brand","embeddable":true,"href":"https:\/\/www.chiwava.com\/fr\/wp-json\/wp\/v2\/product_brand?post=566"},{"taxonomy":"product_cat","embeddable":true,"href":"https:\/\/www.chiwava.com\/fr\/wp-json\/wp\/v2\/product_cat?post=566"},{"taxonomy":"product_tag","embeddable":true,"href":"https:\/\/www.chiwava.com\/fr\/wp-json\/wp\/v2\/product_tag?post=566"}],"curies":[{"name":"wp","href":"https:\/\/api.w.org\/{rel}","templated":true}]}}