{"id":565,"date":"2019-09-26T02:37:10","date_gmt":"2019-09-26T02:37:10","guid":{"rendered":"https:\/\/www.chiwava.com\/?post_type=product&#038;p=565"},"modified":"2025-10-10T06:46:18","modified_gmt":"2025-10-10T06:46:18","slug":"dtl19036","status":"publish","type":"product","link":"https:\/\/www.chiwava.com\/fr\/produit\/dtl19036\/","title":{"rendered":"Chiwava Lot de 4 boules de sourire plat en caoutchouc latex Squeeze Squeaky Toy"},"content":{"rendered":"<p>Les boules de sourire Chiwava Flat sont en latex naturel. NON TOXIQUE. Le rev\u00eatement du jouet est agr\u00e9able au toucher et doux, facile \u00e0 nettoyer. avoir un petit haut-parleur qui produit un son attrayant lorsque vous le pressez. Peut \u00eatre utilis\u00e9 \u00e0 l&#039;int\u00e9rieur ou \u00e0 l&#039;ext\u00e9rieur. L\u00e9ger et facile \u00e0 emporter \u00e0 l&#039;ext\u00e9rieur. C&#039;est un jouet que vous pouvez jouer en jetant ou en jouant les uns avec les autres.<\/p>","protected":false},"excerpt":{"rendered":"<p><a href=\"https:\/\/www.chiwava.com\/fr\/boutique-de-marque\/\"><img loading=\"lazy\" decoding=\"async\" class=\"alignnone size-medium wp-image-94\" src=\"https:\/\/www.chiwava.com\/wp-content\/uploads\/2019\/06\/Amazon-300x73.png\" alt=\"\" width=\"300\" height=\"73\" srcset=\"https:\/\/www.chiwava.com\/wp-content\/uploads\/2019\/06\/Amazon-300x73.png 300w, https:\/\/www.chiwava.com\/wp-content\/uploads\/2019\/06\/Amazon.png 364w\" sizes=\"auto, (max-width: 300px) 100vw, 300px\" \/><\/a><\/p>\n<p><span id=\"productTitle\" class=\"a-size-large\">Chiwava Lot de 4 petits jouets pour chiens pour chiens interactifs Latex Caoutchouc Flat Smile Balls Squeeze Squeaky Toy Fetch Play<\/span><\/p>\n<hr \/>\n<p>\u2764 Fabriqu\u00e9 avec du caoutchouc latex non toxique, crit\u00e8re de d\u00e9tection EU CE EN71 (Jouets)<\/p>\n<p>\u2764 Soft, Squeeze Squeak, Flat Face Ball, Pas de rembourrage<\/p>\n<p>\u2764 Son de mastication interactif pour chiens et jeu de r\u00e9cup\u00e9ration \u00e0 l&#039;int\u00e9rieur en plein air<\/p>\n<p>\u2764 Contient 4 balles de couleurs diff\u00e9rentes, id\u00e9ales pour aller chercher et tirer<\/p>\n<p>\u2764 Convient aux petits chiens - Moins de 11 kg (24,25 lb) \u2026 <span class=\"more-button\"><a href=\"https:\/\/www.chiwava.com\/fr\/produit\/dtl19036\/\" class=\"more-link\">Continuer<span class=\"screen-reader-text\">Chiwava Lot de 4 boules de sourire plat en caoutchouc latex Squeeze Squeaky Toy<\/span><\/a><\/span><\/p>","protected":false},"featured_media":1618,"template":"","meta":[],"product_brand":[],"product_cat":[16,286,15],"product_tag":[21,18,20],"class_list":{"0":"post-565","1":"product","2":"type-product","3":"status-publish","4":"has-post-thumbnail","6":"product_cat-dog_toys","7":"product_cat-latex-dog-toys","8":"product_cat-pet_toys","9":"product_tag-latex-dog-toys","10":"product_tag-small-dog-toys","11":"product_tag-squeaky-dog-toys","13":"first","14":"instock","15":"shipping-taxable","16":"product-type-simple"},"_links":{"self":[{"href":"https:\/\/www.chiwava.com\/fr\/wp-json\/wp\/v2\/product\/565","targetHints":{"allow":["GET"]}}],"collection":[{"href":"https:\/\/www.chiwava.com\/fr\/wp-json\/wp\/v2\/product"}],"about":[{"href":"https:\/\/www.chiwava.com\/fr\/wp-json\/wp\/v2\/types\/product"}],"wp:featuredmedia":[{"embeddable":true,"href":"https:\/\/www.chiwava.com\/fr\/wp-json\/wp\/v2\/media\/1618"}],"wp:attachment":[{"href":"https:\/\/www.chiwava.com\/fr\/wp-json\/wp\/v2\/media?parent=565"}],"wp:term":[{"taxonomy":"product_brand","embeddable":true,"href":"https:\/\/www.chiwava.com\/fr\/wp-json\/wp\/v2\/product_brand?post=565"},{"taxonomy":"product_cat","embeddable":true,"href":"https:\/\/www.chiwava.com\/fr\/wp-json\/wp\/v2\/product_cat?post=565"},{"taxonomy":"product_tag","embeddable":true,"href":"https:\/\/www.chiwava.com\/fr\/wp-json\/wp\/v2\/product_tag?post=565"}],"curies":[{"name":"wp","href":"https:\/\/api.w.org\/{rel}","templated":true}]}}