{"id":537,"date":"2019-09-11T05:55:33","date_gmt":"2019-09-11T05:55:33","guid":{"rendered":"https:\/\/www.chiwava.com\/?post_type=product&#038;p=537"},"modified":"2023-10-08T05:52:36","modified_gmt":"2023-10-08T05:52:36","slug":"ctm12002","status":"publish","type":"product","link":"https:\/\/www.chiwava.com\/fr\/produit\/ctm12002\/","title":{"rendered":"Chiwava Lot de 4 souris en peluche douce de 38,1 cm de long avec hochet"},"content":{"rendered":"<p>Le lot de 4 longues souris en peluche est une excellente offre si votre petit gars aime cacher ses jouets partout. Sp\u00e9cialement con\u00e7u 2 souris sans cloche pour un jeu silencieux. Le chat peut facilement attraper les souris la nuit sans faire de bruit et sans interrompre votre sommeil. Id\u00e9al pour les jouets de sommeil, ayez un compagnon lorsque vous dormez. 2 souris avec cloche, ne vous ennuierez pas lorsque vous jouez avec votre chat, longue queue en peluche, vous pouvez taquiner avec une queue ou jouer avec votre chaton. Pour un jeu int\u00e9rieur ind\u00e9pendant et interactif.<\/p>","protected":false},"excerpt":{"rendered":"<p>Chiwava 4 paquets de 15 pouces de long doux en peluche chat jouets souris avec hochet bruissement son petite souris activit\u00e9 jouet interactif<\/p>\n<hr \/>\n<ul class=\"a-unordered-list a-vertical a-spacing-none\">\n<li>Fabriqu\u00e9 en peau de souris en fourrure synth\u00e9tique et en plastique. Crit\u00e8re de d\u00e9tection EU CE EN71 (Jouets)<\/li>\n<li>Conception de queue et de hochet de bruit de bruit, plus d&#039;excitation et d&#039;amusement<\/li>\n<li>Id\u00e9al pour la chasse, bondir, interactif, jouet endormi, int\u00e9rieur et jouer.<\/li>\n<li><span class=\"a-list-item\">Taille : longueur : 37 cm\/14,6\u2033, largeur : 2,5 cm\/1\u2033, hauteur : 2,5 cm\/1\u2033 ; Poids\u00a0: 8\u00a0g\/PC<\/span><\/li>\n<li><span class=\"a-list-item\">Contenu : 4 paquets par sac en filet, poids : 39 g.<\/span><\/li>\n<\/ul>\n<p> \u2026 <span class=\"more-button\"><a href=\"https:\/\/www.chiwava.com\/fr\/produit\/ctm12002\/\" class=\"more-link\">Continuer<span class=\"screen-reader-text\">Chiwava Lot de 4 souris en peluche douce de 38,1 cm de long avec hochet<\/span><\/a><\/span><\/p>","protected":false},"featured_media":75953,"template":"","meta":[],"product_brand":[],"product_cat":[17,15],"product_tag":[45,44,54],"class_list":{"0":"post-537","1":"product","2":"type-product","3":"status-publish","4":"has-post-thumbnail","6":"product_cat-cat_toys","7":"product_cat-pet_toys","8":"product_tag-catnip-cat-toys-mice","9":"product_tag-furry-cat-mice","10":"product_tag-rattle-cat-mice","12":"first","13":"instock","14":"shipping-taxable","15":"product-type-simple"},"_links":{"self":[{"href":"https:\/\/www.chiwava.com\/fr\/wp-json\/wp\/v2\/product\/537","targetHints":{"allow":["GET"]}}],"collection":[{"href":"https:\/\/www.chiwava.com\/fr\/wp-json\/wp\/v2\/product"}],"about":[{"href":"https:\/\/www.chiwava.com\/fr\/wp-json\/wp\/v2\/types\/product"}],"wp:featuredmedia":[{"embeddable":true,"href":"https:\/\/www.chiwava.com\/fr\/wp-json\/wp\/v2\/media\/75953"}],"wp:attachment":[{"href":"https:\/\/www.chiwava.com\/fr\/wp-json\/wp\/v2\/media?parent=537"}],"wp:term":[{"taxonomy":"product_brand","embeddable":true,"href":"https:\/\/www.chiwava.com\/fr\/wp-json\/wp\/v2\/product_brand?post=537"},{"taxonomy":"product_cat","embeddable":true,"href":"https:\/\/www.chiwava.com\/fr\/wp-json\/wp\/v2\/product_cat?post=537"},{"taxonomy":"product_tag","embeddable":true,"href":"https:\/\/www.chiwava.com\/fr\/wp-json\/wp\/v2\/product_tag?post=537"}],"curies":[{"name":"wp","href":"https:\/\/api.w.org\/{rel}","templated":true}]}}