{"id":293,"date":"2019-06-24T08:40:54","date_gmt":"2019-06-24T08:40:54","guid":{"rendered":"http:\/\/pending.chiwava.com\/?post_type=product&#038;p=293"},"modified":"2025-09-26T08:27:25","modified_gmt":"2025-09-26T08:27:25","slug":"cts00026-mx","status":"publish","type":"product","link":"https:\/\/www.chiwava.com\/fr\/produit\/cts00026-mx\/","title":{"rendered":"Chiwava 12 paquets de jouets pour chat en mousse de 1,7 pouces Boule de couleur arc-en-ciel"},"content":{"rendered":"<p>Lot de 12 balles, vous n'avez donc pas \u00e0 vous inqui\u00e9ter de perdre les jouets dans la maison. Les chats sont des animaux nocturnes, et beaucoup d'entre eux aiment se promener dans l'appartement la nuit. Sp\u00e9cialement con\u00e7u pour les jeux silencieux, il peut n\u00e9anmoins int\u00e9resser votre adorable chat gr\u00e2ce \u00e0 son design tr\u00e8s color\u00e9 et \u00e0 sa l\u00e9g\u00e8ret\u00e9. Les balles en mousse sont douces au toucher et ne sont pas trop molles, ce qui en fait des jouets \u00e0 longue dur\u00e9e de vie. Votre chat peut facilement faire rouler et chasser la balle la nuit sans faire de bruit et sans interrompre votre sommeil.<\/p>","protected":false},"excerpt":{"rendered":"<p><a href=\"https:\/\/www.chiwava.com\/fr\/boutique-de-marque\/\"><img loading=\"lazy\" decoding=\"async\" class=\"alignnone size-medium wp-image-94\" src=\"https:\/\/www.chiwava.com\/wp-content\/uploads\/2019\/06\/Amazon-300x73.png\" alt=\"\" width=\"300\" height=\"73\" srcset=\"https:\/\/www.chiwava.com\/wp-content\/uploads\/2019\/06\/Amazon-300x73.png 300w, https:\/\/www.chiwava.com\/wp-content\/uploads\/2019\/06\/Amazon.png 364w\" sizes=\"auto, (max-width: 300px) 100vw, 300px\" \/><\/a><br \/>\nChiwava 12 Pack 1.7 Inch Foam Cat Toys Ball Rainbow Color Balls Kitten Activity Chase Quiet Play Mix Color<\/p>\n<hr \/>\n<ul class=\"a-unordered-list a-vertical a-spacing-none\">\n<li><span class=\"a-list-item\">Ballon l\u00e9ger, fabriqu\u00e9 en mousse EVA.<\/span><\/li>\n<li><span class=\"a-list-item\">Boules arc-en-ciel color\u00e9es<\/span><\/li>\n<li><span class=\"a-list-item\">Jouets de jeu silencieux pour chat<\/span><\/li>\n<li><span class=\"a-list-item\">Paquet de 12 jouets pour chats en vrac<\/span><\/li>\n<li><span class=\"a-list-item\">Id\u00e9al pour le jeu interactif ou ind\u00e9pendant, facile \u00e0 rouler et \u00e0 chasser<\/span><\/li>\n<\/ul>\n<p> \u2026 <span class=\"more-button\"><a href=\"https:\/\/www.chiwava.com\/fr\/produit\/cts00026-mx\/\" class=\"more-link\">Continuer<span class=\"screen-reader-text\">Chiwava 12 paquets de jouets pour chat en mousse de 1,7 pouces Boule de couleur arc-en-ciel<\/span><\/a><\/span><\/p>","protected":false},"featured_media":0,"template":"","meta":[],"product_brand":[],"product_cat":[17,15],"product_tag":[31,33,34],"class_list":{"0":"post-293","1":"product","2":"type-product","3":"status-publish","5":"product_cat-cat_toys","6":"product_cat-pet_toys","7":"product_tag-cat-mice-for-kids","8":"product_tag-cat-toy-balls","9":"product_tag-cat-toys-for-adult","11":"first","12":"instock","13":"shipping-taxable","14":"product-type-simple"},"_links":{"self":[{"href":"https:\/\/www.chiwava.com\/fr\/wp-json\/wp\/v2\/product\/293","targetHints":{"allow":["GET"]}}],"collection":[{"href":"https:\/\/www.chiwava.com\/fr\/wp-json\/wp\/v2\/product"}],"about":[{"href":"https:\/\/www.chiwava.com\/fr\/wp-json\/wp\/v2\/types\/product"}],"wp:attachment":[{"href":"https:\/\/www.chiwava.com\/fr\/wp-json\/wp\/v2\/media?parent=293"}],"wp:term":[{"taxonomy":"product_brand","embeddable":true,"href":"https:\/\/www.chiwava.com\/fr\/wp-json\/wp\/v2\/product_brand?post=293"},{"taxonomy":"product_cat","embeddable":true,"href":"https:\/\/www.chiwava.com\/fr\/wp-json\/wp\/v2\/product_cat?post=293"},{"taxonomy":"product_tag","embeddable":true,"href":"https:\/\/www.chiwava.com\/fr\/wp-json\/wp\/v2\/product_tag?post=293"}],"curies":[{"name":"wp","href":"https:\/\/api.w.org\/{rel}","templated":true}]}}