{"id":2879,"date":"2020-10-19T02:02:06","date_gmt":"2020-10-19T02:02:06","guid":{"rendered":"https:\/\/www.chiwava.com\/?post_type=product&#038;p=2879"},"modified":"2025-10-10T06:46:14","modified_gmt":"2025-10-10T06:46:14","slug":"dtl19040-2pcs","status":"publish","type":"product","link":"https:\/\/www.chiwava.com\/fr\/produit\/dtl19040-2pcs\/","title":{"rendered":"Chiwava Lot de 2 jouets pour chien en latex grin\u00e7ant Poulet debout Couleur assortie"},"content":{"rendered":"<p>Les jouets Chiwava sont fabriqu\u00e9s en latex naturel et peints \u00e0 la main avec de la peinture sans plomb, NON-TOXIQUE. Le jouet est de couleur bleu vif avec une mignonne t\u00eate de canard. Rembourr\u00e9 en peluche, il est agr\u00e9able au toucher et doux, facile \u00e0 nettoyer. Le jouet a la forme d'un long corps debout, gr\u00e2ce au caoutchouc, il peut s'\u00e9tirer et tirer sans se casser. Il comprend un couineur qui \u00e9met un bon son lorsque vous le pressez. Id\u00e9al pour les jeux interactifs, le jouet d'int\u00e9rieur et d'ext\u00e9rieur pour aller chercher, procure des heures d'amusement en couinant.<\/p>","protected":false},"excerpt":{"rendered":"<p><a href=\"https:\/\/www.chiwava.com\/fr\/boutique-de-marque\/\"><img loading=\"lazy\" decoding=\"async\" class=\"alignnone size-medium wp-image-94\" src=\"https:\/\/www.chiwava.com\/wp-content\/uploads\/2019\/06\/Amazon-300x73.png\" alt=\"\" width=\"300\" height=\"73\" srcset=\"https:\/\/www.chiwava.com\/wp-content\/uploads\/2019\/06\/Amazon-300x73.png 300w, https:\/\/www.chiwava.com\/wp-content\/uploads\/2019\/06\/Amazon.png 364w\" sizes=\"auto, (max-width: 300px) 100vw, 300px\" \/><\/a><\/p>\n<p><span style=\"vertical-align: inherit\"><span style=\"vertical-align: inherit\">Chiwava Jouets pour chien en latex grin\u00e7ant Jouet interactif en forme de poulet pour petit chien de taille moyenne Couleur assortie<\/span><\/span><\/p>\n<hr \/>\n<ul>\n<li><em><span class=\"a-list-item\">Fabriqu\u00e9 en caoutchouc latex non toxique, crit\u00e8re de d\u00e9tection UE CE EN71 (jouets).<\/span><\/em><\/li>\n<li><em><span class=\"a-list-item\">Fait un bruit sourd lorsqu'on le presse, design de poulet et de canard, rembourr\u00e9 en peluche.<\/span><\/em><\/li>\n<li><em><span class=\"a-list-item\">Parfait pour l'entra\u00eenement, le soulagement de l'ennui, l'att\u00e9nuation du stress et le divertissement.<\/span><\/em><\/li>\n<li><em><span class=\"a-list-item\">Jouet interactif pour l'int\u00e9rieur et l'ext\u00e9rieur. 2PCS par bo\u00eete.<\/span><\/em><\/li>\n<li><em><span class=\"a-list-item\">Convient aux chiens moyens et grands de 10 \u00e0 40 kg (22 \u00e0 88 lb).<\/span><\/em><\/li>\n<\/ul>\n<p> \u2026 <span class=\"more-button\"><a href=\"https:\/\/www.chiwava.com\/fr\/produit\/dtl19040-2pcs\/\" class=\"more-link\">Continuer<span class=\"screen-reader-text\">Chiwava Lot de 2 jouets pour chien en latex grin\u00e7ant Poulet debout Couleur assortie<\/span><\/a><\/span><\/p>","protected":false},"featured_media":77908,"template":"","meta":[],"product_brand":[],"product_cat":[16,286,15],"product_tag":[20],"class_list":{"0":"post-2879","1":"product","2":"type-product","3":"status-publish","4":"has-post-thumbnail","6":"product_cat-dog_toys","7":"product_cat-latex-dog-toys","8":"product_cat-pet_toys","9":"product_tag-squeaky-dog-toys","11":"first","12":"instock","13":"shipping-taxable","14":"product-type-simple"},"_links":{"self":[{"href":"https:\/\/www.chiwava.com\/fr\/wp-json\/wp\/v2\/product\/2879","targetHints":{"allow":["GET"]}}],"collection":[{"href":"https:\/\/www.chiwava.com\/fr\/wp-json\/wp\/v2\/product"}],"about":[{"href":"https:\/\/www.chiwava.com\/fr\/wp-json\/wp\/v2\/types\/product"}],"wp:featuredmedia":[{"embeddable":true,"href":"https:\/\/www.chiwava.com\/fr\/wp-json\/wp\/v2\/media\/77908"}],"wp:attachment":[{"href":"https:\/\/www.chiwava.com\/fr\/wp-json\/wp\/v2\/media?parent=2879"}],"wp:term":[{"taxonomy":"product_brand","embeddable":true,"href":"https:\/\/www.chiwava.com\/fr\/wp-json\/wp\/v2\/product_brand?post=2879"},{"taxonomy":"product_cat","embeddable":true,"href":"https:\/\/www.chiwava.com\/fr\/wp-json\/wp\/v2\/product_cat?post=2879"},{"taxonomy":"product_tag","embeddable":true,"href":"https:\/\/www.chiwava.com\/fr\/wp-json\/wp\/v2\/product_tag?post=2879"}],"curies":[{"name":"wp","href":"https:\/\/api.w.org\/{rel}","templated":true}]}}