{"id":277,"date":"2019-06-24T08:37:14","date_gmt":"2019-06-24T08:37:14","guid":{"rendered":"http:\/\/pending.chiwava.com\/?post_type=product&#038;p=277"},"modified":"2026-02-06T09:00:17","modified_gmt":"2026-02-06T09:00:17","slug":"ctm18023-ac-24pcs","status":"publish","type":"product","link":"https:\/\/www.chiwava.com\/fr\/produit\/ctm18023-ac-24pcs\/","title":{"rendered":"Chiwava Lot de 24 hochets pour chat de 12,7 cm avec plume"},"content":{"rendered":"<p>Bo\u00eete de 24 souris arc-en-ciel color\u00e9es, une bonne affaire pour ceux qui en ont assez d&#039;acheter une souris chaque semaine et d&#039;essayer de la trouver sous le canap\u00e9 apr\u00e8s que votre petit chasseur ait cach\u00e9 son troph\u00e9e. Vous pouvez simplement imaginer l&#039;excitation qui se cr\u00e9e \u00e0 l&#039;int\u00e9rieur chaque fois que vous apportez des jouets pour que votre f\u00e9lin puisse jouer. Le design r\u00e9aliste de nos souris est con\u00e7u de telle mani\u00e8re qu&#039;il stimule l&#039;instinct int\u00e9rieur de chasseur de votre compagnon \u00e0 quatre pattes. Nos souris sont fabriqu\u00e9es \u00e0 partir de plastique durable mais l\u00e9ger, recouvertes d&#039;une corde arc-en-ciel color\u00e9e, certaines d&#039;entre elles ont des perles ou du sable \u00e0 l&#039;int\u00e9rieur et cr\u00e9ent un son de hochet qui peut \u00eatre plus int\u00e9ressant et attrayant pour votre chat. La partie la plus excitante de la souris est une queue de plume color\u00e9e, vous pouvez la taquiner et vous amuser davantage. Peut \u00eatre utilis\u00e9 pour le jeu ind\u00e9pendant \u00e0 l&#039;int\u00e9rieur, le jeu interactif ou le jeu de rattrapage.<\/p>","protected":false},"excerpt":{"rendered":"<p><a href=\"https:\/\/www.chiwava.com\/fr\/boutique-de-marque\/\"><img loading=\"lazy\" decoding=\"async\" class=\"alignnone size-medium wp-image-94\" src=\"https:\/\/www.chiwava.com\/wp-content\/uploads\/2019\/06\/Amazon-300x73.png\" alt=\"\" width=\"300\" height=\"73\" srcset=\"https:\/\/www.chiwava.com\/wp-content\/uploads\/2019\/06\/Amazon-300x73.png 300w, https:\/\/www.chiwava.com\/wp-content\/uploads\/2019\/06\/Amazon.png 364w\" sizes=\"auto, (max-width: 300px) 100vw, 300px\" \/><\/a><br \/>\nChiwava 24 Pack 5 Pouces Hochet Chat Jouets Souris avec Plume Arc-En-Ciel Corde Souris Chaton Jouet Interactif Couleur Assortie<\/p>\n<hr \/>\n<ul class=\"a-unordered-list a-vertical a-spacing-none\">\n<li><span class=\"a-list-item\">Corde de couleur arc-en-ciel \u00e0 l&#039;ext\u00e9rieur et plastique \u00e0 l&#039;int\u00e9rieur.<\/span><\/li>\n<li><span class=\"a-list-item\">Rattle Design et Feather Design apporteront beaucoup de plaisir et d&#039;\u00e9nergie \u00e0 vos animaux de compagnie.<\/span><\/li>\n<li><span class=\"a-list-item\">Id\u00e9al pour les jouets interactifs, ils fournissent un exutoire sain pour les instincts de chasse naturels d&#039;un chat.<\/span><\/li>\n<li><span class=\"a-list-item\">Taille : longueur : 4,5 cm\/1,8\u2033, hauteur : 1,5 cm\/0,6\u2033 ; Queue : 8cm\/3.1\u2033. Poids : 3 g\/PC.<\/span><\/li>\n<li><span class=\"a-list-item\">Contenu : 24 pi\u00e8ces par bo\u00eete PDQ (livraison de couleurs al\u00e9atoires), poids : 141 g.<\/span><\/li>\n<\/ul>\n<p> \u2026 <span class=\"more-button\"><a href=\"https:\/\/www.chiwava.com\/fr\/produit\/ctm18023-ac-24pcs\/\" class=\"more-link\">Continuer<span class=\"screen-reader-text\">Chiwava Lot de 24 hochets pour chat de 12,7 cm avec plume<\/span><\/a><\/span><\/p>","protected":false},"featured_media":75997,"template":"","meta":[],"product_brand":[],"product_cat":[17,15],"product_tag":[31,25],"class_list":{"0":"post-277","1":"product","2":"type-product","3":"status-publish","4":"has-post-thumbnail","6":"product_cat-cat_toys","7":"product_cat-pet_toys","8":"product_tag-cat-mice-for-kids","9":"product_tag-cat-toys-mice","11":"first","12":"instock","13":"shipping-taxable","14":"product-type-simple"},"_links":{"self":[{"href":"https:\/\/www.chiwava.com\/fr\/wp-json\/wp\/v2\/product\/277","targetHints":{"allow":["GET"]}}],"collection":[{"href":"https:\/\/www.chiwava.com\/fr\/wp-json\/wp\/v2\/product"}],"about":[{"href":"https:\/\/www.chiwava.com\/fr\/wp-json\/wp\/v2\/types\/product"}],"wp:featuredmedia":[{"embeddable":true,"href":"https:\/\/www.chiwava.com\/fr\/wp-json\/wp\/v2\/media\/75997"}],"wp:attachment":[{"href":"https:\/\/www.chiwava.com\/fr\/wp-json\/wp\/v2\/media?parent=277"}],"wp:term":[{"taxonomy":"product_brand","embeddable":true,"href":"https:\/\/www.chiwava.com\/fr\/wp-json\/wp\/v2\/product_brand?post=277"},{"taxonomy":"product_cat","embeddable":true,"href":"https:\/\/www.chiwava.com\/fr\/wp-json\/wp\/v2\/product_cat?post=277"},{"taxonomy":"product_tag","embeddable":true,"href":"https:\/\/www.chiwava.com\/fr\/wp-json\/wp\/v2\/product_tag?post=277"}],"curies":[{"name":"wp","href":"https:\/\/api.w.org\/{rel}","templated":true}]}}