{"id":2723,"date":"2020-09-30T02:15:35","date_gmt":"2020-09-30T02:15:35","guid":{"rendered":"https:\/\/www.chiwava.com\/?post_type=product&#038;p=2723"},"modified":"2025-10-10T06:46:14","modified_gmt":"2025-10-10T06:46:14","slug":"dtl19030-yl","status":"publish","type":"product","link":"https:\/\/www.chiwava.com\/fr\/produit\/dtl19030-yl\/","title":{"rendered":"Chiwava 7.4 Inch Large Latex Pig Chien Jouet Couleur Jaune"},"content":{"rendered":"<p>Les jouets pour cochon grognant Chiwava sont fabriqu\u00e9s \u00e0 partir de latex naturel, NON TOXIQUE, le rev\u00eatement est agr\u00e9able au toucher et doux (remplissage \u00e0 l&#039;int\u00e9rieur et tube de grognement). Facile \u00e0 nettoyer. En raison de la forme du corps et du mat\u00e9riau en caoutchouc, peut \u00eatre un peu rebondissant. Chaque jouet peut grogner lorsque vous le pressez, imitez le vrai son de cochon. Ces jouets bons pour jouer \u00e0 l&#039;ext\u00e9rieur et \u00e0 la maison, ont un poids l\u00e9ger. Vous pouvez jouer \u00e0 rapporter et ou simplement laisser votre chien jouer de mani\u00e8re ind\u00e9pendante. Votre chien peut le m\u00e2cher et le presser et peut \u00eatre occup\u00e9 et heureux toute la journ\u00e9e.<\/p>","protected":false},"excerpt":{"rendered":"<p><a href=\"https:\/\/www.chiwava.com\/fr\/boutique-de-marque\/\"><img loading=\"lazy\" decoding=\"async\" class=\"alignnone size-medium wp-image-94\" src=\"https:\/\/www.chiwava.com\/wp-content\/uploads\/2019\/06\/Amazon-300x73.png\" alt=\"\" width=\"300\" height=\"73\" srcset=\"https:\/\/www.chiwava.com\/wp-content\/uploads\/2019\/06\/Amazon-300x73.png 300w, https:\/\/www.chiwava.com\/wp-content\/uploads\/2019\/06\/Amazon.png 364w\" sizes=\"auto, (max-width: 300px) 100vw, 300px\" \/><\/a><br \/>\nChiwava 7,4 Pouces Grand Cochon Chien Jouet pour Chiens Latex Caoutchouc Squeeze Grognement Son Jeu Interactif Couleur Jaune<\/p>\n<hr \/>\n<p>\u2764 Fabriqu\u00e9 avec du caoutchouc latex non toxique, crit\u00e8re de d\u00e9tection US FDA CFR 21 (articles en caoutchouc) \/ EU CE EN71 (jouets)<\/p>\n<p>\u2764 \u00c9pines douces \u00e0 l&#039;arri\u00e8re, son de grognement, peluche farcie, rembourrage en peluche.<\/p>\n<p>\u2764 Son de mastication interactif pour chiens et jeu de r\u00e9cup\u00e9ration \u00e0 l&#039;int\u00e9rieur en plein air<\/p>\n<p>\u2764 Forme de cochon couleur bonbon, emballage : 1 pi\u00e8ce par sac en filet.<\/p>\n<p>\u2764 Convient aux grands chiens - 31 ~ 40 kg (68,3 ~ 88,2 lb) \u2026 <span class=\"more-button\"><a href=\"https:\/\/www.chiwava.com\/fr\/produit\/dtl19030-yl\/\" class=\"more-link\">Continuer<span class=\"screen-reader-text\">Chiwava 7.4 Inch Large Latex Pig Chien Jouet Couleur Jaune<\/span><\/a><\/span><\/p>","protected":false},"featured_media":2730,"template":"","meta":[],"product_brand":[],"product_cat":[16,286,15],"product_tag":[29,21,27],"class_list":{"0":"post-2723","1":"product","2":"type-product","3":"status-publish","4":"has-post-thumbnail","6":"product_cat-dog_toys","7":"product_cat-latex-dog-toys","8":"product_cat-pet_toys","9":"product_tag-large-dog-toys","10":"product_tag-latex-dog-toys","11":"product_tag-pig-dog-toys","13":"first","14":"instock","15":"shipping-taxable","16":"product-type-simple"},"_links":{"self":[{"href":"https:\/\/www.chiwava.com\/fr\/wp-json\/wp\/v2\/product\/2723","targetHints":{"allow":["GET"]}}],"collection":[{"href":"https:\/\/www.chiwava.com\/fr\/wp-json\/wp\/v2\/product"}],"about":[{"href":"https:\/\/www.chiwava.com\/fr\/wp-json\/wp\/v2\/types\/product"}],"wp:featuredmedia":[{"embeddable":true,"href":"https:\/\/www.chiwava.com\/fr\/wp-json\/wp\/v2\/media\/2730"}],"wp:attachment":[{"href":"https:\/\/www.chiwava.com\/fr\/wp-json\/wp\/v2\/media?parent=2723"}],"wp:term":[{"taxonomy":"product_brand","embeddable":true,"href":"https:\/\/www.chiwava.com\/fr\/wp-json\/wp\/v2\/product_brand?post=2723"},{"taxonomy":"product_cat","embeddable":true,"href":"https:\/\/www.chiwava.com\/fr\/wp-json\/wp\/v2\/product_cat?post=2723"},{"taxonomy":"product_tag","embeddable":true,"href":"https:\/\/www.chiwava.com\/fr\/wp-json\/wp\/v2\/product_tag?post=2723"}],"curies":[{"name":"wp","href":"https:\/\/api.w.org\/{rel}","templated":true}]}}