{"id":265,"date":"2019-06-24T08:32:55","date_gmt":"2019-06-24T08:32:55","guid":{"rendered":"http:\/\/pending.chiwava.com\/?post_type=product&#038;p=265"},"modified":"2023-10-08T07:17:54","modified_gmt":"2023-10-08T07:17:54","slug":"ctm00169-45pcs","status":"publish","type":"product","link":"https:\/\/www.chiwava.com\/fr\/produit\/ctm00169-45pcs\/","title":{"rendered":"Chiwava Lot de 45 boules en mylar de 4,1 cm jouet pour chat boule froiss\u00e9e brillante"},"content":{"rendered":"<p>Chiwawa Mylar Balls est une distraction pour chat simple mais puissante. 24 balles brillantes et r\u00e9fl\u00e9chissantes en set. Les boules sont faites d&#039;un film de mylar doux et l\u00e9ger, les couches sont serr\u00e9es et cr\u00e9ent une boule luxuriante. En raison de la structure froiss\u00e9e, il est facile de cr\u00e9er des sons de craquement qui seront attrayants pour votre chat. Id\u00e9al pour le jeu interactif ou ind\u00e9pendant, vos animaux de compagnie peuvent facilement transporter le ballon ou m\u00eame lancer en l&#039;air, l\u00e9ger et facile \u00e0 frapper. apporter beaucoup de plaisir et d&#039;\u00e9nergie, en particulier la p\u00e9riode stressante du printemps.<\/p>","protected":false},"excerpt":{"rendered":"<p><a href=\"https:\/\/www.chiwava.com\/fr\/boutique-de-marque\/\"><img loading=\"lazy\" decoding=\"async\" class=\"alignnone size-medium wp-image-94\" src=\"https:\/\/www.chiwava.com\/wp-content\/uploads\/2019\/06\/Amazon-300x73.png\" alt=\"\" width=\"300\" height=\"73\" srcset=\"https:\/\/www.chiwava.com\/wp-content\/uploads\/2019\/06\/Amazon-300x73.png 300w, https:\/\/www.chiwava.com\/wp-content\/uploads\/2019\/06\/Amazon.png 364w\" sizes=\"auto, (max-width: 300px) 100vw, 300px\" \/><\/a><br \/>\nChiwava Lot de 45 balles en mylar 4,1 cm<\/p>\n<hr \/>\n<ul class=\"a-unordered-list a-vertical a-spacing-none\">\n<li><span class=\"a-list-item\">Fabriqu\u00e9 en mat\u00e9riau Mylar doux et l\u00e9ger, texture froiss\u00e9e dans des couleurs m\u00e9talliques vives.<\/span><\/li>\n<li><span class=\"a-list-item\">Votre chaton deviendra fou avec le jouet balle pour chat qui fait un bruit de froissement lorsqu&#039;il joue.<\/span><\/li>\n<li><span class=\"a-list-item\">Id\u00e9al pour les jouets interactifs, apportez beaucoup de plaisir et d&#039;\u00e9nergie \u00e0 vos animaux de compagnie et les animaux de compagnie seront plus agiles et \u00e9nergiques.<\/span><\/li>\n<li><span class=\"a-list-item\">Diam\u00e8tre : 4 cm\/1,6\u2033, poids : 1 g\/PC.<\/span><\/li>\n<li><span class=\"a-list-item\">Contenu : 45 pi\u00e8ces par bo\u00eete PDQ (comme le montre l&#039;image), 45 pi\u00e8ces : 131 g.<\/span><\/li>\n<\/ul>\n<p> \u2026 <span class=\"more-button\"><a href=\"https:\/\/www.chiwava.com\/fr\/produit\/ctm00169-45pcs\/\" class=\"more-link\">Continuer<span class=\"screen-reader-text\">Chiwava Lot de 45 boules en mylar de 4,1 cm jouet pour chat boule froiss\u00e9e brillante<\/span><\/a><\/span><\/p>","protected":false},"featured_media":75656,"template":"","meta":[],"product_brand":[],"product_cat":[17,15],"product_tag":[31,33],"class_list":{"0":"post-265","1":"product","2":"type-product","3":"status-publish","4":"has-post-thumbnail","6":"product_cat-cat_toys","7":"product_cat-pet_toys","8":"product_tag-cat-mice-for-kids","9":"product_tag-cat-toy-balls","11":"first","12":"instock","13":"shipping-taxable","14":"product-type-simple"},"_links":{"self":[{"href":"https:\/\/www.chiwava.com\/fr\/wp-json\/wp\/v2\/product\/265","targetHints":{"allow":["GET"]}}],"collection":[{"href":"https:\/\/www.chiwava.com\/fr\/wp-json\/wp\/v2\/product"}],"about":[{"href":"https:\/\/www.chiwava.com\/fr\/wp-json\/wp\/v2\/types\/product"}],"wp:featuredmedia":[{"embeddable":true,"href":"https:\/\/www.chiwava.com\/fr\/wp-json\/wp\/v2\/media\/75656"}],"wp:attachment":[{"href":"https:\/\/www.chiwava.com\/fr\/wp-json\/wp\/v2\/media?parent=265"}],"wp:term":[{"taxonomy":"product_brand","embeddable":true,"href":"https:\/\/www.chiwava.com\/fr\/wp-json\/wp\/v2\/product_brand?post=265"},{"taxonomy":"product_cat","embeddable":true,"href":"https:\/\/www.chiwava.com\/fr\/wp-json\/wp\/v2\/product_cat?post=265"},{"taxonomy":"product_tag","embeddable":true,"href":"https:\/\/www.chiwava.com\/fr\/wp-json\/wp\/v2\/product_tag?post=265"}],"curies":[{"name":"wp","href":"https:\/\/api.w.org\/{rel}","templated":true}]}}